{"id":756,"date":"2025-04-29T03:14:06","date_gmt":"2025-04-29T03:14:06","guid":{"rendered":"https:\/\/eu.goodseed.com\/?post_type=product&#038;p=756"},"modified":"2025-12-05T01:29:51","modified_gmt":"2025-12-05T01:29:51","slug":"the-stranger-on-the-road-to-emmaus-korean","status":"publish","type":"product","link":"https:\/\/eu.goodseed.com\/fr\/product\/the-stranger-on-the-road-to-emmaus-korean\/","title":{"rendered":"L'\u00e9tranger sur le chemin d'Emma\u00fcs (cor\u00e9en)"},"content":{"rendered":"<div class=\"container 4661726c6579\">\n<div class=\"accordion-block\">\n<div id=\"accordion--description\" class=\"accordion-content is-open\" aria-hidden=\"false\">\n<div>\n<p>Dies ist die koreanische Ausgabe von &#8222;<a title=\"The Stranger on the Road to Emmaus\" href=\"https:\/\/ca.goodseed.com\/the-stranger-on-the-road-to-emmaus-english\/\">The Stranger on the Road to Emmaus<\/a>&#8222;.<\/p>\n<p>Es folgt die Beschreibung aus der englischen Ausgabe:<\/p>\n<p>\u201cThe Stranger on the Road to Emmaus\u201d gives a solid overview of the main message of the Bible. It ties together key Old and New Testament stories to reveal the identity of God and the nature of sin, all the time answering two questions: \u201cWho is Jesus?\u201d and \u201cWhat is the story of the cross and the tomb all about?\u201d It helps a person understand clearly what is the main message of Bible.<\/p>\n<p><em>\u201cThe Bible makes so much sense now!\u201d<\/em><\/p>\n<p>This book is ideal for people who come from a Christianized background, whether Catholic, Protestant or Orthodox. It assumes readers have a concept of only one God who is a person\u2014not a force.<\/p>\n<p><strong>Caract\u00e9ristiques<\/strong><\/p>\n<ul>\n<li><strong>\u00c9crit pour les adultes et les jeunes :<\/strong> Verstanden von Kindern ab 10 Jahren, aber geschrieben f\u00fcr Erwachsene und Jugendliche.<\/li>\n<li><strong>Hypoth\u00e8ses :<\/strong> Part du principe que lorsque les lecteurs pensent \u00e0 Dieu, ils ne pensent qu'\u00e0 un seul Dieu, et que Dieu est une personne, pas une force. Aucune autre connaissance biblique n'est requise.<\/li>\n<li><strong>Christlich gepr\u00e4gte Weltanschauung:<\/strong> Ideal f\u00fcr Leser, die aus einem vom Christentum gepr\u00e4gten Umfeld kommen, sei es katholisch, protestantisch oder orthodox.<\/li>\n<li><strong>Bas\u00e9 sur l'\u00e9vangile de Jean :<\/strong> Verwendet das Johannesevangelium als Vorlage; bietet gleichzeitig die notwendigen Hintergrundgeschichten, um dem Evangelium einen Kontext zu geben. Es wird davon ausgegangen, dass der Leser wenig oder gar nichts \u00fcber die Bibel wei\u00df.<\/li>\n<li><strong>Chronologiquement :<\/strong> Es beginnt mit der Erschaffung des Universums und geht dann der Reihe nach durch die Schl\u00fcsselgeschichten des Alten Testaments ins Neue Testament \u00fcber, um die Bedeutung des Kreuzes und des Grabes zu enth\u00fcllen. Die Hauptgeschichte der Bibel wird zu einem universellen, allumfassenden Drama zusammengef\u00fcgt.<\/li>\n<li><strong>Lib\u00e9ration de la Bible des traditions religieuses :<\/strong> Le lecteur apprend \u00e0 conna\u00eetre la Bible sans le contexte religieux.<\/li>\n<li><strong>Objectif :<\/strong> La Bible peut parler d'elle-m\u00eame en pr\u00e9sentant la bonne nouvelle du Seigneur J\u00e9sus-Christ. Il n'y a pas d'incitation \u00e0 la foi. Le message est pr\u00e9sent\u00e9 de mani\u00e8re objective ; la d\u00e9cision de croire ou non est laiss\u00e9e au lecteur.<\/li>\n<li><strong>Versets bibliques :<\/strong> Als Geschichte erz\u00e4hlt, sind 1177 Bibelverse in den Text eingewoben. Der Leser setzt sich selbst mit dem Text der Bibel auseinander.<\/li>\n<li><strong>Illustr\u00e9 :<\/strong> Plus de 100 dessins, cartes et diagrammes aident \u00e0 expliquer l'histoire.<\/li>\n<li><strong>Con\u00e7u pour \u00eatre offert :<\/strong> Das Buch kann wie ein Evangeliumstraktat weitergegeben werden. Die Leser k\u00f6nnen dann die Botschaft der Bibel selbst lernen.<\/li>\n<li><strong>Gestaltet f\u00fcr den Einsatz in einem Kurs:<\/strong> Diese Ressource kann als Studentenbuch in einer Bibelarbeit verwendet werden. (Erfahren Sie mehr \u00fcber &#8222;<a title=\"Worldview Rethink\" href=\"https:\/\/ca.goodseed.com\/worldview-rethink-the-course-family\/\">The Worldview Rethink Course<\/a>.&#8220;)<\/li>\n<\/ul>\n<p>Anzahl der Seiten: 311<br \/>\nISBN: 1890082171<\/p>\n<\/div>\n<\/div>\n<\/div>\n<\/div>\n<div id=\"tab-related\">\n<div class=\"grid-bg\">\n<div class=\"container\"><\/div>\n<\/div>\n<\/div>","protected":false},"excerpt":{"rendered":"<p>Tarification en vrac :<\/p>\n<p>Ci-dessous, les taux de remise en vrac disponibles pour chaque article individuel lorsque vous achetez un certain montant.<\/p>\n<ul>\n<li>Achetez 12 ou plus et obtenez 10% de r\u00e9duction<\/li>\n<\/ul>","protected":false},"featured_media":760,"comment_status":"closed","ping_status":"closed","template":"","meta":{"_acf_changed":false,"_glsr_average":0,"_glsr_ranking":0,"_glsr_reviews":0},"product_brand":[],"product_cat":[48,18,83,17],"product_tag":[54],"giftcard-category":[],"class_list":{"0":"post-756","1":"product","2":"type-product","3":"status-publish","4":"has-post-thumbnail","6":"product_cat-christliche-weltanschauung","7":"product_cat-evangelisation_nachfolge","8":"product_cat-koreanisch","9":"product_cat-new-release","10":"product_tag-korean","12":"first","13":"instock","14":"taxable","15":"shipping-taxable","16":"purchasable","17":"product-type-simple"},"acf":[],"_links":{"self":[{"href":"https:\/\/eu.goodseed.com\/fr\/wp-json\/wp\/v2\/product\/756","targetHints":{"allow":["GET"]}}],"collection":[{"href":"https:\/\/eu.goodseed.com\/fr\/wp-json\/wp\/v2\/product"}],"about":[{"href":"https:\/\/eu.goodseed.com\/fr\/wp-json\/wp\/v2\/types\/product"}],"replies":[{"embeddable":true,"href":"https:\/\/eu.goodseed.com\/fr\/wp-json\/wp\/v2\/comments?post=756"}],"wp:featuredmedia":[{"embeddable":true,"href":"https:\/\/eu.goodseed.com\/fr\/wp-json\/wp\/v2\/media\/760"}],"wp:attachment":[{"href":"https:\/\/eu.goodseed.com\/fr\/wp-json\/wp\/v2\/media?parent=756"}],"wp:term":[{"taxonomy":"product_brand","embeddable":true,"href":"https:\/\/eu.goodseed.com\/fr\/wp-json\/wp\/v2\/product_brand?post=756"},{"taxonomy":"product_cat","embeddable":true,"href":"https:\/\/eu.goodseed.com\/fr\/wp-json\/wp\/v2\/product_cat?post=756"},{"taxonomy":"product_tag","embeddable":true,"href":"https:\/\/eu.goodseed.com\/fr\/wp-json\/wp\/v2\/product_tag?post=756"},{"taxonomy":"giftcard-category","embeddable":true,"href":"https:\/\/eu.goodseed.com\/fr\/wp-json\/wp\/v2\/giftcard-category?post=756"}],"curies":[{"name":"wp","href":"https:\/\/api.w.org\/{rel}","templated":true}]}}