{"id":662,"date":"2025-04-28T09:37:59","date_gmt":"2025-04-28T09:37:59","guid":{"rendered":"https:\/\/eu.goodseed.com\/?post_type=product&#038;p=662"},"modified":"2025-07-07T07:10:42","modified_gmt":"2025-07-07T07:10:42","slug":"by-this-name-english-ebook-edition","status":"publish","type":"product","link":"https:\/\/eu.goodseed.com\/fr\/product\/by-this-name-english-ebook-edition\/","title":{"rendered":"By This Name (anglais) eBook Edition"},"content":{"rendered":"<p>Il s'agit de la <strong>eBook<\/strong> Version de <em><a href=\"https:\/\/ca.goodseed.com\/by-this-name-english\/\">Par ce nom<\/a><\/em> \u00e9dition en anglais. Si vous achetez ce produit, vous pouvez t\u00e9l\u00e9charger les versions Mobi, ePub et PDF.<\/p>\n<ul>\n<li>Mobi : pour les appareils Kindle<\/li>\n<li>ePub : pour iBooks, Google Books, Kobo et plus encore<\/li>\n<li>PDF : n\u00e9cessite un lecteur PDF tel qu'Adobe Acrobat Reader pour la visualisation<\/li>\n<\/ul>\n<p>&nbsp;<\/p>\n<p>On vous a peut-\u00eatre dit : \u201eJe suis heureux que vous ayez trouv\u00e9 votre chemin vers Dieu, mais chacun le trouve dans d'autres endroits et dans d'autres religions\u201c. Alors, comment partagez-vous l'\u00c9vangile avec quelqu'un qui croit que Dieu est pr\u00e9sent dans toute la nature ? Que dire si votre ami se repr\u00e9sente \u201eDieu\u201c comme une force ou une \u00e9nergie spirituelle plut\u00f4t que comme une personne ? Comment pouvez-vous partager la bonne nouvelle de J\u00e9sus-Christ dans un monde o\u00f9 la \u201espiritualit\u00e9\u201c est devenue populaire et o\u00f9 la connaissance de Dieu a quasiment disparu ? M\u00eame le monde occidental a \u00e9t\u00e9 influenc\u00e9 par des cultures qui croient en de nombreux dieux.<\/p>\n<p><em>Par ce nom<\/em> explique le message central de la Bible aux personnes qui n'ont aucune connaissance de la Bible. En s'appuyant sur l'architecture de l'\u00c9vangile de Jean, le livre distingue clairement le Dieu de la Bible de tous les autres dieux. Il \u00e9tablit l'autorit\u00e9 des \u00c9critures et compare prudemment la vision du monde biblique aux visions du monde orientales. Il relie des histoires cl\u00e9s de l'Ancien et du Nouveau Testament pour r\u00e9v\u00e9ler l'identit\u00e9 de Dieu et la nature du p\u00e9ch\u00e9, dans le but de r\u00e9pondre \u00e0 deux questions : \u201eQui est J\u00e9sus ?\u201c et \u201eQuel est le rapport avec l'histoire de la croix et du tombeau ?\u201c. Elle aide les gens \u00e0 comprendre de quoi il est question dans la Bible en g\u00e9n\u00e9ral.<\/p>\n<p>\u201eBy This Name\u201c suit une structure chronologique similaire \u00e0 \u201eL'\u00e9tranger sur le chemin d'Emma\u00fcs\u201c, mais son contenu diff\u00e8re de 60 pour cent.<\/p>","protected":false},"excerpt":{"rendered":"<p>Dies ist die eBook Version von By This Name englische Ausgabe. Wenn Sie dieses Produkt kaufen, k\u00f6nnen Sie die Mobi, ePub und PDF Versionen herunterladen. Mobi: f\u00fcr Kindle-Ger\u00e4te ePub: f\u00fcr iBooks, Google Books, Kobo und mehr PDF: erfordert einen PDF-Reader wie Adobe Acrobat Reader zur Ansicht &nbsp; Vielleicht hat man Ihnen gesagt: \u201eIch bin froh, [&hellip;]<\/p>\n","protected":false},"featured_media":664,"comment_status":"closed","ping_status":"closed","template":"","meta":{"_acf_changed":false,"_glsr_average":0,"_glsr_ranking":0,"_glsr_reviews":0},"product_brand":[],"product_cat":[24,76,18,50,17],"product_tag":[53],"giftcard-category":[],"class_list":{"0":"post-662","1":"product","2":"type-product","3":"status-publish","4":"has-post-thumbnail","6":"product_cat-ebooks","7":"product_cat-englisch","8":"product_cat-evangelisation_nachfolge","9":"product_cat-fernostliche-weltanschauung","10":"product_cat-new-release","11":"product_tag-english","13":"first","14":"instock","15":"taxable","16":"shipping-taxable","17":"purchasable","18":"product-type-simple"},"acf":[],"_links":{"self":[{"href":"https:\/\/eu.goodseed.com\/fr\/wp-json\/wp\/v2\/product\/662","targetHints":{"allow":["GET"]}}],"collection":[{"href":"https:\/\/eu.goodseed.com\/fr\/wp-json\/wp\/v2\/product"}],"about":[{"href":"https:\/\/eu.goodseed.com\/fr\/wp-json\/wp\/v2\/types\/product"}],"replies":[{"embeddable":true,"href":"https:\/\/eu.goodseed.com\/fr\/wp-json\/wp\/v2\/comments?post=662"}],"wp:featuredmedia":[{"embeddable":true,"href":"https:\/\/eu.goodseed.com\/fr\/wp-json\/wp\/v2\/media\/664"}],"wp:attachment":[{"href":"https:\/\/eu.goodseed.com\/fr\/wp-json\/wp\/v2\/media?parent=662"}],"wp:term":[{"taxonomy":"product_brand","embeddable":true,"href":"https:\/\/eu.goodseed.com\/fr\/wp-json\/wp\/v2\/product_brand?post=662"},{"taxonomy":"product_cat","embeddable":true,"href":"https:\/\/eu.goodseed.com\/fr\/wp-json\/wp\/v2\/product_cat?post=662"},{"taxonomy":"product_tag","embeddable":true,"href":"https:\/\/eu.goodseed.com\/fr\/wp-json\/wp\/v2\/product_tag?post=662"},{"taxonomy":"giftcard-category","embeddable":true,"href":"https:\/\/eu.goodseed.com\/fr\/wp-json\/wp\/v2\/giftcard-category?post=662"}],"curies":[{"name":"wp","href":"https:\/\/api.w.org\/{rel}","templated":true}]}}