{"id":594,"date":"2025-04-28T08:57:39","date_gmt":"2025-04-28T08:57:39","guid":{"rendered":"https:\/\/eu.goodseed.com\/?post_type=product&#038;p=594"},"modified":"2025-07-07T07:10:23","modified_gmt":"2025-07-07T07:10:23","slug":"the-stranger-on-the-road-to-emmaus-korean-ebook-edition","status":"publish","type":"product","link":"https:\/\/eu.goodseed.com\/fr\/product\/the-stranger-on-the-road-to-emmaus-korean-ebook-edition\/","title":{"rendered":"L'\u00e9tranger sur le chemin d'Emma\u00fcs (cor\u00e9en) eBook Edition"},"content":{"rendered":"<p>Dies ist die eBook-Version von <a href=\"https:\/\/ca.goodseed.com\/the-stranger-on-the-road-to-emmaus-korean\/\">\uc5e0\ub9c8\uc624\uae38\uc5d0\uc11c\ub9cc\ub09c\uc0ac\ub78c<\/a>, die koreanische Ausgabe von <em><a href=\"https:\/\/ca.goodseed.com\/the-stranger-on-the-road-to-emmaus-english\/\">The Stranger on the Road to Emmaus<\/a><\/em>.<\/p>\n<p>PDF-Dateien erfordern einen PDF-Reader wie Adobe Acrobat Reader, um sie anzusehen.<\/p>\n<p>&nbsp;<\/p>\n<p><strong>FREE DOWNLOAD<\/strong><br \/>\nAls gemeinn\u00fctziger Dienst werden die Verkaufserl\u00f6se dazu verwendet, Menschen auf der ganzen Welt, die keinen Zugang dazu haben, mit Ressourcen zu versorgen. Auch wenn Sie sich dieses Ebook nicht leisten k\u00f6nnen, m\u00f6chten wir, dass Sie es trotzdem lesen. Verwenden Sie diesen Gutscheincode, um das Ebook kostenlos zu erhalten: <strong>GOODSEEDFREE<\/strong><\/p>\n<p>(Kopieren Sie den Gutscheincode und f\u00fcgen Sie ihn in das Gutscheinfeld auf der Bezahlseite ein).<\/p>\n<p><a href=\"https:\/\/ca.goodseed.com\/coupon-codes-and-ebook-downloads\/\">[Klicken Sie hier, um Hilfe bei der Verwendung der Gutscheine oder beim Herunterladen der Ebooks zu erhalten.]<\/a><\/p>\n","protected":false},"excerpt":{"rendered":"<p>Dies ist die eBook-Version von \uc5e0\ub9c8\uc624\uae38\uc5d0\uc11c\ub9cc\ub09c\uc0ac\ub78c, die koreanische Ausgabe von The Stranger on the Road to Emmaus. PDF-Dateien erfordern einen PDF-Reader wie Adobe Acrobat Reader, um sie anzusehen. &nbsp; FREE DOWNLOAD Als gemeinn\u00fctziger Dienst werden die Verkaufserl\u00f6se dazu verwendet, Menschen auf der ganzen Welt, die keinen Zugang dazu haben, mit Ressourcen zu versorgen. Auch wenn [&hellip;]<\/p>\n","protected":false},"featured_media":596,"comment_status":"closed","ping_status":"closed","template":"","meta":{"_acf_changed":false,"_glsr_average":0,"_glsr_ranking":0,"_glsr_reviews":0},"product_brand":[],"product_cat":[24,18,83],"product_tag":[54],"giftcard-category":[],"class_list":{"0":"post-594","1":"product","2":"type-product","3":"status-publish","4":"has-post-thumbnail","6":"product_cat-ebooks","7":"product_cat-evangelisation_nachfolge","8":"product_cat-koreanisch","9":"product_tag-korean","11":"first","12":"instock","13":"taxable","14":"shipping-taxable","15":"purchasable","16":"product-type-simple"},"acf":[],"_links":{"self":[{"href":"https:\/\/eu.goodseed.com\/fr\/wp-json\/wp\/v2\/product\/594","targetHints":{"allow":["GET"]}}],"collection":[{"href":"https:\/\/eu.goodseed.com\/fr\/wp-json\/wp\/v2\/product"}],"about":[{"href":"https:\/\/eu.goodseed.com\/fr\/wp-json\/wp\/v2\/types\/product"}],"replies":[{"embeddable":true,"href":"https:\/\/eu.goodseed.com\/fr\/wp-json\/wp\/v2\/comments?post=594"}],"wp:featuredmedia":[{"embeddable":true,"href":"https:\/\/eu.goodseed.com\/fr\/wp-json\/wp\/v2\/media\/596"}],"wp:attachment":[{"href":"https:\/\/eu.goodseed.com\/fr\/wp-json\/wp\/v2\/media?parent=594"}],"wp:term":[{"taxonomy":"product_brand","embeddable":true,"href":"https:\/\/eu.goodseed.com\/fr\/wp-json\/wp\/v2\/product_brand?post=594"},{"taxonomy":"product_cat","embeddable":true,"href":"https:\/\/eu.goodseed.com\/fr\/wp-json\/wp\/v2\/product_cat?post=594"},{"taxonomy":"product_tag","embeddable":true,"href":"https:\/\/eu.goodseed.com\/fr\/wp-json\/wp\/v2\/product_tag?post=594"},{"taxonomy":"giftcard-category","embeddable":true,"href":"https:\/\/eu.goodseed.com\/fr\/wp-json\/wp\/v2\/giftcard-category?post=594"}],"curies":[{"name":"wp","href":"https:\/\/api.w.org\/{rel}","templated":true}]}}