{"id":453,"date":"2025-04-28T07:03:32","date_gmt":"2025-04-28T07:03:32","guid":{"rendered":"https:\/\/eu.goodseed.com\/?post_type=product&#038;p=453"},"modified":"2025-12-05T01:47:52","modified_gmt":"2025-12-05T01:47:52","slug":"christmas-what-is-it-french","status":"publish","type":"product","link":"https:\/\/eu.goodseed.com\/fr\/product\/christmas-what-is-it-french\/","title":{"rendered":"No\u00ebl - qu'est-ce que c'est ? (fran\u00e7ais)"},"content":{"rendered":"<blockquote>\n<ul>\n<li><strong>Kaufen Sie 10 &#8211; 49 <\/strong>et recevoir <strong>15% Rabatt<\/strong><\/li>\n<li><strong>Kaufen Sie 50 &#8211; 99 <\/strong>et recevoir <strong>25% Rabatt<\/strong><\/li>\n<li><strong>Kaufen Sie 100 oder mehr <\/strong>et recevoir <strong>35% Rabatt<\/strong><\/li>\n<\/ul>\n<\/blockquote>\n<p class=\"no-fr\">Dies ist die franz\u00f6sische Weihnachtsversion von <em><a href=\"https:\/\/ca.goodseed.com\/what-are-christmas-and-easter-all-about-english\/\">Was hat es mit Weihnachten und Ostern auf sich?<\/a><\/em><\/p>\n<p>La description suivante est tir\u00e9e de l'\u00e9dition anglaise :<\/p>\n<p>Wie andere GoodSeed-Hilfsmittel erkl\u00e4rt dieses Buch das Evangelium in chronologischer Reihenfolge von der Sch\u00f6pfung bis zum Kreuz. Dieses 80-seitige B\u00fcchlein ist preislich so gestaltet, dass es in gro\u00dfer Zahl verschenkt werden kann. Kirchen k\u00f6nnen diese Brosch\u00fcren Besuchern \u00fcberreichen oder sie bei Konzerten oder kirchlichen Veranstaltungen, insbesondere zu Ostern oder Weihnachten, verteilen. Auch Einzelpersonen k\u00f6nnen das Heft wie ein Evangeliumstraktat an Familie, Freunde und Nachbarn weitergeben.<\/p>\n<p>Mit farbigen Illustrationen und sorgf\u00e4ltig kontrolliertem Text wird die Kernbotschaft der Bibel in leicht verst\u00e4ndlichem Englisch erkl\u00e4rt, so dass auch jemand, der Englisch als Zweitsprache benutzt, ein klares Verst\u00e4ndnis der Botschaft erlangen kann.<\/p>\n<p>&nbsp;<\/p>\n<h4>Caract\u00e9ristiques<\/h4>\n<ul>\n<li><strong>Geschrieben f\u00fcr Menschen mit begrenzten Sprachkenntnissen:<\/strong> Durch die Verwendung von EasyEnglish ist es f\u00fcr Kinder, Jugendliche, ESL und Menschen, die nicht viel lesen, geeignet.<\/li>\n<li><strong>Preisg\u00fcnstig f\u00fcr Massengeschenke:<\/strong>Dieses B\u00fcchlein ist sehr g\u00fcnstig. Wenn man es in gro\u00dfen Mengen kauft, kostet es weniger als eine Tasse Kaffee &#8211; billiger als eine Weihnachts- oder Osterkarte. Es ist ideal, um es in gro\u00dfen Mengen zu verschenken. Eine Kirche kann es an jede T\u00fcr in der Nachbarschaft h\u00e4ngen, ohne das Budget zu sprengen!<\/li>\n<li><strong>Hypoth\u00e8ses :<\/strong> Es wird davon ausgegangen, dass der Leser wenig oder keine Vorkenntnisse \u00fcber die Bibel hat<\/li>\n<li><strong>Chronologiquement :<\/strong> Beginnend mit der Erschaffung des Universums und dann fortlaufend durch die Schl\u00fcsselgeschichten des Alten Testaments, geht es ins Neue Testament, um die Bedeutung des Kreuzes und des Grabes zu enth\u00fcllen. Die Hauptgeschichte der Bibel wird zu einem universellen, allumfassenden Drama zusammengef\u00fcgt. Der Inhalt ist kurz gehalten, so dass ein Leser das Buch in etwa 45 Minuten durchlesen kann.<\/li>\n<li><strong>Enti\u00e8rement illustr\u00e9 :<\/strong> Farbige Bilder des begnadeten K\u00fcnstlers Ian Mastin erwecken die Geschichte des Evangeliums zum Leben. (Siehe <a title=\"iammastin.com\" href=\"http:\/\/ianmastin.com\/\">ianmastin.com<\/a>)<\/li>\n<\/ul>\n<p>Anzahl der Seiten: 80<br \/>\nISBN: 9781890082741<\/p>","protected":false},"excerpt":{"rendered":"<p>Tarification en vrac :<\/p>\n<p>Ci-dessous, les taux de remise en vrac disponibles pour chaque article individuel lorsque vous achetez un certain montant.<\/p>\n<ul>\n<li>Buy 10 &#8211; 49 and get 15% off<\/li>\n<li>Buy 50 &#8211; 99 and get 25% off<\/li>\n<li>Buy 100 or above and get 35% off<\/li>\n<\/ul>","protected":false},"featured_media":457,"comment_status":"closed","ping_status":"closed","template":"","meta":{"_acf_changed":false,"_glsr_average":0,"_glsr_ranking":0,"_glsr_reviews":0},"product_brand":[],"product_cat":[19,78],"product_tag":[52],"giftcard-category":[],"class_list":{"0":"post-453","1":"product","2":"type-product","3":"status-publish","4":"has-post-thumbnail","6":"product_cat-broschuren-zur-evangelisation","7":"product_cat-franzoesisch","8":"product_tag-french","10":"first","11":"instock","12":"taxable","13":"shipping-taxable","14":"purchasable","15":"product-type-simple"},"acf":[],"_links":{"self":[{"href":"https:\/\/eu.goodseed.com\/fr\/wp-json\/wp\/v2\/product\/453","targetHints":{"allow":["GET"]}}],"collection":[{"href":"https:\/\/eu.goodseed.com\/fr\/wp-json\/wp\/v2\/product"}],"about":[{"href":"https:\/\/eu.goodseed.com\/fr\/wp-json\/wp\/v2\/types\/product"}],"replies":[{"embeddable":true,"href":"https:\/\/eu.goodseed.com\/fr\/wp-json\/wp\/v2\/comments?post=453"}],"wp:featuredmedia":[{"embeddable":true,"href":"https:\/\/eu.goodseed.com\/fr\/wp-json\/wp\/v2\/media\/457"}],"wp:attachment":[{"href":"https:\/\/eu.goodseed.com\/fr\/wp-json\/wp\/v2\/media?parent=453"}],"wp:term":[{"taxonomy":"product_brand","embeddable":true,"href":"https:\/\/eu.goodseed.com\/fr\/wp-json\/wp\/v2\/product_brand?post=453"},{"taxonomy":"product_cat","embeddable":true,"href":"https:\/\/eu.goodseed.com\/fr\/wp-json\/wp\/v2\/product_cat?post=453"},{"taxonomy":"product_tag","embeddable":true,"href":"https:\/\/eu.goodseed.com\/fr\/wp-json\/wp\/v2\/product_tag?post=453"},{"taxonomy":"giftcard-category","embeddable":true,"href":"https:\/\/eu.goodseed.com\/fr\/wp-json\/wp\/v2\/giftcard-category?post=453"}],"curies":[{"name":"wp","href":"https:\/\/api.w.org\/{rel}","templated":true}]}}