{"id":439,"date":"2025-04-28T06:49:27","date_gmt":"2025-04-28T06:49:27","guid":{"rendered":"https:\/\/eu.goodseed.com\/?post_type=product&#038;p=439"},"modified":"2025-12-05T01:48:11","modified_gmt":"2025-12-05T01:48:11","slug":"what-are-christmas-and-easter-all-about-chichewa","status":"publish","type":"product","link":"https:\/\/eu.goodseed.com\/fr\/product\/what-are-christmas-and-easter-all-about-chichewa\/","title":{"rendered":"Quel est le rapport entre No\u00ebl et P\u00e2ques ? (Chichewa)"},"content":{"rendered":"<p class=\"no-fr\">Dies ist die Chichewa-Ausgabe von\u00a0<em><a href=\"https:\/\/ca.goodseed.com\/what-are-christmas-and-easter-all-about-english\/\">Was hat es mit Weihnachten und Ostern auf sich?<\/a><\/em>.<\/p>\n<p>Wie andere GoodSeed-Hilfsmittel erkl\u00e4rt dieses Buch das Evangelium in chronologischer Reihenfolge von der Sch\u00f6pfung bis zum Kreuz. Der Preis dieses 80-seitigen B\u00fcchleins ist so bemessen, dass es in gro\u00dfer Zahl verschenkt werden kann. Kirchen k\u00f6nnen diese Brosch\u00fcren an Besucher verschenken oder sie bei Konzerten oder kirchlichen Veranstaltungen verteilen &#8211; vor allem bei Oster- oder Weihnachtsveranstaltungen. Auch Einzelpersonen k\u00f6nnen das Heft wie ein Evangeliumstraktat an Familie, Freunde und Nachbarn weitergeben.<\/p>\n<p>Mit farbigen Illustrationen und sorgf\u00e4ltig kontrolliertem Text wird die Kernbotschaft der Bibel in einfach zu verstehendem Englisch erkl\u00e4rt, so dass auch jemand, der Englisch als Zweitsprache spricht, ein klares Verst\u00e4ndnis der Botschaft gewinnen kann.<\/p>\n<p><a title=\"CnE sample chapters\" href=\"http:\/\/www.goodseed.com\/pdfs\/samples\/sample-cne-english-070001.pdf\" target=\"_blank\" rel=\"noopener\"><strong>Lire des exemples de chapitres<\/strong><\/a><\/p>\n<h4>Caract\u00e9ristiques<\/h4>\n<ul>\n<li><strong>Geschrieben f\u00fcr Menschen mit begrenzten Sprachkenntnissen:<\/strong> Durch die Verwendung von EasyEnglish ist es f\u00fcr Kinder, Jugendliche, ESL und Menschen, die nicht viel lesen, geeignet.<\/li>\n<li><strong>Preisg\u00fcnstig f\u00fcr Massengeschenke: <\/strong>Dieses Heft ist sehr erschwinglich. Wenn man es in gro\u00dfen Mengen kauft, kostet es weniger als eine Tasse Kaffee &#8211; billiger als eine Weihnachts- oder Osterkarte. Es ist ideal, um es in gro\u00dfen Mengen zu verschenken. Eine Kirche kann es an jede T\u00fcr in einem Viertel h\u00e4ngen, ohne das Budget zu sprengen!<\/li>\n<li><strong>Hypoth\u00e8ses :<\/strong> Es wird davon ausgegangen, dass der Leser keine oder nur geringe Vorkenntnisse \u00fcber die Bibel hat<\/li>\n<li><strong>Chronologiquement :<\/strong> Beginnend mit der Erschaffung des Universums und dann fortlaufend durch die Schl\u00fcsselgeschichten des Alten Testaments, geht es ins Neue Testament, um die Bedeutung des Kreuzes und des Grabes zu enth\u00fcllen. Die Hauptgeschichte der Bibel wird zu einem universellen, allumfassenden Drama zusammengef\u00fcgt. Der Inhalt ist kurz gehalten, so dass ein Leser das Buch in etwa 45 Minuten durchlesen kann.<\/li>\n<li><strong>Enti\u00e8rement illustr\u00e9 :<\/strong> Farbige Bilder des begnadeten K\u00fcnstlers Ian Mastin erwecken die Geschichte des Evangeliums zum Leben. (Siehe <a title=\"iammastin.com\" href=\"http:\/\/ianmastin.com\/\">ianmastin.com<\/a>)<\/li>\n<\/ul>\n<p>&nbsp;<\/p>\n<p>Hinweis: Eine Variante dieser Brosch\u00fcre ist\u00a0<em><a href=\"https:\/\/ca.goodseed.com\/the-story-that-matters-english\/\">Die Geschichte, auf die es ankommt<\/a><\/em>. Es handelt sich um ein 64-seitiges B\u00fcchlein mit identischem Text, das jedoch mit ausdrucksstarken Strichzeichnungen versehen ist. Es ist auch f\u00fcr den Gebrauch au\u00dferhalb der Weihnachts- und Osterzeit gedacht.<\/p>\n<p>das Evangelium.\u00a0<a href=\"http:\/\/www.goodseed.com\/the-story-that-matters.html#book-sleeves\" target=\"_blank\" rel=\"noopener\">Siehe Buchh\u00fcllen &gt;&gt;<\/a><\/p>","protected":false},"excerpt":{"rendered":"<p>Dies ist die Chichewa-Ausgabe von\u00a0Was hat es mit Weihnachten und Ostern auf sich?. Wie andere GoodSeed-Hilfsmittel erkl\u00e4rt dieses Buch das Evangelium in chronologischer Reihenfolge von der Sch\u00f6pfung bis zum Kreuz. Der Preis dieses 80-seitigen B\u00fcchleins ist so bemessen, dass es in gro\u00dfer Zahl verschenkt werden kann. Kirchen k\u00f6nnen diese Brosch\u00fcren an Besucher verschenken oder sie [&hellip;]<\/p>\n","protected":false},"featured_media":440,"comment_status":"closed","ping_status":"closed","template":"","meta":{"_acf_changed":false,"_glsr_average":0,"_glsr_ranking":0,"_glsr_reviews":0},"product_brand":[],"product_cat":[19,99],"product_tag":[],"giftcard-category":[],"class_list":{"0":"post-439","1":"product","2":"type-product","3":"status-publish","4":"has-post-thumbnail","6":"product_cat-broschuren-zur-evangelisation","7":"product_cat-chichewa","9":"first","10":"instock","11":"taxable","12":"shipping-taxable","13":"purchasable","14":"product-type-simple"},"acf":[],"_links":{"self":[{"href":"https:\/\/eu.goodseed.com\/fr\/wp-json\/wp\/v2\/product\/439","targetHints":{"allow":["GET"]}}],"collection":[{"href":"https:\/\/eu.goodseed.com\/fr\/wp-json\/wp\/v2\/product"}],"about":[{"href":"https:\/\/eu.goodseed.com\/fr\/wp-json\/wp\/v2\/types\/product"}],"replies":[{"embeddable":true,"href":"https:\/\/eu.goodseed.com\/fr\/wp-json\/wp\/v2\/comments?post=439"}],"wp:featuredmedia":[{"embeddable":true,"href":"https:\/\/eu.goodseed.com\/fr\/wp-json\/wp\/v2\/media\/440"}],"wp:attachment":[{"href":"https:\/\/eu.goodseed.com\/fr\/wp-json\/wp\/v2\/media?parent=439"}],"wp:term":[{"taxonomy":"product_brand","embeddable":true,"href":"https:\/\/eu.goodseed.com\/fr\/wp-json\/wp\/v2\/product_brand?post=439"},{"taxonomy":"product_cat","embeddable":true,"href":"https:\/\/eu.goodseed.com\/fr\/wp-json\/wp\/v2\/product_cat?post=439"},{"taxonomy":"product_tag","embeddable":true,"href":"https:\/\/eu.goodseed.com\/fr\/wp-json\/wp\/v2\/product_tag?post=439"},{"taxonomy":"giftcard-category","embeddable":true,"href":"https:\/\/eu.goodseed.com\/fr\/wp-json\/wp\/v2\/giftcard-category?post=439"}],"curies":[{"name":"wp","href":"https:\/\/api.w.org\/{rel}","templated":true}]}}