{"id":426,"date":"2025-04-28T06:39:12","date_gmt":"2025-04-28T06:39:12","guid":{"rendered":"https:\/\/eu.goodseed.com\/?post_type=product&#038;p=426"},"modified":"2025-12-05T01:49:02","modified_gmt":"2025-12-05T01:49:02","slug":"the-story-that-matters-kjv-edition","status":"publish","type":"product","link":"https:\/\/eu.goodseed.com\/fr\/product\/the-story-that-matters-kjv-edition\/","title":{"rendered":"L'histoire qui compte (\u00e9dition KJV)"},"content":{"rendered":"<p>Dieses Buch ist eine Variante von <em><a href=\"https:\/\/ca.goodseed.com\/the-story-that-matters-english\/\">The Story that Matters<\/a><\/em> mit den zitierten Bibelversen aus der King James Version.<\/p>\n<p>Die Hauptgeschichte des Buches bleibt in EasyEnglish, nur die Bibelverse sind aus der KJV. Diese Ausgabe wendet sich an diejenigen, die die Bibel in ihrem klassischen Englisch bevorzugen.<\/p>\n<p><em>Die Geschichte, auf die es ankommt<\/em> ist selbst eine Variante von <em><a href=\"https:\/\/ca.goodseed.com\/what-are-christmas-and-easter-all-about-english\/\">Worum geht es bei Weihnachten und Ostern?<\/a><\/em> Der Text ist identisch, aber es werden ausdrucksstarke Strichzeichnungen verwendet. Es ist auch f\u00fcr den Gebrauch au\u00dferhalb der Weihnachts- und Osterzeit gedacht.<\/p>\n<p>Dieses 64-seitige B\u00fcchlein erkl\u00e4rt das Evangelium chronologisch von der Sch\u00f6pfung bis zum Kreuz. Mit Hilfe von Strichzeichnungen und sorgf\u00e4ltig kontrolliertem Text wird die Kernbotschaft der Bibel in leicht verst\u00e4ndlichem Englisch erkl\u00e4rt, so dass auch jemand mit Englisch als Zweitsprache sie gut verstehen kann.<\/p>\n<p>Der Preis dieses Buches ist so bemessen, dass es in gro\u00dfer Zahl verschenkt werden kann. Kirchen k\u00f6nnen diese Brosch\u00fcren an Besucher verschenken oder sie bei Konzerten oder Kirchenprogrammen ausgeben. Auch Einzelpersonen k\u00f6nnen das Heft wie ein Evangeliumstraktat an Familie, Freunde und Nachbarn weitergeben.<\/p>\n<p>&nbsp;<\/p>\n<p><strong>FEATURES<\/strong><\/p>\n<ul>\n<li><strong>Geschrieben f\u00fcr Menschen mit eingeschr\u00e4nkten Sprachkenntnissen:<\/strong> Durch die Verwendung von EasyEnglish ist es f\u00fcr Kinder, Jugendliche, ESL und Menschen, die nicht viel lesen, geeignet.<\/li>\n<li><strong>Schriftzitate:<\/strong> Diese sind alle im klassischen Englisch, entnommen aus der King James Version.<\/li>\n<li><strong>Preisg\u00fcnstig f\u00fcr Massengeschenke: <\/strong>Dieses B\u00fcchlein hat ein geheftetes Zeitungspapierformat, was es sehr erschwinglich macht. Wenn man es in gro\u00dfen Mengen kauft, kostet es weniger als eine Tasse Kaffee &#8211; billiger als eine Weihnachts- oder Osterkarte. Es ist ideal, um es in gro\u00dfer Zahl zu verschenken. Eine Kirche kann es an jede T\u00fcr in der Nachbarschaft h\u00e4ngen, ohne das Budget zu sprengen!<\/li>\n<li><strong>Conditions pr\u00e9alables :<\/strong> Es wird davon ausgegangen, dass der Leser keine oder nur geringe Vorkenntnisse \u00fcber die Bibel hat<\/li>\n<li><strong>Chronologiquement :<\/strong> Es beginnt mit der Erschaffung des Universums, geht dann der Reihe nach durch die Schl\u00fcsselgeschichten des Alten Testaments und bewegt sich ins Neue Testament, um die Bedeutung des Kreuzes und des Grabes zu enth\u00fcllen. Die Hauptgeschichte der Bibel wird zu einem universellen, allumfassenden Drama zusammengef\u00fcgt. Der Inhalt ist kurz gehalten, so dass ein Leser das Buch in etwa 45 Minuten durchlesen kann.<\/li>\n<li><strong>Ausdrucksstarke Strichzeichnungen:<\/strong> Illustrationen des begnadeten K\u00fcnstlers Matt Almy erwecken die Geschichte des Evangeliums zum Leben.<\/li>\n<\/ul>\n<p>Seitenzahl: 64<br \/>\nISBN: 9781927429648<\/p>\n<p>&nbsp;<\/p>\n<p><strong>BUCHH\u00dcLLEN<\/strong><\/p>\n<p>Es gibt Buchh\u00fcllen, die sich um <em>Die Geschichte, die z\u00e4hlt<\/em> wickeln lassen und so das Buch als Geschenk noch attraktiver machen. Beispielsweise k\u00f6nnen Sie das Buch zu einem Geburtstag oder einer Feier mit der H\u00fclle verpacken und dazu sagen: \u201eDanke, dass Sie mit uns gefeiert haben!\u201c Oder bei der Beerdigung eines geliebten Menschen k\u00f6nnen Sie einen Stapel B\u00fccher in die H\u00fclle packen und dazu sagen: \u201eDer Anker unserer Hoffnung und unseres Friedens\u201c. Diese und andere H\u00fcllen helfen dabei, jemandem das Evangelium verst\u00e4ndlich zu vermitteln. Schauen Sie auf unserer Website vorbei und entdecken Sie die gro\u00dfe Auswahl an H\u00fcllen, die Sie herunterladen und selbst ausdrucken k\u00f6nnen. Wir hoffen, dass Sie beim Durchst\u00f6bern der Auswahl auch weitere M\u00f6glichkeiten entdecken, das Evangelium weiterzugeben. <a href=\"http:\/\/www.goodseed.com\/the-story-that-matters.html#book-sleeves\" target=\"_blank\" rel=\"noopener\">Buchh\u00fcllen ansehen &gt;&gt;<\/a><\/p>","protected":false},"excerpt":{"rendered":"<p>Tarification en vrac :<\/p>\n<p>Ci-dessous, les taux de remise en vrac disponibles pour chaque article individuel lorsque vous achetez un certain montant.<\/p>\n<ul>\n<li>Buy 10 &#8211; 49 and get 15% off<\/li>\n<li>Buy 50 &#8211; 99 and get 25% off<\/li>\n<li>Buy 100 or above and get 35% off<\/li>\n<\/ul>","protected":false},"featured_media":423,"comment_status":"closed","ping_status":"closed","template":"","meta":{"_acf_changed":false,"_glsr_average":0,"_glsr_ranking":0,"_glsr_reviews":0},"product_brand":[],"product_cat":[19,17],"product_tag":[],"giftcard-category":[],"class_list":{"0":"post-426","1":"product","2":"type-product","3":"status-publish","4":"has-post-thumbnail","6":"product_cat-broschuren-zur-evangelisation","7":"product_cat-new-release","9":"first","10":"instock","11":"taxable","12":"shipping-taxable","13":"purchasable","14":"product-type-simple"},"acf":[],"_links":{"self":[{"href":"https:\/\/eu.goodseed.com\/fr\/wp-json\/wp\/v2\/product\/426","targetHints":{"allow":["GET"]}}],"collection":[{"href":"https:\/\/eu.goodseed.com\/fr\/wp-json\/wp\/v2\/product"}],"about":[{"href":"https:\/\/eu.goodseed.com\/fr\/wp-json\/wp\/v2\/types\/product"}],"replies":[{"embeddable":true,"href":"https:\/\/eu.goodseed.com\/fr\/wp-json\/wp\/v2\/comments?post=426"}],"wp:featuredmedia":[{"embeddable":true,"href":"https:\/\/eu.goodseed.com\/fr\/wp-json\/wp\/v2\/media\/423"}],"wp:attachment":[{"href":"https:\/\/eu.goodseed.com\/fr\/wp-json\/wp\/v2\/media?parent=426"}],"wp:term":[{"taxonomy":"product_brand","embeddable":true,"href":"https:\/\/eu.goodseed.com\/fr\/wp-json\/wp\/v2\/product_brand?post=426"},{"taxonomy":"product_cat","embeddable":true,"href":"https:\/\/eu.goodseed.com\/fr\/wp-json\/wp\/v2\/product_cat?post=426"},{"taxonomy":"product_tag","embeddable":true,"href":"https:\/\/eu.goodseed.com\/fr\/wp-json\/wp\/v2\/product_tag?post=426"},{"taxonomy":"giftcard-category","embeddable":true,"href":"https:\/\/eu.goodseed.com\/fr\/wp-json\/wp\/v2\/giftcard-category?post=426"}],"curies":[{"name":"wp","href":"https:\/\/api.w.org\/{rel}","templated":true}]}}