{"id":395,"date":"2025-04-28T06:07:10","date_gmt":"2025-04-28T06:07:10","guid":{"rendered":"https:\/\/eu.goodseed.com\/?post_type=product&#038;p=395"},"modified":"2025-12-05T01:49:50","modified_gmt":"2025-12-05T01:49:50","slug":"the-lamb-picture-book-softcover-german","status":"publish","type":"product","link":"https:\/\/eu.goodseed.com\/fr\/product\/the-lamb-picture-book-softcover-german\/","title":{"rendered":"L'agneau - Livre d'images - Couverture souple (allemand)"},"content":{"rendered":"<blockquote>\n<ul>\n<li><strong>Kaufen Sie 4\u201315 B\u00fccher<\/strong> et obtenez <strong>20 % Rabatt<\/strong><\/li>\n<li><strong>Kaufen Sie 16 B\u00fccher oder mehr<\/strong> et obtenez <strong>35 % R\u00e9duction<\/strong><\/li>\n<\/ul>\n<\/blockquote>\n<p>Comment expliquer l'\u00c9vangile aux enfants de mani\u00e8re compr\u00e9hensible ? Comment leur expliquer qu'ils ont besoin d'un Sauveur sans \u00e9dulcorer les d\u00e9tails ? Comment pouvons-nous capter leur attention suffisamment longtemps pour leur expliquer ce dont il est question dans la Bible ? Comment pouvons-nous \u00eatre pr\u00e9cis tout en tenant compte du fait qu'ils ont besoin d'explications plus simples ?<\/p>\n<p>\u201eL'agneau\u201c est un livre pour les enfants de cinq \u00e0 dix ans. Avec ses illustrations color\u00e9es, ce livre d'images emm\u00e8ne les enfants dans un voyage au c\u0153ur du message biblique. Partant de la cr\u00e9ation de l'univers, le livre explique des concepts bibliques centraux : Qui est Dieu ? Comment est Dieu ? Qu'est-ce que le p\u00e9ch\u00e9 ? D'o\u00f9 vient le mal ? Pourquoi avons-nous besoin d'un sauveur ? Le livre se termine par une explication claire de l'identit\u00e9 de J\u00e9sus et de son don merveilleux en tant que notre Sauveur.<\/p>\n<p>Das Buch stellt eine klare Verbindung zwischen Jesus und dem Opferlamm des Alten Testaments her. Themen wie der Tod werden ehrlich und direkt behandelt. Die anschaulichen Details der Erl\u00f6sungsgeschichte werden einf\u00fchlsam behandelt, aber nicht verw\u00e4ssert. Am Ende erfahren Kinder, wer Gott ist und was er am Kreuz f\u00fcr die Menschheit getan hat. Es ist eine Botschaft der Hoffnung, die jedes Kind h\u00f6ren sollte.<\/p>\n<h4>Caract\u00e9ristiques<\/h4>\n<ul>\n<li><strong>\u00c9crit pour les enfants :<\/strong>\u00a0Convient \u00e0 tous les groupes d'\u00e2ge, mais \u00e9crit pour les enfants \u00e0 partir de cinq ans.<\/li>\n<li><strong>Enti\u00e8rement illustr\u00e9 :<\/strong>\u00a050 peintures en couleur de l'artiste talentueux Ian Mastin donnent vie \u00e0 l'histoire de l'\u00c9vangile. (Voir <a title=\"Ianmastin.com\" href=\"http:\/\/ianmastin.com\/\">ianmastin.com<\/a>)<\/li>\n<li><strong>Hypoth\u00e8ses :<\/strong>\u00a0Ne requiert pas de connaissances bibliques.<\/li>\n<li><strong>Chronologiquement :<\/strong>\u00a0Commence par la cr\u00e9ation de l'univers et progresse ensuite de mani\u00e8re s\u00e9quentielle \u00e0 travers les principales histoires de l'Ancien Testament, avant de passer au Nouveau Testament et de r\u00e9v\u00e9ler la signification de la croix et du tombeau. L'histoire principale de la Bible est li\u00e9e \u00e0 un drame universel et englobant.<\/li>\n<li><strong>Base :<\/strong> L'approche de la cr\u00e9ation \u00e0 la croix aide \u00e0 mettre toute la Bible en contexte. Aide les enfants \u00e0 comprendre le message global de la Bible sans confusion.<\/li>\n<li><strong>Pr\u00e9sentation pr\u00e9cise de l'\u00c9vangile :<\/strong> Des th\u00e8mes complexes tels que la mort, le p\u00e9ch\u00e9, le mal et la sollicitude de Dieu sont pr\u00e9sent\u00e9s avec sensibilit\u00e9 et \u00e0 la port\u00e9e des enfants.<\/li>\n<li><strong>R\u00e9p\u00e9tition int\u00e9gr\u00e9e :<\/strong> Chaque chapitre commence par une r\u00e9vision et se termine par des questions afin de s'assurer que les enfants comprennent clairement le message.<\/li>\n<li><strong>Livre audio :<\/strong> Die Geschichte wird vom Autor und Heather Holdsworth, einer begabten Kinderg\u00e4rtnerin, erz\u00e4hlt. Kinder k\u00f6nnen sich in die Geschichte einbringen, indem sie dem Buch beim Zuh\u00f6ren folgen. Enth\u00e4lt \u201eThe Lamb Song\u201c, vorgetragen von Carla Newsham und ihren Kindern Toni-Marie, Joyelle und Brooklyn.<\/li>\n<li><strong>A offrir :<\/strong>\u00a0Ce livre reli\u00e9 est un cadeau beau et \u00e9l\u00e9gant pour un enfant ou une famille avec des enfants.<\/li>\n<li><strong>Pour les d\u00e9votions :<\/strong>\u00a0Peut \u00eatre lu en famille ou pour lire des histoires bibliques.<\/li>\n<\/ul>\n<div>\n<p>\u00a0<iframe src=\"https:\/\/www.youtube.com\/embed\/IojxLpPNdE4?fs=1\" width=\"440\" height=\"330\" frameborder=\"0\" allowfullscreen=\"allowfullscreen\"><\/iframe><\/p>\n<p>No. of pages: 183<br \/>\nISBN: 9783961900466<\/p>\n<\/div>","protected":false},"excerpt":{"rendered":"<p>Tarification en vrac :<\/p>\n<p>Ci-dessous, les taux de remise en vrac disponibles pour chaque article individuel lorsque vous achetez un certain montant.<\/p>\n<ul>\n<li>Buy 4 &#8211; 15 and get 20% off<\/li>\n<li>Buy 16 or above and get 35% off<\/li>\n<\/ul>","protected":false},"featured_media":396,"comment_status":"closed","ping_status":"closed","template":"","meta":{"_acf_changed":false,"_glsr_average":0,"_glsr_ranking":0,"_glsr_reviews":0},"product_brand":[110],"product_cat":[77,18,21,17],"product_tag":[60],"giftcard-category":[],"class_list":{"0":"post-395","1":"product","2":"type-product","3":"status-publish","4":"has-post-thumbnail","6":"product_brand-das-lamm","7":"product_cat-deutsch","8":"product_cat-evangelisation_nachfolge","9":"product_cat-kinder","10":"product_cat-new-release","11":"product_tag-german","13":"first","14":"instock","15":"taxable","16":"shipping-taxable","17":"purchasable","18":"product-type-simple"},"acf":[],"_links":{"self":[{"href":"https:\/\/eu.goodseed.com\/fr\/wp-json\/wp\/v2\/product\/395","targetHints":{"allow":["GET"]}}],"collection":[{"href":"https:\/\/eu.goodseed.com\/fr\/wp-json\/wp\/v2\/product"}],"about":[{"href":"https:\/\/eu.goodseed.com\/fr\/wp-json\/wp\/v2\/types\/product"}],"replies":[{"embeddable":true,"href":"https:\/\/eu.goodseed.com\/fr\/wp-json\/wp\/v2\/comments?post=395"}],"wp:featuredmedia":[{"embeddable":true,"href":"https:\/\/eu.goodseed.com\/fr\/wp-json\/wp\/v2\/media\/396"}],"wp:attachment":[{"href":"https:\/\/eu.goodseed.com\/fr\/wp-json\/wp\/v2\/media?parent=395"}],"wp:term":[{"taxonomy":"product_brand","embeddable":true,"href":"https:\/\/eu.goodseed.com\/fr\/wp-json\/wp\/v2\/product_brand?post=395"},{"taxonomy":"product_cat","embeddable":true,"href":"https:\/\/eu.goodseed.com\/fr\/wp-json\/wp\/v2\/product_cat?post=395"},{"taxonomy":"product_tag","embeddable":true,"href":"https:\/\/eu.goodseed.com\/fr\/wp-json\/wp\/v2\/product_tag?post=395"},{"taxonomy":"giftcard-category","embeddable":true,"href":"https:\/\/eu.goodseed.com\/fr\/wp-json\/wp\/v2\/giftcard-category?post=395"}],"curies":[{"name":"wp","href":"https:\/\/api.w.org\/{rel}","templated":true}]}}