{"id":382,"date":"2025-04-28T05:26:57","date_gmt":"2025-04-28T05:26:57","guid":{"rendered":"https:\/\/eu.goodseed.com\/?post_type=product&#038;p=382"},"modified":"2025-07-08T09:17:19","modified_gmt":"2025-07-08T09:17:19","slug":"the-lamb-russian-ebook-edition","status":"publish","type":"product","link":"https:\/\/eu.goodseed.com\/fr\/product\/the-lamb-russian-ebook-edition\/","title":{"rendered":"L'agneau (russe) eBook Edition"},"content":{"rendered":"<p>Ceci est la version e-book de\u00a0<em>\u0410\u0433\u043d\u0435\u0446<\/em>, der russischen Ausgabe von\u00a0<em><a href=\"https:\/\/ca.goodseed.com\/the-lamb-picture-book-with-cd-english\/\">L'agneau<\/a><\/em>.<\/p>\n<p><a title=\"The Lamb Russian Sample Chapters\" href=\"http:\/\/www.goodseed.com\/pdfs\/samples\/sample-lamb-russian-105005.pdf\" target=\"_blank\" rel=\"noopener\"><strong>Read Sample Chapters<\/strong><\/a><\/p>\n<p>Beim Kauf dieses Produkts k\u00f6nnen Sie die Mobi-, ePub- und PDF-Versionen herunterladen.<\/p>\n<ul>\n<li>Mobi : pour les appareils Kindle<\/li>\n<li>ePub : pour iBooks, Google Books, Kobo et plus encore<\/li>\n<li>LE FORMAT PDF : Un lecteur de PDF tel qu'Adobe Acrobat Reader est n\u00e9cessaire pour l'affichage.<\/li>\n<\/ul>","protected":false},"excerpt":{"rendered":"<p>Dies ist die E-Book-Version von\u00a0\u0410\u0433\u043d\u0435\u0446, der russischen Ausgabe von\u00a0Das Lamm. Read Sample Chapters Beim Kauf dieses Produkts k\u00f6nnen Sie die Mobi-, ePub- und PDF-Versionen herunterladen. Mobi: f\u00fcr Kindle-Ger\u00e4te ePub: f\u00fcr iBooks, Google Books, Kobo und mehr PDF: Zum Anzeigen ist ein PDF-Reader wie Adobe Acrobat Reader erforderlich<\/p>","protected":false},"featured_media":383,"comment_status":"closed","ping_status":"closed","template":"","meta":{"_acf_changed":false,"_glsr_average":0,"_glsr_ranking":0,"_glsr_reviews":0},"product_brand":[],"product_cat":[24,18,21,96],"product_tag":[64],"giftcard-category":[],"class_list":{"0":"post-382","1":"product","2":"type-product","3":"status-publish","4":"has-post-thumbnail","6":"product_cat-ebooks","7":"product_cat-evangelisation_nachfolge","8":"product_cat-kinder","9":"product_cat-russisch","10":"product_tag-russian","12":"first","13":"instock","14":"taxable","15":"shipping-taxable","16":"product-type-simple"},"acf":[],"_links":{"self":[{"href":"https:\/\/eu.goodseed.com\/fr\/wp-json\/wp\/v2\/product\/382","targetHints":{"allow":["GET"]}}],"collection":[{"href":"https:\/\/eu.goodseed.com\/fr\/wp-json\/wp\/v2\/product"}],"about":[{"href":"https:\/\/eu.goodseed.com\/fr\/wp-json\/wp\/v2\/types\/product"}],"replies":[{"embeddable":true,"href":"https:\/\/eu.goodseed.com\/fr\/wp-json\/wp\/v2\/comments?post=382"}],"wp:featuredmedia":[{"embeddable":true,"href":"https:\/\/eu.goodseed.com\/fr\/wp-json\/wp\/v2\/media\/383"}],"wp:attachment":[{"href":"https:\/\/eu.goodseed.com\/fr\/wp-json\/wp\/v2\/media?parent=382"}],"wp:term":[{"taxonomy":"product_brand","embeddable":true,"href":"https:\/\/eu.goodseed.com\/fr\/wp-json\/wp\/v2\/product_brand?post=382"},{"taxonomy":"product_cat","embeddable":true,"href":"https:\/\/eu.goodseed.com\/fr\/wp-json\/wp\/v2\/product_cat?post=382"},{"taxonomy":"product_tag","embeddable":true,"href":"https:\/\/eu.goodseed.com\/fr\/wp-json\/wp\/v2\/product_tag?post=382"},{"taxonomy":"giftcard-category","embeddable":true,"href":"https:\/\/eu.goodseed.com\/fr\/wp-json\/wp\/v2\/giftcard-category?post=382"}],"curies":[{"name":"wp","href":"https:\/\/api.w.org\/{rel}","templated":true}]}}