{"id":379,"date":"2025-04-28T05:24:37","date_gmt":"2025-04-28T05:24:37","guid":{"rendered":"https:\/\/eu.goodseed.com\/?post_type=product&#038;p=379"},"modified":"2025-12-05T01:50:28","modified_gmt":"2025-12-05T01:50:28","slug":"the-lamb-picture-book-spanish-el-cordero","status":"publish","type":"product","link":"https:\/\/eu.goodseed.com\/fr\/product\/the-lamb-picture-book-spanish-el-cordero\/","title":{"rendered":"L'agneau - Livre d'images (Espagnol) - El Cordero"},"content":{"rendered":"<p>\u201eEl Cordero\u201c est l'\u00e9dition espagnole de \u201e<a title=\"L&#039;agneau\" href=\"https:\/\/ca.goodseed.com\/the-lamb-picture-book-with-cd-english\/\">L'agneau<\/a>\u201c.<\/p>\n<p>La description suivante est tir\u00e9e de l'\u00e9dition anglaise.<\/p>\n<p>Comment expliquer l'\u00c9vangile aux enfants de mani\u00e8re compr\u00e9hensible ? Comment leur expliquer qu'ils ont besoin d'un Sauveur sans \u00e9dulcorer les d\u00e9tails ? Comment pouvons-nous capter leur attention suffisamment longtemps pour leur expliquer ce dont il est question dans la Bible ? Comment pouvons-nous \u00eatre pr\u00e9cis tout en tenant compte du fait qu'ils ont besoin d'explications plus simples ?<\/p>\n<p>\u201eL'agneau\u201c est un livre pour les enfants de cinq \u00e0 dix ans. Avec ses illustrations color\u00e9es, ce livre d'images emm\u00e8ne les enfants dans un voyage au c\u0153ur du message biblique. Partant de la cr\u00e9ation de l'univers, le livre explique des concepts bibliques centraux : Qui est Dieu ? Comment est Dieu ? Qu'est-ce que le p\u00e9ch\u00e9 ? D'o\u00f9 vient le mal ? Pourquoi avons-nous besoin d'un Sauveur ? Le livre se termine par une explication claire de l'identit\u00e9 de J\u00e9sus et de son don miraculeux en tant que notre Sauveur.<\/p>\n<p>Le livre \u00e9tablit un lien clair entre J\u00e9sus et l'agneau sacrifi\u00e9 de l'Ancien Testament. Des th\u00e8mes tels que la mort sont trait\u00e9s de mani\u00e8re honn\u00eate et directe. Les d\u00e9tails descriptifs de l'histoire du salut sont trait\u00e9s avec sensibilit\u00e9, mais sans \u00eatre \u00e9dulcor\u00e9s. \u00c0 la fin, les enfants apprennent qui est Dieu et ce qu'il a fait sur la croix pour l'humanit\u00e9. C'est un message d'espoir que chaque enfant devrait entendre.<\/p>\n<p><a title=\"Exemples de chapitres du livre\" href=\"http:\/\/www.goodseed.com\/pdfs\/samples\/sample-lamb-spanish-059003.pdf\" target=\"_blank\" rel=\"noopener\"><strong>Lire des exemples de chapitres<\/strong><\/a><\/p>\n<p>&nbsp;<\/p>\n<h4>Caract\u00e9ristiques<\/h4>\n<ul>\n<li><strong>\u00c9crit pour les enfants :<\/strong>\u00a0Convient \u00e0 tous les groupes d'\u00e2ge, mais \u00e9crit pour les enfants \u00e0 partir de cinq ans.<\/li>\n<li><strong>Enti\u00e8rement illustr\u00e9 :<\/strong>\u00a050 peintures en couleur de l'artiste talentueux Ian Mastin donnent vie \u00e0 l'histoire de l'\u00c9vangile. (Voir <a title=\"Ianmastin.com\" href=\"http:\/\/ianmastin.com\/\">ianmastin.com<\/a>)<\/li>\n<li><strong>Hypoth\u00e8ses :<\/strong>\u00a0Ne requiert pas de connaissances bibliques.<\/li>\n<li><strong>Chronologiquement :<\/strong>\u00a0Commence par la cr\u00e9ation de l'univers et progresse ensuite de mani\u00e8re s\u00e9quentielle \u00e0 travers les principales histoires de l'Ancien Testament, avant de passer au Nouveau Testament et de r\u00e9v\u00e9ler la signification de la croix et du tombeau. L'histoire principale de la Bible est li\u00e9e \u00e0 un drame universel et englobant.<\/li>\n<li><strong>Posez les bases :<\/strong> L'approche de la cr\u00e9ation \u00e0 la croix aide \u00e0 mettre toute la Bible en contexte. Aide les enfants \u00e0 comprendre le message de la Bible de mani\u00e8re compr\u00e9hensible.<\/li>\n<li><strong>Pr\u00e9sentation pr\u00e9cise de l'\u00c9vangile :<\/strong>\u00a0Des th\u00e8mes complexes tels que la mort, le p\u00e9ch\u00e9, le mal et la sollicitude de Dieu sont pr\u00e9sent\u00e9s avec sensibilit\u00e9 et \u00e0 la port\u00e9e des enfants.<\/li>\n<li><strong>R\u00e9p\u00e9tition int\u00e9gr\u00e9e :<\/strong>\u00a0Chaque chapitre commence par une r\u00e9vision et se termine par des questions afin de s'assurer que les enfants comprennent clairement le message.<\/li>\n<li><strong>Pour offrir : ce livre reli\u00e9 est un cadeau beau et \u00e9l\u00e9gant pour les enfants ou les familles avec enfants.<\/strong><\/li>\n<li><strong>Pour les d\u00e9votions :<\/strong>\u00a0Peut \u00eatre lu pour la veill\u00e9e familiale ou pour la lecture d'histoires bibliques.<\/li>\n<\/ul>\n<div>\n<p>\u00a0<iframe src=\"https:\/\/www.youtube.com\/embed\/IojxLpPNdE4?fs=1\" width=\"440\" height=\"330\" frameborder=\"0\" allowfullscreen=\"allowfullscreen\"><\/iframe><\/p>\n<p>&nbsp;<\/p>\n<p>\u00c9galement disponible :<a href=\"https:\/\/ca.goodseed.com\/the-lamb-spanish-ebook\/\">eBook edition<\/a><\/p>\n<div id=\"u12369-7\" class=\"Main-Body-Text clearfix grpelem shared_content\" data-muse-uid=\"U12369\" data-muse-type=\"txt_frame\" data-ibe-flags=\"txtStyleSrc\" data-sizepolicy=\"fluidWidth\" data-pintopage=\"page_fixedCenter\" data-leftadjustmentdoneby=\"pu12369-7\" data-content-guid=\"u12369-7_content\">\n<p id=\"u12369-2\">Escrito para ni\u00f1os de cinco a\u00f1os y adelante pero repasado y apreciado por todas las edades, El Cordero lleva al lector en un trayecto a trav\u00e9s del coraz\u00f3n del mensaje de la Biblia. Explica el evangelio de una manera sencilla pero precisa, sin diluir los detalles.<\/p>\n<p id=\"u12369-3\">Acompa\u00f1ado por ilustraciones a todo color, El Cordero empieza con la creaci\u00f3n del universo el libro explica conceptos b\u00edblicos claves : \u00bfQui\u00e9n es Dios y c\u00f3mo es \u00c9l ?  \u00bfQu\u00e9 es el pecado ? \u00bfPor qu\u00e9 necesitamos un Salvador ?<\/p>\n<\/div>\n<div id=\"u18432-7\" class=\"Main-Body-Text clearfix grpelem shared_content\" data-muse-uid=\"U18432\" data-muse-type=\"txt_frame\" data-ibe-flags=\"txtStyleSrc\" data-sizepolicy=\"fluidWidth\" data-pintopage=\"page_fixedCenter\" data-leftadjustmentdoneby=\"pu12369-7\" data-content-guid=\"u18432-7_content\">\n<p id=\"u18432-2\">El libro hace una relaci\u00f3n clara entre Jes\u00fas y el cordero sacrificial del Antiguo Testamento cordero.  Temas como la muerte son tratados de una manera honesta y directa. Los detalles gr\u00e1ficos que rodean la historia de la salvaci\u00f3n sont manejados con sensibilidad, pero no diluidos.<\/p>\n<p id=\"u18432-3\">Al final del libro, los ni\u00f1os tendr\u00e1n una explicaci\u00f3n de quien es Dios y lo que \u00c9l hizo por la humanidad en la cruz. Es un mensaje de esperanza que cada ni\u00f1o debe de escuchar. El libro conclusye con una explicaci\u00f3n muy clara de la identidad de Jes\u00fas y su impresionante provisi\u00f3n como nuestro Salvador.<\/p>\n<p>Caracter\u00edsticas<\/p>\n<div id=\"pu12330-6\" class=\"clearfix colelem\">\n<div id=\"u12330-6\" class=\"Main-Body-Text clearfix grpelem shared_content\" data-muse-uid=\"U12330\" data-muse-type=\"txt_frame\" data-ibe-flags=\"txtStyleSrc\" data-sizepolicy=\"fluidWidth\" data-pintopage=\"page_fixedCenter\" data-leftadjustmentdoneby=\"pu12330-6\" data-content-guid=\"u12330-6_content\">\n<p id=\"u12330-2\"><strong><span id=\"u12330\" class=\"Book-Page-Feature-Title\">Dise\u00f1ado para regalarse :<\/span><\/strong><\/p>\n<p id=\"u12330-4\">Este libro de tapa dura es un hermoso y elegante regalo, ya sea para ni\u00f1o o una familia con ni\u00f1os.<\/p>\n<\/div>\n<div id=\"u12349-6\" class=\"Main-Body-Text clearfix grpelem shared_content\" data-muse-uid=\"U12349\" data-muse-type=\"txt_frame\" data-ibe-flags=\"txtStyleSrc\" data-sizepolicy=\"fluidWidth\" data-pintopage=\"page_fixedCenter\" data-leftadjustmentdoneby=\"pu12330-6\" data-content-guid=\"u12349-6_content\">\n<p id=\"u12349-2\"><strong><span id=\"u12349\" class=\"Book-Page-Feature-Title\">Dise\u00f1ado para devocionales :<\/span><\/strong><\/p>\n<p id=\"u12349-4\">Puede ser le\u00eddo como devocional familiar o para disfrutar en el tiempo de leer historias b\u00edblicas.  Tambi\u00e9n puede ser usado en Escuela Dominical o un ambiente de Escuela en Casa.<\/p>\n<\/div>\n<\/div>\n<div id=\"pu12338-6\" class=\"clearfix colelem\">\n<div id=\"u12338-6\" class=\"Main-Body-Text clearfix grpelem shared_content\" data-muse-uid=\"U12338\" data-muse-type=\"txt_frame\" data-ibe-flags=\"txtStyleSrc\" data-sizepolicy=\"fluidWidth\" data-pintopage=\"page_fixedCenter\" data-leftadjustmentdoneby=\"pu12338-6\" data-content-guid=\"u12338-6_content\">\n<p id=\"u12338-2\"><strong><span id=\"u12338\" class=\"Book-Page-Feature-Title shared_content\" data-content-guid=\"u12338_content\">Orden Cronol\u00f3gico :<\/span><\/strong><\/p>\n<p id=\"u12338-4\" class=\"shared_content\" data-content-guid=\"u12338-4_content\">Empieza con la creaci\u00f3n del universo y progresa secuencialmente a trav\u00e9s de historias claves de los Antiguo y Nuevo Testamentos para explicar el significado de la cruz y la tumba. Se une la historia principal de la Biblia en un drama universal que abarca todo.<\/p>\n<\/div>\n<div id=\"u12337-6\" class=\"Main-Body-Text clearfix grpelem\" data-muse-uid=\"U12337\" data-muse-type=\"txt_frame\" data-ibe-flags=\"txtStyleSrc\" data-sizepolicy=\"fluidWidth\" data-pintopage=\"page_fixedCenter\" data-leftadjustmentdoneby=\"pu12338-6\">\n<p id=\"u12337-2\"><strong><span id=\"u12337\" class=\"Book-Page-Feature-Title shared_content\" data-content-guid=\"u12337_content\">Establece los cimientos :<\/span><\/strong><\/p>\n<p id=\"u12337-4\" class=\"shared_content\" data-content-guid=\"u12337-4_content\">El enfoque de la creaci\u00f3n hasta la cruz ayuda a poner en contexto toda la Biblia. Ayudar\u00e1 a los ni\u00f1os a comprender el mensaje general de la Biblia.<\/p>\n<\/div>\n<\/div>\n<div id=\"pu12347-6\" class=\"clearfix colelem\">\n<div id=\"u12347-6\" class=\"Main-Body-Text clearfix grpelem shared_content\" data-muse-uid=\"U12347\" data-muse-type=\"txt_frame\" data-ibe-flags=\"txtStyleSrc\" data-sizepolicy=\"fluidWidth\" data-pintopage=\"page_fixedCenter\" data-leftadjustmentdoneby=\"pu12347-6\" data-content-guid=\"u12347-6_content\">\n<p id=\"u12347-2\"><strong><span id=\"u12347\" class=\"Book-Page-Feature-Title shared_content\" data-content-guid=\"u12347_content\">La presentaci\u00f3n exacta del evangelio :<\/span><\/strong><\/p>\n<p id=\"u12347-4\" class=\"shared_content\" data-content-guid=\"u12347-4_content\">Asuntos complejos como la muerte, el pecado, la maldad y la provisi\u00f3n de Dios son presentados de una manera sensible para que los ni\u00f1os puedan entender.<\/p>\n<\/div>\n<div id=\"u12378-6\" class=\"Main-Body-Text clearfix grpelem shared_content\" data-muse-uid=\"U12378\" data-muse-type=\"txt_frame\" data-ibe-flags=\"txtStyleSrc\" data-sizepolicy=\"fluidWidth\" data-pintopage=\"page_fixedCenter\" data-leftadjustmentdoneby=\"pu12347-6\" data-content-guid=\"u12378-6_content\">\n<p id=\"u12378-2\"><strong><span id=\"u12378\" class=\"Book-Page-Feature-Title shared_content\" data-content-guid=\"u12378_content\">Repaso incorporado :<\/span><\/strong><\/p>\n<p id=\"u12378-4\" class=\"shared_content\" data-content-guid=\"u12378-4_content\">Cada cap\u00edtulo comienza con un repaso y termina con preguntas, todas ellas est\u00e1n dise\u00f1adas para asegurar que los ni\u00f1os entienden claramente el mensaje.<\/p>\n<\/div>\n<\/div>\n<div id=\"pu12361-6\" class=\"clearfix colelem\">\n<div id=\"u12361-6\" class=\"Main-Body-Text clearfix grpelem shared_content\" data-muse-uid=\"U12361\" data-muse-type=\"txt_frame\" data-ibe-flags=\"txtStyleSrc\" data-sizepolicy=\"fluidWidth\" data-pintopage=\"page_fixedCenter\" data-leftadjustmentdoneby=\"pu12361-6\" data-content-guid=\"u12361-6_content\">\n<p id=\"u12361-2\"><strong>Apreciado por adultos :<\/strong><\/p>\n<\/div>\n<div id=\"u18441-6\" class=\"Main-Body-Text clearfix grpelem shared_content\" data-muse-uid=\"U18441\" data-muse-type=\"txt_frame\" data-ibe-flags=\"txtStyleSrc\" data-sizepolicy=\"fluidWidth\" data-pintopage=\"page_fixedCenter\" data-leftadjustmentdoneby=\"pu12361-6\" data-content-guid=\"u18441-6_content\">\n<p id=\"u18441-4\" class=\"shared_content\" data-content-guid=\"u18441-4_content\">Para aquellos que tienen lapsos cortos de atenci\u00f3n o dificultad para aprender nuevos conceptos, las ilustraciones de El Cordero se enfocan a ayudar a hacer m\u00e1s claro el mensaje de la biblia.<\/p>\n<p>Nombre de pages : 183<br \/>\nISBN : 1890082481<\/p>\n<\/div>\n<\/div>\n<\/div>\n<\/div>","protected":false},"excerpt":{"rendered":"<p>Tarification en vrac :<\/p>\n<p>Ci-dessous, les taux de remise en vrac disponibles pour chaque article individuel lorsque vous achetez un certain montant.<\/p>\n<ul>\n<li>Achetez 4 ou plus et obtenez 10% off<\/li>\n<\/ul>","protected":false},"featured_media":380,"comment_status":"closed","ping_status":"closed","template":"","meta":{"_acf_changed":false,"_glsr_average":0,"_glsr_ranking":0,"_glsr_reviews":0},"product_brand":[],"product_cat":[18,21,97],"product_tag":[56],"giftcard-category":[],"class_list":{"0":"post-379","1":"product","2":"type-product","3":"status-publish","4":"has-post-thumbnail","6":"product_cat-evangelisation_nachfolge","7":"product_cat-kinder","8":"product_cat-spanisch","9":"product_tag-spanish","11":"first","12":"instock","13":"taxable","14":"shipping-taxable","15":"purchasable","16":"product-type-simple"},"acf":[],"_links":{"self":[{"href":"https:\/\/eu.goodseed.com\/fr\/wp-json\/wp\/v2\/product\/379","targetHints":{"allow":["GET"]}}],"collection":[{"href":"https:\/\/eu.goodseed.com\/fr\/wp-json\/wp\/v2\/product"}],"about":[{"href":"https:\/\/eu.goodseed.com\/fr\/wp-json\/wp\/v2\/types\/product"}],"replies":[{"embeddable":true,"href":"https:\/\/eu.goodseed.com\/fr\/wp-json\/wp\/v2\/comments?post=379"}],"wp:featuredmedia":[{"embeddable":true,"href":"https:\/\/eu.goodseed.com\/fr\/wp-json\/wp\/v2\/media\/380"}],"wp:attachment":[{"href":"https:\/\/eu.goodseed.com\/fr\/wp-json\/wp\/v2\/media?parent=379"}],"wp:term":[{"taxonomy":"product_brand","embeddable":true,"href":"https:\/\/eu.goodseed.com\/fr\/wp-json\/wp\/v2\/product_brand?post=379"},{"taxonomy":"product_cat","embeddable":true,"href":"https:\/\/eu.goodseed.com\/fr\/wp-json\/wp\/v2\/product_cat?post=379"},{"taxonomy":"product_tag","embeddable":true,"href":"https:\/\/eu.goodseed.com\/fr\/wp-json\/wp\/v2\/product_tag?post=379"},{"taxonomy":"giftcard-category","embeddable":true,"href":"https:\/\/eu.goodseed.com\/fr\/wp-json\/wp\/v2\/giftcard-category?post=379"}],"curies":[{"name":"wp","href":"https:\/\/api.w.org\/{rel}","templated":true}]}}