{"id":331,"date":"2025-04-25T05:30:15","date_gmt":"2025-04-25T05:30:15","guid":{"rendered":"https:\/\/eu.goodseed.com\/?post_type=product&#038;p=331"},"modified":"2025-12-05T01:52:09","modified_gmt":"2025-12-05T01:52:09","slug":"what-are-christmas-and-easter-all-about-lao","status":"publish","type":"product","link":"https:\/\/eu.goodseed.com\/fr\/product\/what-are-christmas-and-easter-all-about-lao\/","title":{"rendered":"Quel est le rapport entre No\u00ebl et P\u00e2ques ? (en laotien)"},"content":{"rendered":"<blockquote>\n<ul>\n<li><strong>Achetez de 10 \u00e0 49 pi\u00e8ces et recevez <strong>15 % R\u00e9duction<\/strong><\/strong><\/li>\n<li><strong>Achetez 50-99 pi\u00e8ces et recevez <strong>25 % R\u00e9duction<\/strong><\/strong><\/li>\n<li><strong>Achetez 100 pi\u00e8ces ou plus et recevez <strong>35 % R\u00e9duction<\/strong><\/strong><\/li>\n<\/ul>\n<\/blockquote>\n<p>Comme d'autres outils de GoodSeed, ce livre explique l'\u00c9vangile de mani\u00e8re chronologique, de la cr\u00e9ation \u00e0 la croix. Le prix de la brochure de 80 pages permet de l'offrir en grande quantit\u00e9. Les paroisses peuvent pr\u00e9senter les brochures aux visiteurs ou les distribuer lors de concerts ou d'autres \u00e9v\u00e9nements - notamment \u00e0 P\u00e2ques ou \u00e0 No\u00ebl. Les particuliers peuvent \u00e9galement donner la brochure \u00e0 leur famille, \u00e0 leurs amis et \u00e0 leurs voisins, comme s'il s'agissait d'un tract.<\/p>\n<p>\u00c0 l'aide d'illustrations en couleur et d'un texte soigneusement s\u00e9lectionn\u00e9, le message central de la Bible est expliqu\u00e9 dans un anglais facile \u00e0 comprendre, de sorte que m\u00eame ceux qui utilisent l'anglais comme deuxi\u00e8me langue peuvent comprendre clairement le message.<\/p>\n<h4>Fonctions<\/h4>\n<ul>\n<li><strong>Pour les personnes ayant des connaissances linguistiques limit\u00e9es :<\/strong> Gr\u00e2ce \u00e0 EasyEnglish, il est adapt\u00e9 aux enfants, aux adolescents, \u00e0 l'anglais comme deuxi\u00e8me langue et aux personnes qui ne lisent pas beaucoup.<\/li>\n<li><strong>Prix des cadeaux de masse :<\/strong> Cette brochure est tr\u00e8s abordable. Achet\u00e9e en grandes quantit\u00e9s, elle co\u00fbte moins cher qu'une tasse de caf\u00e9 - moins cher qu'une carte de No\u00ebl ou de P\u00e2ques. Elle est id\u00e9ale pour \u00eatre offerte en grande quantit\u00e9. Une \u00e9glise peut en accrocher une \u00e0 chaque porte de son quartier sans exploser son budget !<\/li>\n<li><strong>Hypoth\u00e8ses :<\/strong>\u00a0Pr\u00e9suppose que le lecteur a peu ou pas de connaissances pr\u00e9alables de la Bible.<\/li>\n<li><strong>Chronologiquement :<\/strong>\u00a0Le livre commence par la cr\u00e9ation de l'univers, puis passe s\u00e9quentiellement des principales histoires de l'Ancien Testament au Nouveau Testament, pour r\u00e9v\u00e9ler la signification de la croix et du tombeau. L'histoire principale de la Bible est reli\u00e9e en un drame universel et englobant. Le contenu est court, de sorte qu'un lecteur peut lire le livre en 45 minutes environ.<\/li>\n<li><strong>Enti\u00e8rement illustr\u00e9 :<\/strong>\u00a0Les peintures en couleur de l'artiste talentueux Ian Mastin donnent vie \u00e0 l'histoire de l'\u00c9vangile. (Voir\u00a0<a title=\"iammastin.com\" href=\"http:\/\/ianmastin.com\/\">ianmastin.com<\/a>)<\/li>\n<\/ul>","protected":false},"excerpt":{"rendered":"<p>Preise f\u00fcr Gro\u00dfmengen:<\/p>\n<p>Nachfolgend finden Sie die verf\u00fcgbaren Mengenrabatte f\u00fcr jeden einzelnen Artikel, wenn Sie eine bestimmte Menge kaufen<\/p>\n<ul>\n<li>Kaufen Sie 10 &#8211; 49 und erhalten Sie 15% Rabatt<\/li>\n<li>Kaufen Sie 50 &#8211; 99 und erhalten Sie 25% Rabatt<\/li>\n<li>Achetez 100 ou plus et obtenez 35% de r\u00e9duction<\/li>\n<\/ul>","protected":false},"featured_media":332,"comment_status":"closed","ping_status":"closed","template":"","meta":{"_acf_changed":false,"_glsr_average":0,"_glsr_ranking":0,"_glsr_reviews":0},"product_brand":[],"product_cat":[19,18,104,17],"product_tag":[63],"giftcard-category":[],"class_list":{"0":"post-331","1":"product","2":"type-product","3":"status-publish","4":"has-post-thumbnail","6":"product_cat-broschuren-zur-evangelisation","7":"product_cat-evangelisation_nachfolge","8":"product_cat-laotisch","9":"product_cat-new-release","10":"product_tag-lao","12":"first","13":"instock","14":"taxable","15":"shipping-taxable","16":"purchasable","17":"product-type-simple"},"acf":[],"_links":{"self":[{"href":"https:\/\/eu.goodseed.com\/fr\/wp-json\/wp\/v2\/product\/331","targetHints":{"allow":["GET"]}}],"collection":[{"href":"https:\/\/eu.goodseed.com\/fr\/wp-json\/wp\/v2\/product"}],"about":[{"href":"https:\/\/eu.goodseed.com\/fr\/wp-json\/wp\/v2\/types\/product"}],"replies":[{"embeddable":true,"href":"https:\/\/eu.goodseed.com\/fr\/wp-json\/wp\/v2\/comments?post=331"}],"wp:featuredmedia":[{"embeddable":true,"href":"https:\/\/eu.goodseed.com\/fr\/wp-json\/wp\/v2\/media\/332"}],"wp:attachment":[{"href":"https:\/\/eu.goodseed.com\/fr\/wp-json\/wp\/v2\/media?parent=331"}],"wp:term":[{"taxonomy":"product_brand","embeddable":true,"href":"https:\/\/eu.goodseed.com\/fr\/wp-json\/wp\/v2\/product_brand?post=331"},{"taxonomy":"product_cat","embeddable":true,"href":"https:\/\/eu.goodseed.com\/fr\/wp-json\/wp\/v2\/product_cat?post=331"},{"taxonomy":"product_tag","embeddable":true,"href":"https:\/\/eu.goodseed.com\/fr\/wp-json\/wp\/v2\/product_tag?post=331"},{"taxonomy":"giftcard-category","embeddable":true,"href":"https:\/\/eu.goodseed.com\/fr\/wp-json\/wp\/v2\/giftcard-category?post=331"}],"curies":[{"name":"wp","href":"https:\/\/api.w.org\/{rel}","templated":true}]}}