{"id":318,"date":"2025-04-25T03:51:15","date_gmt":"2025-04-25T03:51:15","guid":{"rendered":"https:\/\/eu.goodseed.com\/?post_type=product&#038;p=318"},"modified":"2025-12-05T01:53:34","modified_gmt":"2025-12-05T01:53:34","slug":"no-ordinary-story-radio-theatre-2-cd-set","status":"publish","type":"product","link":"https:\/\/eu.goodseed.com\/fr\/product\/no-ordinary-story-radio-theatre-2-cd-set\/","title":{"rendered":"Pas une histoire ordinaire Th\u00e9\u00e2tre radiophonique Coffret 2 CD"},"content":{"rendered":"<div>\n<ul>\n<li><strong>Kaufen Sie 4 &#8211; 11 und erhalten Sie 25% Rabatt<\/strong><\/li>\n<li><strong>Kaufen Sie 12 &#8211; 23 und erhalten Sie 35% Rabatt<\/strong><\/li>\n<li><strong>Kaufen Sie 24 oder mehr und erhalten Sie 50% Rabatt<\/strong><\/li>\n<\/ul>\n<p>&nbsp;<\/p>\n<p>Die Heilige Bibel ist seit langem der Weltbestseller. Sie hat den Niedergeschlagenen Hoffnung gegeben und einige der gr\u00f6\u00dften Reden, Kunstwerke und Musikst\u00fccke inspiriert, die je produziert wurden.<\/p>\n<p>No Ordinary Story ist eine objektive Darstellung der Kernbotschaft der Bibel. Es wird die wahre Geschichte von Rajiv, Julie und Richard dramatisiert, die versuchen, die Botschaft der Bibel zu verstehen. Siebzehn Originallieder &#8211; eine Stunde Musik &#8211; machen es zu einem unvergesslichen Erlebnis.<\/p>\n<p>Jetzt k\u00f6nnen Sie die beiden auf ihrer bemerkenswerten Reise begleiten und die Bibel selbst erforschen. Die Bibel wird nicht umsonst \u201edie gr\u00f6\u00dfte Geschichte, die je erz\u00e4hlt wurde\u201c genannt.<\/p>\n<p>Eine Botschaft der Hoffnung inmitten der Verzweiflung, die auf unvergessliche Weise vermittelt wird.<br \/>\nPr\u00e4sentiert das \u201egro\u00dfe Bild\u201c der Bibel.<br \/>\nEine zeitlose Botschaft, erz\u00e4hlt mit Worten und Musik.<br \/>\nGeschrieben f\u00fcr diejenigen, die wenig oder gar kein Hintergrundwissen \u00fcber die Bibel haben, und f\u00fcr diejenigen, die viel mehr wissen.<\/p>\n<p>Laufzeit: 107 Minuten 2 CDs<\/p>\n<p>&nbsp;<\/p>\n<p>Running time: 107 minutes \u00a02 CDs<\/p>\n<p>&nbsp;<\/p>\n<p>For the download version of the No Ordinary Story &#8211; Radio Theatre, please visit:\u00a0<a href=\"https:\/\/ca.goodseed.com\/no-ordinary-story-radio-theatre-download\/\">ca.goodseed.com\/no-ordinary-story-radio-theatre-2-cd-set\/<\/a><\/p>\n<\/div>\n<section class=\"videoGallery\" data-video-gallery=\"\">\n<div id=\"videoGallery-content\">\n<div class=\"videoGallery-main\"><iframe id=\"player\" class=\"lazyloaded\" width=\"640\" height=\"390\" frameborder=\"0\" allowfullscreen=\"allowfullscreen\" data-src=\"\/\/www.youtube.com\/embed\/qNR8bWs-S0U?rel=0\" data-video-player=\"\" data-mce-fragment=\"1\"><\/iframe><\/div>\n<div class=\"video-body\">\n<p class=\"video-description\">\n<\/div>\n<\/div>\n<\/section>","protected":false},"excerpt":{"rendered":"<p>Preise f\u00fcr Gro\u00dfmengen:<\/p>\n<p>Nachfolgend finden Sie die verf\u00fcgbaren Mengenrabatte f\u00fcr jeden einzelnen Artikel, wenn Sie eine bestimmte Menge kaufen<\/p>\n<ul>\n<li>Kaufen Sie 4 &#8211; 9 und erhalten Sie 25% Rabatt<\/li>\n<li>Kaufen Sie 10 oder mehr und zahlen Sie nur $5,50 pro St\u00fcck<\/li>\n<\/ul>","protected":false},"featured_media":320,"comment_status":"closed","ping_status":"closed","template":"","meta":{"_acf_changed":false,"_glsr_average":0,"_glsr_ranking":0,"_glsr_reviews":0},"product_brand":[],"product_cat":[18,17,51],"product_tag":[],"giftcard-category":[],"class_list":{"0":"post-318","1":"product","2":"type-product","3":"status-publish","4":"has-post-thumbnail","6":"product_cat-evangelisation_nachfolge","7":"product_cat-new-release","8":"product_cat-sekulare-weltanschauung","10":"first","11":"instock","12":"taxable","13":"shipping-taxable","14":"purchasable","15":"product-type-simple"},"acf":[],"_links":{"self":[{"href":"https:\/\/eu.goodseed.com\/fr\/wp-json\/wp\/v2\/product\/318","targetHints":{"allow":["GET"]}}],"collection":[{"href":"https:\/\/eu.goodseed.com\/fr\/wp-json\/wp\/v2\/product"}],"about":[{"href":"https:\/\/eu.goodseed.com\/fr\/wp-json\/wp\/v2\/types\/product"}],"replies":[{"embeddable":true,"href":"https:\/\/eu.goodseed.com\/fr\/wp-json\/wp\/v2\/comments?post=318"}],"wp:featuredmedia":[{"embeddable":true,"href":"https:\/\/eu.goodseed.com\/fr\/wp-json\/wp\/v2\/media\/320"}],"wp:attachment":[{"href":"https:\/\/eu.goodseed.com\/fr\/wp-json\/wp\/v2\/media?parent=318"}],"wp:term":[{"taxonomy":"product_brand","embeddable":true,"href":"https:\/\/eu.goodseed.com\/fr\/wp-json\/wp\/v2\/product_brand?post=318"},{"taxonomy":"product_cat","embeddable":true,"href":"https:\/\/eu.goodseed.com\/fr\/wp-json\/wp\/v2\/product_cat?post=318"},{"taxonomy":"product_tag","embeddable":true,"href":"https:\/\/eu.goodseed.com\/fr\/wp-json\/wp\/v2\/product_tag?post=318"},{"taxonomy":"giftcard-category","embeddable":true,"href":"https:\/\/eu.goodseed.com\/fr\/wp-json\/wp\/v2\/giftcard-category?post=318"}],"curies":[{"name":"wp","href":"https:\/\/api.w.org\/{rel}","templated":true}]}}