{"id":240,"date":"2025-04-23T09:38:05","date_gmt":"2025-04-23T09:38:05","guid":{"rendered":"https:\/\/eu.goodseed.com\/?post_type=product&#038;p=240"},"modified":"2025-12-05T01:54:34","modified_gmt":"2025-12-05T01:54:34","slug":"the-captive-and-the-kings-will","status":"publish","type":"product","link":"https:\/\/eu.goodseed.com\/fr\/product\/the-captive-and-the-kings-will\/","title":{"rendered":"Le prisonnier et la volont\u00e9 du roi"},"content":{"rendered":"<ul>\n<li>Kaufen Sie 4 &#8211; 11 und erhalten Sie 20% Rabatt<\/li>\n<li>Kaufen Sie 12 &#8211; 23 und erhalten Sie 25% Rabatt<\/li>\n<li>Kaufen Sie 24 oder mehr und erhalten Sie 35% Rabatt<\/li>\n<\/ul>\n<p>Vielleicht haben Sie einen Freund auf seiner Reise vom geistlichen Tod zum geistlichen Leben begleitet. Vielleicht haben Sie sich gefragt: \u201eWie geht es weiter?\u201c<\/p>\n<p>In Anlehnung an das Leben von Simon Petrus f\u00fchrt \u201eDer Gefangene und der Wille des K\u00f6nigs\u201c den neuen Gl\u00e4ubigen zu den n\u00e4chsten Schritten in der Nachfolge Christi. Ausgehend von der Annahme, dass der Leser wenig oder gar keine Erfahrung mit der Kirche oder dem Christentum hat, bem\u00fcht sich Der Gefangene, die wichtigsten Heiligungswahrheiten anzusprechen und die Gl\u00e4ubigen auf ihrem neu gefundenen Glauben zu gr\u00fcnden, w\u00e4hrend sie einen Weg mit dem Herrn verfolgen.<\/p>\n<p>&#8222;Ich bin zuversichtlich, dass dieses Buch ein Hilfsmittel sein wird, das neue Gl\u00e4ubige und \u00e4ltere Gl\u00e4ubige &#8230;<\/p>\n<p>nicht nur einmal lesen, sondern immer wieder darauf zur\u00fcckkommen werden.&#8220;<\/p>\n<p>&#8211; Leser-Rezension<\/p>\n<p>Caract\u00e9ristiques :<\/p>\n<p>&#8211; Grundannahmen f\u00fcr den Leser: Dieses Buch geht davon aus, dass der Leser den Inhalt von Der Fremde auf dem Weg nach Emmaus, Bei diesem Namen oder Alles, was die Propheten gesagt haben kennengelernt hat und seinen Glauben an Jesu Tod und Auferstehung gesetzt hat. Es wird nicht davon ausgegangen, dass sie bereits anderweitig mit dem Christentum in Ber\u00fchrung gekommen sind.<\/p>\n<p>&#8211; Erz\u00e4hlerische Herangehensweise: Die wichtigsten heiligmachenden Wahrheiten werden durch das Leben des Petrus vermittelt. Der Gefangene lehrt durch jeden Text, der mit dem Leben des Petrus in Verbindung steht, einschlie\u00dflich des gesamten 1. und 2.<\/p>\n<p>&#8211; Bibelverse: Siebenhundertf\u00fcnfundsechzig Verse werden in der Erz\u00e4hlung behandelt. Der Leser wird direkt mit dem Text der Bibel konfrontiert.<\/p>\n<p>&#8211; Illustriert: \u00dcber 50 Zeichnungen, Karten und Diagramme helfen, die Geschichte zu erkl\u00e4ren.<\/p>\n<p><strong>Zum Verschenken gedacht:<\/strong><\/p>\n<p>Kann verschenkt werden. Die Leser k\u00f6nnen sich diese heiligenden Wahrheiten selbst aneignen.<\/p>\n<p><strong>F\u00fcr das Studium konzipiert:<\/strong><\/p>\n<p>Ideal f\u00fcr ein Bibelstudium zu Hause.<\/p>\n<p>&nbsp;<\/p>\n<p><strong>Convient \u00e0 ces groupes cibles :<\/strong><\/p>\n<p>&#8211; F\u00fcr Erwachsene und Teenager geschrieben.<\/p>\n<p>&#8211; Richtet sich an neue Gl\u00e4ubige mit wenig oder gar keinem kirchlichen Hintergrund.<\/p>\n<p>&#8211; Es wird davon ausgegangen, dass die Leser nur wenig \u00fcber die Bibel wissen, au\u00dfer dem, was sie durch die Evangelisationsmaterialien von GoodSeed gelernt haben.<\/p>\n<p>Anzahl der Seiten: 288<br \/>\nISBN: 9781773040844<\/p>","protected":false},"excerpt":{"rendered":"<p>Preise f\u00fcr Gro\u00dfmengen:<\/p>\n<p>Nachfolgend finden Sie die verf\u00fcgbaren Mengenrabatte f\u00fcr jeden einzelnen Artikel, wenn Sie eine bestimmte Menge kaufen<\/p>\n<ul>\n<li>Kaufen Sie 4 &#8211; 11 und erhalten Sie 20% Rabatt<\/li>\n<li>Kaufen Sie 12 &#8211; 23 und erhalten Sie 25% Rabatt<\/li>\n<li>Kaufen Sie 24 oder mehr und erhalten Sie 35% Rabatt<\/li>\n<\/ul>","protected":false},"featured_media":229,"comment_status":"closed","ping_status":"closed","template":"","meta":{"_acf_changed":false,"_glsr_average":0,"_glsr_ranking":0,"_glsr_reviews":0},"product_brand":[],"product_cat":[20,17],"product_tag":[],"giftcard-category":[],"class_list":{"0":"post-240","1":"product","2":"type-product","3":"status-publish","4":"has-post-thumbnail","6":"product_cat-juengerschaft","7":"product_cat-new-release","9":"first","10":"instock","11":"taxable","12":"shipping-taxable","13":"purchasable","14":"product-type-simple"},"acf":[],"_links":{"self":[{"href":"https:\/\/eu.goodseed.com\/fr\/wp-json\/wp\/v2\/product\/240","targetHints":{"allow":["GET"]}}],"collection":[{"href":"https:\/\/eu.goodseed.com\/fr\/wp-json\/wp\/v2\/product"}],"about":[{"href":"https:\/\/eu.goodseed.com\/fr\/wp-json\/wp\/v2\/types\/product"}],"replies":[{"embeddable":true,"href":"https:\/\/eu.goodseed.com\/fr\/wp-json\/wp\/v2\/comments?post=240"}],"wp:featuredmedia":[{"embeddable":true,"href":"https:\/\/eu.goodseed.com\/fr\/wp-json\/wp\/v2\/media\/229"}],"wp:attachment":[{"href":"https:\/\/eu.goodseed.com\/fr\/wp-json\/wp\/v2\/media?parent=240"}],"wp:term":[{"taxonomy":"product_brand","embeddable":true,"href":"https:\/\/eu.goodseed.com\/fr\/wp-json\/wp\/v2\/product_brand?post=240"},{"taxonomy":"product_cat","embeddable":true,"href":"https:\/\/eu.goodseed.com\/fr\/wp-json\/wp\/v2\/product_cat?post=240"},{"taxonomy":"product_tag","embeddable":true,"href":"https:\/\/eu.goodseed.com\/fr\/wp-json\/wp\/v2\/product_tag?post=240"},{"taxonomy":"giftcard-category","embeddable":true,"href":"https:\/\/eu.goodseed.com\/fr\/wp-json\/wp\/v2\/giftcard-category?post=240"}],"curies":[{"name":"wp","href":"https:\/\/api.w.org\/{rel}","templated":true}]}}