{"id":1189,"date":"2025-05-07T02:53:08","date_gmt":"2025-05-07T02:53:08","guid":{"rendered":"https:\/\/eu.goodseed.com\/?post_type=product&#038;p=1189"},"modified":"2025-07-25T21:14:13","modified_gmt":"2025-07-25T21:14:13","slug":"rose-guide-tabernacle","status":"publish","type":"product","link":"https:\/\/eu.goodseed.com\/fr\/product\/rose-guide-tabernacle\/","title":{"rendered":"Rose Guide to the Tabernacle"},"content":{"rendered":"<p>Von: Benjamin Galan<\/p>\n<p>Die Stiftsh\u00fctte war der Ort, an dem die Israeliten nach dem Auszug Gott anbeteten. Erfahren Sie, wie die Opfer, Ger\u00e4te und sogar die Struktur der Stiftsh\u00fctte uns etwas \u00fcber Gott verraten sollten. Entdecken Sie in diesem n\u00fctzlichen Buch die Parallelen zwischen den alttestamentlichen Opfern und den Pflichten der Priester und Jesu Dienst als vollkommenes Opfer und vollkommener Hohepriester. Erfahren Sie, wie: Die Stiftsh\u00fctte gebaut wurde, die Opfer auf Jesus Christus hinwiesen, die Gestaltung des Zeltes Gottes Heiligkeit und das Bed\u00fcrfnis der Menschheit nach Gott offenbarte und die Bundeslade im Mittelpunkt der Anbetung stand. Dieses Buch enth\u00e4lt Abbildungen, Diagramme und Schaubilder, die nirgendwo sonst erh\u00e4ltlich sind.<\/p>\n<div class=\"CBD-TextContent CBD-PD-SubSection CBD-PD-Description CBD-TextContent-SingleColumn -ResponsiveModule CBD-TextContent-2Column hide-section\" data-cbd-responsivebehavior=\"text\" data-cbd-textcontent-status=\"active\">\n<div class=\"CBD-TextContent-Text\">\n<div class=\"CBD-TextContent-Columns\">\n<div>\n<p>Caract\u00e9ristiques :<\/p>\n<ul>\n<li>Transparente Kunststoffauflagen geben Einblick in die inneren Details<\/li>\n<li>Wundersch\u00f6ne Abbildungen der einzelnen Abschnitte der Stiftsh\u00fctte: der Vorhof, das Heilige und das Allerheiligste<\/li>\n<li>Enth\u00e4lt Erkl\u00e4rungen zur Einrichtung: dem bronzenen Altar, dem Waschbecken, dem goldenen Leuchter, dem R\u00e4ucheraltar, dem Schaubrottisch, der Bundeslade und dem Gnadenstuhl<\/li>\n<li>Die Opfer und der Kalender der Feste und Feiertage<\/li>\n<li>Die Gew\u00e4nder des Hohepriesters und vieles mehr<\/li>\n<li>Dutzende reproduzierbare Diagramme und Zeitleisten. <strong>Rose Publishing Produktcode: 673X<\/strong><\/li>\n<\/ul>\n<\/div>\n<p>&nbsp;<\/p>\n<\/div>\n<\/div>\n<\/div>\n<div class=\"CBD-TextContent-Clear\"><\/div>\n<div class=\"CBD-SectionHeading CBD-SectionHeading-Level1 inactive\">\n<h2 class=\"CBD-SectionHeadingContent\">Produktinformationen<\/h2>\n<p><strong>Publication Date:<\/strong>\u00a02008<br \/>\n<strong>ISBN:<\/strong>1596362766<br \/>\n<strong>ISBN-13:<\/strong>9781596362765<\/p>\n<p><strong>By:<\/strong>Benjamin Galan<br \/>\n<strong>Format:<\/strong>Spiral Bound<br \/>\n<strong>Anzahl der Seiten:<\/strong>128<br \/>\n<strong>Verk\u00e4ufer:<\/strong>Rose Publishing<\/p>\n<\/div>","protected":false},"excerpt":{"rendered":"<p>Von: Benjamin Galan Die Stiftsh\u00fctte war der Ort, an dem die Israeliten nach dem Auszug Gott anbeteten. Erfahren Sie, wie die Opfer, Ger\u00e4te und sogar die Struktur der Stiftsh\u00fctte uns etwas \u00fcber Gott verraten sollten. Entdecken Sie in diesem n\u00fctzlichen Buch die Parallelen zwischen den alttestamentlichen Opfern und den Pflichten der Priester und Jesu Dienst [&hellip;]<\/p>\n","protected":false},"featured_media":1190,"comment_status":"closed","ping_status":"closed","template":"","meta":{"_acf_changed":false,"_glsr_average":0,"_glsr_ranking":0,"_glsr_reviews":0},"product_brand":[],"product_cat":[22],"product_tag":[],"giftcard-category":[],"class_list":{"0":"post-1189","1":"product","2":"type-product","3":"status-publish","4":"has-post-thumbnail","6":"product_cat-veranschaulichung","8":"first","9":"instock","10":"taxable","11":"shipping-taxable","12":"purchasable","13":"product-type-simple"},"acf":[],"_links":{"self":[{"href":"https:\/\/eu.goodseed.com\/fr\/wp-json\/wp\/v2\/product\/1189","targetHints":{"allow":["GET"]}}],"collection":[{"href":"https:\/\/eu.goodseed.com\/fr\/wp-json\/wp\/v2\/product"}],"about":[{"href":"https:\/\/eu.goodseed.com\/fr\/wp-json\/wp\/v2\/types\/product"}],"replies":[{"embeddable":true,"href":"https:\/\/eu.goodseed.com\/fr\/wp-json\/wp\/v2\/comments?post=1189"}],"wp:featuredmedia":[{"embeddable":true,"href":"https:\/\/eu.goodseed.com\/fr\/wp-json\/wp\/v2\/media\/1190"}],"wp:attachment":[{"href":"https:\/\/eu.goodseed.com\/fr\/wp-json\/wp\/v2\/media?parent=1189"}],"wp:term":[{"taxonomy":"product_brand","embeddable":true,"href":"https:\/\/eu.goodseed.com\/fr\/wp-json\/wp\/v2\/product_brand?post=1189"},{"taxonomy":"product_cat","embeddable":true,"href":"https:\/\/eu.goodseed.com\/fr\/wp-json\/wp\/v2\/product_cat?post=1189"},{"taxonomy":"product_tag","embeddable":true,"href":"https:\/\/eu.goodseed.com\/fr\/wp-json\/wp\/v2\/product_tag?post=1189"},{"taxonomy":"giftcard-category","embeddable":true,"href":"https:\/\/eu.goodseed.com\/fr\/wp-json\/wp\/v2\/giftcard-category?post=1189"}],"curies":[{"name":"wp","href":"https:\/\/api.w.org\/{rel}","templated":true}]}}