{"id":1184,"date":"2025-05-07T02:41:10","date_gmt":"2025-05-07T02:41:10","guid":{"rendered":"https:\/\/eu.goodseed.com\/?post_type=product&#038;p=1184"},"modified":"2025-07-30T15:32:19","modified_gmt":"2025-07-30T15:32:19","slug":"modell-stiftshuette-das-tabernakel-bausatz","status":"publish","type":"product","link":"https:\/\/eu.goodseed.com\/fr\/product\/modell-stiftshuette-das-tabernakel-bausatz\/","title":{"rendered":"Mod\u00e8le du tabernacle - Le tabernacle en kit"},"content":{"rendered":"<p>Modellbausatz der Stiftsh\u00fctte des Volkes Israel. Das Modell der Stiftsh\u00fctte besteht aus einfarbigen Kunststoffteilen und Gummi-Figuren. Die Einzelteile k\u00f6nnen sehr leicht zu einer vollst\u00e4ndigen Stiftsh\u00fctte zusammengebaut werden. Das Kunststoff-Material macht dieses Modell sehr leicht und robust \u2013 ideal geeignet f\u00fcr den Unterricht oder zur Dekoration. Es eignet sich auch gut zur Veranschaulichung, wenn man z.B. das Buch \u201eDer Fremde auf dem Weg nach Emmaus\u201c (John R. Cross) lehrt. Das Modell kann durch weiteres Anmalen (bes. die Figuren) zus\u00e4tzlich dekoriert werden. Die Lieferung enth\u00e4lt sowohl eine detaillierte Aufbauanleitung (deutsch) als auch die Brosch\u00fcre von David Gooding \u201eWie man die Stiftsh\u00fctte lehrt\u201c.<\/p>\n<p>In der Bibel gibt es etwa 50 Kapitel, die allein die Stiftsh\u00fctte beschreiben. Warum beschreibt die Bibel so viele Details? Ein Grund ist, dass sie Gottes visuelle Hilfe ist, um zu erkl\u00e4ren, was Jesus am Kreuz tun w\u00fcrde. Wenn sie richtig verstanden wird, hilft die Stiftsh\u00fctte, das Werk Jesu zu erhellen.<\/p>\n<p>Wie k\u00f6nnen Sie die wichtige Botschaft vermitteln? Vielleicht haben Sie beim Lesen der Beschreibung der Stiftsh\u00fctte festgestellt, dass Sie sich in all den Details verloren haben. Sie haben die Ma\u00dfe und Beschreibungen gelesen, aber Sie haben immer noch kein gutes Bild davon, wie es wirklich war.<\/p>\n<p>Der Tabernakel-Modellbausatz gibt Ihnen die M\u00f6glichkeit, sich das Tabernakel vorzustellen und seine Bedeutung zu verstehen. Der Zusammenbau dieses 328-teiligen Bausatzes kann nicht nur dazu beitragen, Ihr Verst\u00e4ndnis f\u00fcr die Stiftsh\u00fctte zu erweitern, sondern gibt Ihnen am Ende auch ein hervorragendes Werkzeug an die Hand, mit dem Sie andere \u00fcber die Stiftsh\u00fctte unterrichten k\u00f6nnen. Die Teile bestehen aus haltbarem Kunststoff mit Gummifiguren, was das Endprodukt sehr leicht macht. Die Teile sind nicht bemalt, und obwohl das Modell so zusammengebaut werden kann, wie es ist, wird f\u00fcr ein realistischeres Modell eine Bemalung empfohlen (Farben und Pinsel sind nicht enthalten).<\/p>\n<p>In unseren B\u00fcchern wird die Bedeutung des Tabernakels gelehrt, und dieses Modell im Ma\u00dfstab 1:90 hilft, Klarheit und Verst\u00e4ndnis zu schaffen.<\/p>\n<p>Eine Bauanleitung liegt dem Modell bei. Bitte folgen Sie der Anleitung f\u00fcr den Zusammenbau und die Bemalung des Tabernakels, um weitere Anweisungen f\u00fcr die Bemalung des Modells zu erhalten.<\/p>\n<p>Spezifikationen:<\/p>\n<ul>\n<li>Abmessungen: 23&#8243; x 12&#8243; x 4&#8243; (59 x 31 x 10 cm)<\/li>\n<li>Ma\u00dfstab: 1:90<\/li>\n<\/ul>","protected":false},"excerpt":{"rendered":"<p>Modellbausatz der Stiftsh\u00fctte des Volkes Israel. Das Modell der Stiftsh\u00fctte besteht aus einfarbigen Kunststoffteilen und Gummi-Figuren. Die Einzelteile k\u00f6nnen sehr leicht zu einer vollst\u00e4ndigen Stiftsh\u00fctte zusammengebaut werden. Das Kunststoff-Material macht dieses Modell sehr leicht und robust \u2013 ideal geeignet f\u00fcr den Unterricht oder zur Dekoration. Es eignet sich auch gut zur Veranschaulichung, wenn man z.B. [&hellip;]<\/p>\n","protected":false},"featured_media":1185,"comment_status":"closed","ping_status":"closed","template":"","meta":{"_acf_changed":false,"_glsr_average":0,"_glsr_ranking":0,"_glsr_reviews":0},"product_brand":[113],"product_cat":[22],"product_tag":[],"giftcard-category":[],"class_list":{"0":"post-1184","1":"product","2":"type-product","3":"status-publish","4":"has-post-thumbnail","6":"product_brand-anschauungsmaterial","7":"product_cat-veranschaulichung","9":"first","10":"instock","11":"sale","12":"taxable","13":"shipping-taxable","14":"purchasable","15":"product-type-simple"},"acf":[],"_links":{"self":[{"href":"https:\/\/eu.goodseed.com\/fr\/wp-json\/wp\/v2\/product\/1184","targetHints":{"allow":["GET"]}}],"collection":[{"href":"https:\/\/eu.goodseed.com\/fr\/wp-json\/wp\/v2\/product"}],"about":[{"href":"https:\/\/eu.goodseed.com\/fr\/wp-json\/wp\/v2\/types\/product"}],"replies":[{"embeddable":true,"href":"https:\/\/eu.goodseed.com\/fr\/wp-json\/wp\/v2\/comments?post=1184"}],"wp:featuredmedia":[{"embeddable":true,"href":"https:\/\/eu.goodseed.com\/fr\/wp-json\/wp\/v2\/media\/1185"}],"wp:attachment":[{"href":"https:\/\/eu.goodseed.com\/fr\/wp-json\/wp\/v2\/media?parent=1184"}],"wp:term":[{"taxonomy":"product_brand","embeddable":true,"href":"https:\/\/eu.goodseed.com\/fr\/wp-json\/wp\/v2\/product_brand?post=1184"},{"taxonomy":"product_cat","embeddable":true,"href":"https:\/\/eu.goodseed.com\/fr\/wp-json\/wp\/v2\/product_cat?post=1184"},{"taxonomy":"product_tag","embeddable":true,"href":"https:\/\/eu.goodseed.com\/fr\/wp-json\/wp\/v2\/product_tag?post=1184"},{"taxonomy":"giftcard-category","embeddable":true,"href":"https:\/\/eu.goodseed.com\/fr\/wp-json\/wp\/v2\/giftcard-category?post=1184"}],"curies":[{"name":"wp","href":"https:\/\/api.w.org\/{rel}","templated":true}]}}