{"id":1122,"date":"2025-05-02T06:41:06","date_gmt":"2025-05-02T06:41:06","guid":{"rendered":"https:\/\/eu.goodseed.com\/?post_type=product&#038;p=1122"},"modified":"2025-12-05T01:10:52","modified_gmt":"2025-12-05T01:10:52","slug":"the-stranger-on-the-road-to-emmaus-english","status":"publish","type":"product","link":"https:\/\/eu.goodseed.com\/fr\/product\/the-stranger-on-the-road-to-emmaus-english\/","title":{"rendered":"L'\u00e9tranger sur la route d'Emma\u00fcs (English)"},"content":{"rendered":"<blockquote>\n<ul class=\"promo\">\n<li><strong>Acheter 4 - 11<\/strong> et recevoir <strong>Sie 20% Rabatt<\/strong><\/li>\n<li><strong>Acheter 12 - 23<\/strong> et recevoir <strong>Sie 30% Rabatt<\/strong><\/li>\n<li><strong>Kaufen Sie 24<\/strong> oder mehr und erhalten <strong>Sie 40% Rabatt<\/strong><\/li>\n<\/ul>\n<\/blockquote>\n<p>Der Fremde auf dem Weg nach Emmaus gibt einen soliden \u00dcberblick \u00fcber die Hauptbotschaft der Bibel. Er verkn\u00fcpft wichtige Geschichten aus dem Alten und Neuen Testament miteinander, um die Identit\u00e4t Gottes und das Wesen der S\u00fcnde zu offenbaren, und gibt dabei Antworten auf zwei Fragen: \u201eWer ist Jesus?\u201c und \u201eWas hat es mit der Geschichte vom Kreuz und dem Grab auf sich?\u201c Sie hilft dem Menschen, die Hauptbotschaft der Bibel klar zu verstehen.<\/p>\n<p><em>\u201cDie Bibel macht jetzt so viel Sinn!\u201d<\/em><\/p>\n<p>Dieses Buch ist ideal f\u00fcr Menschen, die aus einem christlichen Umfeld kommen, sei es katholisch, protestantisch oder orthodox. Es geht davon aus, dass die Leser eine Vorstellung von Gott haben, wie sie in der Heiligen Schrift zu finden ist.<\/p>\n<p><a title=\"Sample chapters of the book\" href=\"http:\/\/www.goodseed.com\/pdfs\/samples\/sample-str-eng-029001.pdf\" target=\"_blank\" rel=\"noopener\"><strong>Lire des exemples de chapitres<\/strong><\/a><\/p>\n<p>&nbsp;<\/p>\n<p>Diese Ausgabe enth\u00e4lt 110 Online-Videoclips. Sie k\u00f6nnen diese Videoclips auf Ihrem mobilen Ger\u00e4t oder in Ihrem Webbrowser ansehen. Verwenden Sie die QR-Codes und URLs, um sie aufzurufen. (<a href=\"http:\/\/goodseed.com\/str\">Sehen Sie sich die Videos online an<\/a>.) Eine optionale DVD mit diesen Clips ist ebenfalls separat erh\u00e4ltlich. Zum Kauf gehen Sie bitte zu <strong><a href=\"https:\/\/ca.goodseed.com\/add-on-dvd-for-the-stranger-on-the-road-to-emmaus\/\" target=\"_blank\" rel=\"noopener\">DVD suppl\u00e9mentaire pour L'\u00e9tranger sur le chemin d'Emma\u00fcs<\/a><\/strong>.<\/p>\n<p>&nbsp;<\/p>\n<p>Eigenschaften<\/p>\n<ul>\n<li><strong>F\u00fcr Erwachsene und Teenager geschrieben:<\/strong> Verstanden von Kindern ab 10 Jahren, aber geschrieben f\u00fcr Erwachsene und Jugendliche.<\/li>\n<li><strong>Hypoth\u00e8ses :<\/strong> Es wird davon ausgegangen, dass die Leser, wenn sie an Gott denken, nur an einen Gott denken und dass Gott eine Person und keine Kraft ist. Es wird kein weiteres Bibelwissen vorausgesetzt.<\/li>\n<li><strong>Christliche Weltanschauung:<\/strong> Ideal f\u00fcr Leser, die aus einem vom Christentum gepr\u00e4gten Umfeld kommen, sei es katholisch, protestantisch oder orthodox.<\/li>\n<li><strong>Bas\u00e9 sur l'\u00c9vangile de Jean :<\/strong> Verwendet das Johannes-Evangelium als Vorlage; gleichzeitig liefert es die notwendigen Hintergrundgeschichten, um dem Evangelium einen Kontext zu geben. Es wird davon ausgegangen, dass der Leser, wenn \u00fcberhaupt, nur sehr wenig \u00fcber die Bibel wei\u00df.<\/li>\n<li><strong>Chronologiquement :<\/strong> Es beginnt mit der Erschaffung des Universums und geht dann der Reihe nach durch die Schl\u00fcsselgeschichten des Alten Testaments zum Neuen Testament \u00fcber, um die Bedeutung des Kreuzes und des Grabes zu enth\u00fcllen. Die Hauptgeschichte der Bibel wird zu einem universellen, allumfassenden Drama zusammengef\u00fcgt.<\/li>\n<li><strong>Sch\u00e4lt die religi\u00f6se Tradition von der Bibel ab:<\/strong> Le lecteur apprend \u00e0 conna\u00eetre la Bible sans le contexte religieux.<\/li>\n<li><strong>Objectif :<\/strong> Die Bibel darf f\u00fcr sich selbst sprechen, wenn sie die frohe Botschaft des Herrn Jesus Christus pr\u00e4sentiert. Es wird nicht zum Glauben gedr\u00e4ngt. Die Botschaft wird objektiv dargestellt; die Entscheidung, ob man glaubt oder nicht, bleibt dem Leser \u00fcberlassen.<\/li>\n<li><strong>Bibelversen:<\/strong> In den Text sind 1177 Bibelverse eingeflochten, die wie eine Geschichte erz\u00e4hlt werden. Der Leser setzt sich selbst mit dem Text der Bibel auseinander.<\/li>\n<li><strong>Illustriert:<\/strong> Mehr als 100 Zeichnungen, Karten und Diagramme helfen, die Geschichte zu erkl\u00e4ren.<\/li>\n<li><strong>Zum Verschenken gedacht:<\/strong> Das Buch kann wie ein Evangeliumstraktat weitergegeben werden. Die Leserinnen und Leser k\u00f6nnen sich dann selbst\u00e4ndig mit der Botschaft der Bibel auseinandersetzen.<\/li>\n<li><strong>Konzipiert f\u00fcr den Einsatz in einem Kurs:<\/strong> Diese Ressource kann als Studentenbuch in einer Bibelarbeit verwendet werden. (Erfahren Sie mehr \u00fcber \u201c<a title=\"Worldview Rethink\" href=\"https:\/\/ca.goodseed.com\/worldview-rethink-the-course-family\/\">Der Kurs \u201eWeltanschauung neu denken.<\/a>\u201d)<\/li>\n<\/ul>\n<p>No. of pages: 288<br \/>\nISBN: 9781890082727<\/p>\n<p>Das k\u00f6nnte Sie auch interessieren:<\/p>\n<p><a href=\"https:\/\/ca.goodseed.com\/the-stranger-on-the-road-to-emmaus-companion-workbook-english\/\">Der Fremde auf dem Weg nach Emmaus &#8211; Begleitendes Arbeitsbuch<\/a><\/p>\n<p><a href=\"https:\/\/ca.goodseed.com\/the-stranger-on-the-road-to-emmaus-leaders-guide-english\/\">Der Fremde auf dem Weg nach Emmaus Leitfaden f\u00fcr F\u00fchrungskr\u00e4fte<\/a><\/p>\n<p>&nbsp;<\/p>\n<p>\u00c9galement disponible : <a href=\"https:\/\/ca.goodseed.com\/the-stranger-on-the-road-to-emmaus-english-ebook\/\">\u00c9dition eBook<\/a><\/p>\n<p>Alternative Bezugsquellen:<\/p>\n<p><a href=\"https:\/\/www.amazon.com\/gp\/product\/1927429943\/\" target=\"_blank\" rel=\"noopener\">Amazon.com<\/a><\/p>\n<p><a href=\"https:\/\/www.amazon.co.uk\/gp\/product\/1927429943\/\" target=\"_blank\" rel=\"noopener\">Amazon.co.uk<\/a><\/p>\n<p><a href=\"https:\/\/www.amazon.de\/gp\/product\/1927429943\/\" target=\"_blank\" rel=\"noopener\">Amazon.de<\/a><\/p>\n<p><a href=\"https:\/\/www.amazon.es\/gp\/product\/1927429943\/\" target=\"_blank\" rel=\"noopener\">Amazon.es<\/a><\/p>","protected":false},"excerpt":{"rendered":"<p>Tarification en vrac :<\/p>\n<p>Ci-dessous, les taux de remise en vrac disponibles pour chaque article individuel lorsque vous achetez un certain montant.<\/p>\n<ul>\n<li>Buy 4 &#8211; 11 and get 20% off<\/li>\n<li>Buy 12 &#8211; 23 and get 30% off<\/li>\n<li>Achetez 24 ou plus et obtenez 40% off<\/li>\n<\/ul>","protected":false},"featured_media":1123,"comment_status":"closed","ping_status":"closed","template":"","meta":{"_acf_changed":false,"_glsr_average":0,"_glsr_ranking":0,"_glsr_reviews":0},"product_brand":[108],"product_cat":[17],"product_tag":[53],"giftcard-category":[],"class_list":{"0":"post-1122","1":"product","2":"type-product","3":"status-publish","4":"has-post-thumbnail","6":"product_brand-der-fremde-auf-dem-weg-nach-emmaus","7":"product_cat-new-release","8":"product_tag-english","10":"first","11":"instock","12":"taxable","13":"shipping-taxable","14":"purchasable","15":"product-type-simple"},"acf":[],"_links":{"self":[{"href":"https:\/\/eu.goodseed.com\/fr\/wp-json\/wp\/v2\/product\/1122","targetHints":{"allow":["GET"]}}],"collection":[{"href":"https:\/\/eu.goodseed.com\/fr\/wp-json\/wp\/v2\/product"}],"about":[{"href":"https:\/\/eu.goodseed.com\/fr\/wp-json\/wp\/v2\/types\/product"}],"replies":[{"embeddable":true,"href":"https:\/\/eu.goodseed.com\/fr\/wp-json\/wp\/v2\/comments?post=1122"}],"wp:featuredmedia":[{"embeddable":true,"href":"https:\/\/eu.goodseed.com\/fr\/wp-json\/wp\/v2\/media\/1123"}],"wp:attachment":[{"href":"https:\/\/eu.goodseed.com\/fr\/wp-json\/wp\/v2\/media?parent=1122"}],"wp:term":[{"taxonomy":"product_brand","embeddable":true,"href":"https:\/\/eu.goodseed.com\/fr\/wp-json\/wp\/v2\/product_brand?post=1122"},{"taxonomy":"product_cat","embeddable":true,"href":"https:\/\/eu.goodseed.com\/fr\/wp-json\/wp\/v2\/product_cat?post=1122"},{"taxonomy":"product_tag","embeddable":true,"href":"https:\/\/eu.goodseed.com\/fr\/wp-json\/wp\/v2\/product_tag?post=1122"},{"taxonomy":"giftcard-category","embeddable":true,"href":"https:\/\/eu.goodseed.com\/fr\/wp-json\/wp\/v2\/giftcard-category?post=1122"}],"curies":[{"name":"wp","href":"https:\/\/api.w.org\/{rel}","templated":true}]}}