{"id":1112,"date":"2025-05-02T06:29:47","date_gmt":"2025-05-02T06:29:47","guid":{"rendered":"https:\/\/eu.goodseed.com\/?post_type=product&#038;p=1112"},"modified":"2025-12-05T01:11:09","modified_gmt":"2025-12-05T01:11:09","slug":"the-lamb-picture-book-english","status":"publish","type":"product","link":"https:\/\/eu.goodseed.com\/fr\/product\/the-lamb-picture-book-english\/","title":{"rendered":"The Lamb - Picture Book (English)"},"content":{"rendered":"<blockquote>\n<ul>\n<li><strong>Kaufen Sie 4 &#8211; 15<\/strong> et recevoir <strong>Sie 20% Rabatt<\/strong><\/li>\n<li><strong>Kaufen Sie 16<\/strong> oder mehr und erhalten <strong>Sie 35% Rabatt<\/strong><\/li>\n<\/ul>\n<\/blockquote>\n<p>&nbsp;<\/p>\n<p>Wie erkl\u00e4ren wir Kindern das Evangelium auf eine Weise, die sie verstehen k\u00f6nnen? Wie k\u00f6nnen wir ihnen erkl\u00e4ren, dass sie einen Erl\u00f6ser brauchen, ohne die Details zu verw\u00e4ssern? Wie k\u00f6nnen wir ihre Aufmerksamkeit lange genug aufrechterhalten, um ihnen zu erkl\u00e4ren, worum es in der Bibel \u00fcberhaupt geht? Wie k\u00f6nnen wir genau sein, aber gleichzeitig ber\u00fccksichtigen, dass sie einfachere Erkl\u00e4rungen brauchen?<\/p>\n<p>\u201eDas Lamm\u201c ist ein Buch f\u00fcr Kinder im Alter von f\u00fcnf bis zehn Jahren. Dieses Bilderbuch fesselt Kinder mit seinen farbigen Illustrationen und nimmt sie mit auf eine Reise durch das Herz der biblischen Botschaft. Das Buch beginnt mit der Erschaffung des Universums und erkl\u00e4rt die wichtigsten biblischen Konzepte: Wer ist Gott? Wie ist Gott? Was ist S\u00fcnde? Woher kommt das B\u00f6se? Warum brauchen wir einen Retter? Das Buch schlie\u00dft mit einer klaren Erkl\u00e4rung der Identit\u00e4t Jesu und seiner erstaunlichen Leistung als unser Erl\u00f6ser.<\/p>\n<p>Das Buch stellt eine klare Verbindung zwischen Jesus und dem alttestamentlichen Opferlamm her. Themen wie der Tod werden in einer ehrlichen, geradlinigen Weise behandelt. Die anschaulichen Details rund um die Erl\u00f6sungsgeschichte werden sensibel behandelt, aber nicht verw\u00e4ssert. Am Ende wird den Kindern erkl\u00e4rt, wer Gott ist und was er am Kreuz f\u00fcr die Menschheit getan hat. Es ist eine Botschaft der Hoffnung, die jedes Kind h\u00f6ren sollte.<\/p>\n<p><a title=\"Sample chapters of the book\" href=\"http:\/\/www.goodseed.com\/pdfs\/samples\/sample-lamb-eng-059001.pdf\" target=\"_blank\" rel=\"noopener\"><strong>Lire des exemples de chapitres<\/strong><\/a><\/p>\n<p><a href=\"http:\/\/free.goodseed.com\/lamb-eng-mp3.html\">Audiobuch herunterladen<\/a><br \/>\n<a href=\"https:\/\/soundcloud.com\/goodseed-international\/sets\/the-lamb-audiobook-english\/s-pNedw\">Auf Soundcloud anh\u00f6ren<\/a><\/p>\n<p><strong>Eigenschaften<\/strong><\/p>\n<ul>\n<li><strong>\u00c9crit pour les enfants :<\/strong> Convient \u00e0 tous les groupes d'\u00e2ge, mais \u00e9crit pour les enfants \u00e0 partir de cinq ans.<\/li>\n<li><strong>Enti\u00e8rement illustr\u00e9 :<\/strong> F\u00fcnfzig farbige Bilder des begabten K\u00fcnstlers Ian Mastin erwecken die Geschichte des Evangeliums zum Leben. (Siehe <a title=\"Ianmastin.com\" href=\"http:\/\/ianmastin.com\/\">ianmastin.com<\/a>)<\/li>\n<li><strong>Hypoth\u00e8ses :<\/strong> Es werden keine Vorkenntnisse der Bibel vorausgesetzt.<\/li>\n<li><strong>Chronologiquement :<\/strong> Es beginnt mit der Erschaffung des Universums und geht dann der Reihe nach durch die Schl\u00fcsselgeschichten des Alten Testaments zum Neuen Testament \u00fcber, um die Bedeutung des Kreuzes und des Grabes zu enth\u00fcllen. Die Hauptgeschichte der Bibel wird zu einem universellen, allumfassenden Drama zusammengef\u00fcgt.<\/li>\n<li><strong>Legt ein Fundament:<\/strong> Der Ansatz von der Sch\u00f6pfung bis zum Kreuz hilft, die gesamte Bibel in einen Zusammenhang zu stellen. Hilft Kindern, die Gesamtbotschaft der Bibel ohne Verwirrung zu verstehen.<\/li>\n<li><strong>Genaue Darstellung des Evangeliums:<\/strong> Komplexe Themen wie Tod, S\u00fcnde, das B\u00f6se und Gottes Versorgung werden auf einf\u00fchlsame Weise so dargestellt, dass Kinder sie verstehen k\u00f6nnen.<\/li>\n<li><strong>Eingebaute Wiederholung:<\/strong> Jedes Kapitel beginnt mit einer Wiederholung und endet mit Fragen, die sicherstellen sollen, dass die Kinder die Botschaft klar verstehen.<\/li>\n<li><strong>Livre audio :<\/strong> <a href=\"https:\/\/soundcloud.com\/goodseed-international\/sets\/the-lamb-audiobook-english\/s-pNedw\" target=\"_blank\" rel=\"noopener\">Kostenlos online h\u00f6ren bei soudcloud.com<\/a> &#8211; Die Geschichte wird von der Autorin und Heather Holdsworth, einer begabten Kinderp\u00e4dagogin, erz\u00e4hlt. Die Kinder k\u00f6nnen sich auf die Geschichte einlassen, indem sie beim Zuh\u00f6ren im Buch mitlesen. Enth\u00e4lt \u201eThe Lamb Song\u201c, vorgetragen von Carla Newsham und ihren Kindern: Toni-Marie, Joyelle, &#038; Brooklyn.<\/li>\n<li><strong>Zum Verschenken gedacht:<\/strong> Dieses Buch mit festem Einband ist ein sch\u00f6nes und elegantes Geschenk, entweder f\u00fcr ein Kind oder eine Familie mit Kindern.<\/li>\n<li><strong>Konzipiert f\u00fcr Andachten:<\/strong> Kann f\u00fcr Familienandachten oder Bibelgeschichten gelesen werden.<\/li>\n<\/ul>","protected":false},"excerpt":{"rendered":"<div class=\"productView-info-bulkPricing\">\n<p>Bulk Pricing:Below are the available bulk discount rates for each individual item when you purchase a certain amount<\/p>\n<ul>\n<li>Buy 4 &#8211; 15 and get 20% off<\/li>\n<li>Buy 16 or above and get 35% off<\/li>\n<\/ul>\n<\/div>\n<div class=\"productView-specs\">\n<div><\/div>\n<\/div>","protected":false},"featured_media":1113,"comment_status":"closed","ping_status":"closed","template":"","meta":{"_acf_changed":false,"_glsr_average":0,"_glsr_ranking":0,"_glsr_reviews":0},"product_brand":[110],"product_cat":[17],"product_tag":[53],"giftcard-category":[],"class_list":{"0":"post-1112","1":"product","2":"type-product","3":"status-publish","4":"has-post-thumbnail","6":"product_brand-das-lamm","7":"product_cat-new-release","8":"product_tag-english","10":"first","11":"instock","12":"taxable","13":"shipping-taxable","14":"purchasable","15":"product-type-simple"},"acf":[],"_links":{"self":[{"href":"https:\/\/eu.goodseed.com\/fr\/wp-json\/wp\/v2\/product\/1112","targetHints":{"allow":["GET"]}}],"collection":[{"href":"https:\/\/eu.goodseed.com\/fr\/wp-json\/wp\/v2\/product"}],"about":[{"href":"https:\/\/eu.goodseed.com\/fr\/wp-json\/wp\/v2\/types\/product"}],"replies":[{"embeddable":true,"href":"https:\/\/eu.goodseed.com\/fr\/wp-json\/wp\/v2\/comments?post=1112"}],"wp:featuredmedia":[{"embeddable":true,"href":"https:\/\/eu.goodseed.com\/fr\/wp-json\/wp\/v2\/media\/1113"}],"wp:attachment":[{"href":"https:\/\/eu.goodseed.com\/fr\/wp-json\/wp\/v2\/media?parent=1112"}],"wp:term":[{"taxonomy":"product_brand","embeddable":true,"href":"https:\/\/eu.goodseed.com\/fr\/wp-json\/wp\/v2\/product_brand?post=1112"},{"taxonomy":"product_cat","embeddable":true,"href":"https:\/\/eu.goodseed.com\/fr\/wp-json\/wp\/v2\/product_cat?post=1112"},{"taxonomy":"product_tag","embeddable":true,"href":"https:\/\/eu.goodseed.com\/fr\/wp-json\/wp\/v2\/product_tag?post=1112"},{"taxonomy":"giftcard-category","embeddable":true,"href":"https:\/\/eu.goodseed.com\/fr\/wp-json\/wp\/v2\/giftcard-category?post=1112"}],"curies":[{"name":"wp","href":"https:\/\/api.w.org\/{rel}","templated":true}]}}