{"id":1058,"date":"2025-05-02T05:12:33","date_gmt":"2025-05-02T05:12:33","guid":{"rendered":"https:\/\/eu.goodseed.com\/?post_type=product&#038;p=1058"},"modified":"2025-12-05T01:11:16","modified_gmt":"2025-12-05T01:11:16","slug":"the-stranger-on-the-road-to-emmaus-large-print-english-2","status":"publish","type":"product","link":"https:\/\/eu.goodseed.com\/fr\/product\/the-stranger-on-the-road-to-emmaus-large-print-english-2\/","title":{"rendered":"L'\u00e9tranger sur le chemin d'Emma\u00fcs - gros caract\u00e8res (anglais)"},"content":{"rendered":"<blockquote>\n<ul>\n<li><strong>Buy 4 &#8211; 11\u00a0\u00a0<\/strong>and get\u00a0<strong>20% off<\/strong><\/li>\n<li><strong>Buy 12 &#8211; 23\u00a0\u00a0<\/strong>and get\u00a0<strong>30% off<\/strong><\/li>\n<li><strong>Buy 24 or above\u00a0\u00a0<\/strong>and get\u00a0<strong>40% off<\/strong><\/li>\n<\/ul>\n<\/blockquote>\n<p><strong>This is the large print edition\u00a0of &#8222;The Stranger on the Road to Emmaus.&#8220;<\/strong><\/p>\n<p>\u201cThe Stranger on the Road to Emmaus\u201d gives a solid overview of the main message of the Bible. It ties together key Old and New Testament stories to reveal the identity of God and the nature of sin, all the time answering two questions: \u201cWho is Jesus?\u201d and \u201cWhat is the story of the cross and the tomb all about?\u201d It helps a person understand clearly what is the main message of Bible.<\/p>\n<p><em>\u201cThe Bible makes so much sense now!\u201d<\/em><\/p>\n<p>This book is ideal for people who come from a Christianized background, whether Catholic, Protestant or Orthodox. It assumes readers have a concept of only one God who is a person\u2014not a force.<\/p>\n<p><strong>Caract\u00e9ristiques<\/strong><\/p>\n<ul>\n<li><strong>Written for adults and teens:<\/strong>\u00a0Understood by children as young as 10, but written for adults and teens.<\/li>\n<li><strong>Assumptions:<\/strong>\u00a0Assumes that when readers think of God, they think of only one God, and that God is a person, not a force. No other Bible knowledge is assumed.<\/li>\n<li><strong>Christianized worldview:<\/strong>\u00a0Ideal for readers who come from a background influenced by Christianity, whether Catholic, Protestant or Orthodox.<\/li>\n<li><strong>Based on the gospel of John:<\/strong>\u00a0Uses the gospel of John as a template; at the same time, provides necessary background stories to give the gospel context. It assumes the reader knows very little, if anything, about the Bible.<\/li>\n<li><strong>Chronological:<\/strong>\u00a0Begins with the creation of the universe, and then progressing sequentially through key Old Testament stories, it moves into the New Testament to reveal the meaning of the cross and the tomb. The main story of the Bible is tied together into one universal, all-encompassing drama.<\/li>\n<li><strong>Peels religious tradition off the Bible:<\/strong>\u00a0Readers are introduced to the Bible without the trappings of religion.<\/li>\n<li><strong>Objective:<\/strong>\u00a0The Bible is allowed to speak for itself in presenting the good news of the Lord Jesus Christ. There is no arm-twisting to believe. The message is presented objectively; the decision to believe or not to believe is left to the reader.<\/li>\n<li><strong>Bible verses:<\/strong>\u00a0Told as a story, 1177 Bible verses are woven throughout the text. The reader engages with the text of the Bible for himself.<\/li>\n<li><strong>Illustrated:<\/strong>\u00a0Over 100 drawings, maps and diagrams help explain the story.<\/li>\n<li><strong>Designed to give away:<\/strong>\u00a0The book can be passed on like a gospel tract. Readers can then learn the Bible&#8217;s message on their own.<\/li>\n<li><strong>Designed to use in a course:<\/strong>\u00a0This resource can be used as the student\u2019s book in a Bible study. (Learn more about \u201c<a title=\"Worldview Rethink\" href=\"https:\/\/ca.goodseed.com\/worldview-rethink-the-course-family\/\">The Worldview Rethink Course<\/a>.\u201d)<\/li>\n<\/ul>\n<p>No. of Pages: 575<br \/>\nISBN: 9781890082710<\/p>","protected":false},"excerpt":{"rendered":"<p>Tarification en vrac :<\/p>\n<p>Ci-dessous, les taux de remise en vrac disponibles pour chaque article individuel lorsque vous achetez un certain montant.<\/p>\n<ul>\n<li>Buy 4 &#8211; 11 and get 20% off<\/li>\n<li>Buy 12 &#8211; 23 and get 30% off<\/li>\n<li>Achetez 24 ou plus et obtenez 40% off<\/li>\n<\/ul>","protected":false},"featured_media":1057,"comment_status":"closed","ping_status":"closed","template":"","meta":{"_acf_changed":false,"_glsr_average":0,"_glsr_ranking":0,"_glsr_reviews":0},"product_brand":[108],"product_cat":[76,18],"product_tag":[53],"giftcard-category":[],"class_list":{"0":"post-1058","1":"product","2":"type-product","3":"status-publish","4":"has-post-thumbnail","6":"product_brand-der-fremde-auf-dem-weg-nach-emmaus","7":"product_cat-englisch","8":"product_cat-evangelisation_nachfolge","9":"product_tag-english","11":"first","12":"instock","13":"taxable","14":"shipping-taxable","15":"purchasable","16":"product-type-simple"},"acf":[],"_links":{"self":[{"href":"https:\/\/eu.goodseed.com\/fr\/wp-json\/wp\/v2\/product\/1058","targetHints":{"allow":["GET"]}}],"collection":[{"href":"https:\/\/eu.goodseed.com\/fr\/wp-json\/wp\/v2\/product"}],"about":[{"href":"https:\/\/eu.goodseed.com\/fr\/wp-json\/wp\/v2\/types\/product"}],"replies":[{"embeddable":true,"href":"https:\/\/eu.goodseed.com\/fr\/wp-json\/wp\/v2\/comments?post=1058"}],"wp:featuredmedia":[{"embeddable":true,"href":"https:\/\/eu.goodseed.com\/fr\/wp-json\/wp\/v2\/media\/1057"}],"wp:attachment":[{"href":"https:\/\/eu.goodseed.com\/fr\/wp-json\/wp\/v2\/media?parent=1058"}],"wp:term":[{"taxonomy":"product_brand","embeddable":true,"href":"https:\/\/eu.goodseed.com\/fr\/wp-json\/wp\/v2\/product_brand?post=1058"},{"taxonomy":"product_cat","embeddable":true,"href":"https:\/\/eu.goodseed.com\/fr\/wp-json\/wp\/v2\/product_cat?post=1058"},{"taxonomy":"product_tag","embeddable":true,"href":"https:\/\/eu.goodseed.com\/fr\/wp-json\/wp\/v2\/product_tag?post=1058"},{"taxonomy":"giftcard-category","embeddable":true,"href":"https:\/\/eu.goodseed.com\/fr\/wp-json\/wp\/v2\/giftcard-category?post=1058"}],"curies":[{"name":"wp","href":"https:\/\/api.w.org\/{rel}","templated":true}]}}