{"id":1000,"date":"2025-05-02T03:13:48","date_gmt":"2025-05-02T03:13:48","guid":{"rendered":"https:\/\/eu.goodseed.com\/?post_type=product&#038;p=1000"},"modified":"2025-12-05T01:11:31","modified_gmt":"2025-12-05T01:11:31","slug":"fieldnotes-stories-of-the-gospel-transforming-lives-volume-1","status":"publish","type":"product","link":"https:\/\/eu.goodseed.com\/fr\/product\/fieldnotes-stories-of-the-gospel-transforming-lives-volume-1\/","title":{"rendered":"Notes de terrain : Des histoires de l'Evangile qui changent des vies (Volume 1)"},"content":{"rendered":"<p>Chaque semaine, des personnes nous \u00e9crivent des e-mails et des lettres, nous appellent ou se rendent dans un bureau de GoodSeed. Ils viennent pour la m\u00eame raison - ils ont des histoires \u00e0 raconter. Certaines parlent de luttes dans la vie, d'autres de voyages spirituels. Tous racontent comment l'\u00c9vangile a chang\u00e9 des vies - comment des personnes ont compris la bonne nouvelle et ont plac\u00e9 leur confiance en J\u00e9sus-Christ pour trouver le salut. Ces t\u00e9moignages ont un point commun : au cours de leur voyage, un simple croyant a donn\u00e9 une ressource GoodSeed, ou un ami a pris un outil GoodSeed pour expliquer l'\u00c9vangile.<\/p>\n<p>Fieldnotes est un recueil d'histoires touchantes provenant du monde entier. Elles parlent de la gr\u00e2ce de Dieu qui atteint les gens et de la mani\u00e8re dont de simples croyants ont \u00e9t\u00e9 de fid\u00e8les ambassadeurs de Christ. Lisez ces histoires et louez Dieu pour son action.<\/p>\n<p>Voir aussi <a href=\"https:\/\/ca.goodseed.com\/fieldnotes-stories-of-the-gospel-transforming-lives-volume-2\/\" target=\"_blank\" rel=\"noopener\">Fieldnotes Volume 2<\/a>.<\/p>\n<p>&nbsp;<\/p>","protected":false},"excerpt":{"rendered":"<p>Jede Woche schreiben uns Menschen E-Mails und Briefe, rufen an oder kommen in ein GoodSeed-B\u00fcro. Sie kommen aus demselben Grund \u2013 sie haben Geschichten zu erz\u00e4hlen. Manche handeln von Lebensk\u00e4mpfen, andere von spirituellen Reisen. Alle erz\u00e4hlen, wie das Evangelium Leben ver\u00e4ndert hat \u2013 wie Menschen die gute Nachricht verstanden und ihr Vertrauen auf Jesus Christus [&hellip;]<\/p>\n","protected":false},"featured_media":1001,"comment_status":"closed","ping_status":"closed","template":"","meta":{"_acf_changed":false,"_glsr_average":0,"_glsr_ranking":0,"_glsr_reviews":0},"product_brand":[],"product_cat":[23],"product_tag":[],"giftcard-category":[],"class_list":{"0":"post-1000","1":"product","2":"type-product","3":"status-publish","4":"has-post-thumbnail","6":"product_cat-andere-materialien","8":"first","9":"instock","10":"taxable","11":"shipping-taxable","12":"purchasable","13":"product-type-simple"},"acf":[],"_links":{"self":[{"href":"https:\/\/eu.goodseed.com\/fr\/wp-json\/wp\/v2\/product\/1000","targetHints":{"allow":["GET"]}}],"collection":[{"href":"https:\/\/eu.goodseed.com\/fr\/wp-json\/wp\/v2\/product"}],"about":[{"href":"https:\/\/eu.goodseed.com\/fr\/wp-json\/wp\/v2\/types\/product"}],"replies":[{"embeddable":true,"href":"https:\/\/eu.goodseed.com\/fr\/wp-json\/wp\/v2\/comments?post=1000"}],"wp:featuredmedia":[{"embeddable":true,"href":"https:\/\/eu.goodseed.com\/fr\/wp-json\/wp\/v2\/media\/1001"}],"wp:attachment":[{"href":"https:\/\/eu.goodseed.com\/fr\/wp-json\/wp\/v2\/media?parent=1000"}],"wp:term":[{"taxonomy":"product_brand","embeddable":true,"href":"https:\/\/eu.goodseed.com\/fr\/wp-json\/wp\/v2\/product_brand?post=1000"},{"taxonomy":"product_cat","embeddable":true,"href":"https:\/\/eu.goodseed.com\/fr\/wp-json\/wp\/v2\/product_cat?post=1000"},{"taxonomy":"product_tag","embeddable":true,"href":"https:\/\/eu.goodseed.com\/fr\/wp-json\/wp\/v2\/product_tag?post=1000"},{"taxonomy":"giftcard-category","embeddable":true,"href":"https:\/\/eu.goodseed.com\/fr\/wp-json\/wp\/v2\/giftcard-category?post=1000"}],"curies":[{"name":"wp","href":"https:\/\/api.w.org\/{rel}","templated":true}]}}