{"id":1928,"date":"2025-07-18T15:26:56","date_gmt":"2025-07-18T15:26:56","guid":{"rendered":"https:\/\/eu.goodseed.com\/?page_id=1928"},"modified":"2025-07-18T15:26:56","modified_gmt":"2025-07-18T15:26:56","slug":"widerrufsbelehrung","status":"publish","type":"page","link":"https:\/\/eu.goodseed.com\/fr\/widerrufsbelehrung\/","title":{"rendered":"Information sur le droit de r\u00e9tractation"},"content":{"rendered":"<div class=\"entry-content\">\n<p>Les consommateurs disposent d'un droit de r\u00e9tractation conform\u00e9ment aux dispositions suivantes, le consommateur \u00e9tant toute personne physique qui conclut un acte juridique dans un but qui ne peut \u00eatre imput\u00e9 ni \u00e0 son activit\u00e9 commerciale ni \u00e0 son activit\u00e9 professionnelle ind\u00e9pendante :<\/p>\n<p><strong>Droit de r\u00e9tractation<\/strong><\/p>\n<p>Vous pouvez r\u00e9voquer votre d\u00e9claration de contrat par \u00e9crit (par ex. lettre, fax, e-mail) dans un d\u00e9lai de 14 jours sans indication de motifs ou - si la marchandise vous est remise avant l'expiration du d\u00e9lai - en renvoyant la marchandise. Le d\u00e9lai commence \u00e0 courir apr\u00e8s la r\u00e9ception de cette information sous forme de texte, mais pas avant la r\u00e9ception de la marchandise par le destinataire (en cas de livraison r\u00e9p\u00e9t\u00e9e de marchandises de m\u00eame nature, pas avant la r\u00e9ception de la premi\u00e8re livraison partielle) et pas non plus avant l'ex\u00e9cution de nos obligations d'information conform\u00e9ment \u00e0 l'article 246 \u00a7 2 en liaison avec le \u00a7 1, alin\u00e9as 1 et 2 de l'EGBGB (loi introductive au code civil allemand) ainsi que de nos obligations conform\u00e9ment au \u00a7 312g, alin\u00e9a 1, phrase 1 du BGB (code civil allemand) en liaison avec l'article 246 \u00a7 3 de l'EGBGB. Pour respecter le d\u00e9lai de r\u00e9tractation, il suffit d'envoyer la r\u00e9tractation ou la chose dans les d\u00e9lais. La r\u00e9vocation doit \u00eatre adress\u00e9e \u00e0<\/p>\n<p>Georg Hagedorn<br \/>\nDans le Huferfeld 10<br \/>\n40468 D\u00fcsseldorf<br \/>\nAllemagne<br \/>\nT\u00e9l\u00e9phone : +49 (0) 5261-971 57 48<br \/>\nT\u00e9l\u00e9copieur : +49 (0) 211-429 98 53<br \/>\nCourrier \u00e9lectronique : bestellung@cmv-duesseldorf.de<\/p>\n<p><strong>Cons\u00e9quences de la r\u00e9tractation<\/strong><\/p>\n<p>En cas de r\u00e9tractation effective, les prestations re\u00e7ues par les deux parties doivent \u00eatre restitu\u00e9es et, le cas \u00e9ch\u00e9ant, les avantages tir\u00e9s (par ex. int\u00e9r\u00eats) doivent \u00eatre rembours\u00e9s. Si vous n'\u00eates pas en mesure de nous restituer la prestation re\u00e7ue ainsi que les avantages (par ex. avantages d'utilisation) ou si vous ne pouvez les restituer que partiellement ou dans un \u00e9tat d\u00e9t\u00e9rior\u00e9, vous devez nous d\u00e9dommager de la valeur correspondante. Pour la d\u00e9t\u00e9rioration de la chose et pour les avantages tir\u00e9s, vous ne devez verser une compensation que si les avantages ou la d\u00e9t\u00e9rioration sont dus \u00e0 une manipulation de la chose allant au-del\u00e0 de l'examen des propri\u00e9t\u00e9s et du fonctionnement. Par \"v\u00e9rification des caract\u00e9ristiques et du fonctionnement\", on entend le fait de tester et d'essayer la marchandise en question, comme cela est possible et habituel dans un magasin. Les marchandises pouvant \u00eatre exp\u00e9di\u00e9es par colis doivent \u00eatre renvoy\u00e9es \u00e0 nos risques et p\u00e9rils. Les frais r\u00e9guliers de renvoi sont \u00e0 votre charge si la marchandise livr\u00e9e correspond \u00e0 celle command\u00e9e et si le prix de la chose \u00e0 renvoyer ne d\u00e9passe pas un montant de 40 euros ou si, en cas de prix plus \u00e9lev\u00e9 de la chose, vous n'avez pas encore fourni la contrepartie ou un paiement partiel convenu par contrat au moment de la r\u00e9tractation. Dans le cas contraire, le renvoi est gratuit pour vous. Les objets qui ne peuvent pas \u00eatre envoy\u00e9s par colis seront enlev\u00e9s chez vous. Les obligations de remboursement des paiements doivent \u00eatre remplies dans un d\u00e9lai de 30 jours. Le d\u00e9lai commence pour vous avec l'envoi de votre d\u00e9claration de r\u00e9tractation ou de la marchandise, pour nous avec sa r\u00e9ception.<\/p>\n<p><strong>Fin de l'information sur le droit de r\u00e9tractation<\/strong><\/p>\n<p>Le droit de r\u00e9tractation ne s'applique pas aux contrats \u00e0 distance<\/p>\n<ul class=\"wp-block-list\">\n<li>pour la livraison de marchandises fabriqu\u00e9es selon les sp\u00e9cifications du client ou clairement adapt\u00e9es \u00e0 ses besoins personnels ou qui, en raison de leur nature, ne peuvent pas \u00eatre renvoy\u00e9es ou sont susceptibles de se d\u00e9t\u00e9riorer ou de se p\u00e9rimer rapidement,<\/li>\n<li>\u00e0 la livraison d'enregistrements audio ou vid\u00e9o ou de logiciels, dans la mesure o\u00f9 les supports de donn\u00e9es livr\u00e9s ont \u00e9t\u00e9 descell\u00e9s par le consommateur,<\/li>\n<li>pour la livraison de journaux, p\u00e9riodiques et magazines, \u00e0 moins que vous n'ayez fait votre d\u00e9claration de contrat par t\u00e9l\u00e9phone.<\/li>\n<\/ul>\n<\/div>","protected":false},"excerpt":{"rendered":"<p>Verbrauchern steht ein Widerrufsrecht nach folgender Ma\u00dfgabe zu, wobei Verbraucher jede nat\u00fcrliche Person ist, die ein Rechtsgesch\u00e4ft zu einem Zwecke abschlie\u00dft, der weder ihrer gewerblichen noch ihrer selbst\u00e4ndigen beruflichen T\u00e4tigkeit zugerechnet werden kann: Widerrufsrecht Sie k\u00f6nnen Ihre Vertragserkl\u00e4rung innerhalb von 14 Tagen ohne Angabe von Gr\u00fcnden in Textform (z. B. Brief, Fax, E-Mail) oder \u2013 [&hellip;]<\/p>\n","protected":false},"author":3,"featured_media":0,"parent":0,"menu_order":0,"comment_status":"closed","ping_status":"closed","template":"","meta":{"_acf_changed":false,"_glsr_average":0,"_glsr_ranking":0,"_glsr_reviews":0,"footnotes":""},"class_list":["post-1928","page","type-page","status-publish","hentry"],"acf":[],"_links":{"self":[{"href":"https:\/\/eu.goodseed.com\/fr\/wp-json\/wp\/v2\/pages\/1928","targetHints":{"allow":["GET"]}}],"collection":[{"href":"https:\/\/eu.goodseed.com\/fr\/wp-json\/wp\/v2\/pages"}],"about":[{"href":"https:\/\/eu.goodseed.com\/fr\/wp-json\/wp\/v2\/types\/page"}],"author":[{"embeddable":true,"href":"https:\/\/eu.goodseed.com\/fr\/wp-json\/wp\/v2\/users\/3"}],"replies":[{"embeddable":true,"href":"https:\/\/eu.goodseed.com\/fr\/wp-json\/wp\/v2\/comments?post=1928"}],"version-history":[{"count":1,"href":"https:\/\/eu.goodseed.com\/fr\/wp-json\/wp\/v2\/pages\/1928\/revisions"}],"predecessor-version":[{"id":1929,"href":"https:\/\/eu.goodseed.com\/fr\/wp-json\/wp\/v2\/pages\/1928\/revisions\/1929"}],"wp:attachment":[{"href":"https:\/\/eu.goodseed.com\/fr\/wp-json\/wp\/v2\/media?parent=1928"}],"curies":[{"name":"wp","href":"https:\/\/api.w.org\/{rel}","templated":true}]}}