{"id":1679,"date":"2025-06-11T20:38:57","date_gmt":"2025-06-11T20:38:57","guid":{"rendered":"https:\/\/eu.goodseed.com\/?page_id=1679"},"modified":"2025-08-07T20:56:24","modified_gmt":"2025-08-07T20:56:24","slug":"impressum","status":"publish","type":"page","link":"https:\/\/eu.goodseed.com\/fr\/impressum\/","title":{"rendered":"Mentions l\u00e9gales"},"content":{"rendered":"<div class=\"entry-content\">\n<p><b>CMV Hagedorn<\/b><br \/>\nrepr\u00e9sent\u00e9 par Georg Hagedorn<br \/>\nDans le Huferfeld 10<br \/>\n40468 D\u00fcsseldorf<br \/>\nT\u00e9l\u00e9phone : +49 (0) 211-429 98 56<\/p>\n<p><strong>Courrier \u00e9lectronique :<\/strong> info@cmv-duesseldorf.de<\/p>\n<p><strong>Directeur g\u00e9n\u00e9ral :<\/strong> Georg Hagedorn<\/p>\n<p>Num\u00e9ro d'identification de la taxe sur le chiffre d'affaires : DE335506353<\/p>\n<p><strong>Coordonn\u00e9es bancaires :<\/strong><\/p>\n<p>Georg Hagedorn<br \/>\nIBAN : DE60 3005 0110 0038 0161 50<br \/>\nBIC : DUSSDEDDXXX<\/p>\n<h3>Service client\u00e8le<\/h3>\n<p>\u00c9crivez-nous : info@cmv-duesseldorf.de<br \/>\nT\u00e9l\u00e9phone : +49 (0) 211-429 98 56 (jours ouvrables, du lundi au vendredi : 9h00 - 17h00)<\/p>\n<h3>Service de commande<\/h3>\n<p>Pour votre commande \u00e9crite : bestellung@cmv-duesseldorf.de<br \/>\nT\u00e9l\u00e9phone : +49 (0) 211-429 98 56<\/p>\n<div class=\"woocommerce woocommerce-gzd woocommerce-gzd-complaints-shortcode\">\n<h3>R\u00e8glement alternatif des litiges conform\u00e9ment \u00e0 l'article 14, paragraphe 1, du r\u00e8glement ODR et au \u00a7 36 de la VSBG :<\/h3>\n<p>La Commission europ\u00e9enne met \u00e0 disposition une plateforme de r\u00e8glement en ligne des litiges (RLL) que tu peux consulter \u00e0 l'adresse suivante <a href=\"https:\/\/ec.europa.eu\/consumers\/odr\" target=\"_blank\" rel=\"noopener\">https:\/\/ec.europa.eu\/consumers\/odr<\/a> sur le site. Nous ne sommes pas tenus de participer \u00e0 une proc\u00e9dure de r\u00e8glement des litiges devant un organisme de conciliation des consommateurs et ne sommes pas dispos\u00e9s \u00e0 le faire.<\/p>\n<\/div>\n<h3>Autres<\/h3>\n<p><b>Les mentions l\u00e9gales sont \u00e9galement valables pour les profils de m\u00e9dias sociaux suivants<\/b><\/p>\n<ul>\n<li>Facebook<\/li>\n<li>Instagram<\/li>\n<li>YouTube<\/li>\n<\/ul>\n<p><b>Droits d'auteur :<\/b> GoodSeed International. Tous droits r\u00e9serv\u00e9s.<br \/>\nLes r\u00e9impressions, l'enregistrement dans des services en ligne et sur Internet et la reproduction sur des supports de donn\u00e9es ne peuvent \u00eatre effectu\u00e9s qu'avec l'accord \u00e9crit pr\u00e9alable de la maison d'\u00e9dition. GoodSeed n'est pas responsable des manuscrits et des photos qui lui sont envoy\u00e9s sans son accord.<\/p>\n<p>&nbsp;<\/p>\n<\/div>","protected":false},"excerpt":{"rendered":"<p>CMV Hagedorn vertreten durch Georg Hagedorn Im Huferfeld 10 40468 D\u00fcsseldorf Telefon: +49 (0) 211-429 98 56 E-Mail: info@cmv-duesseldorf.de Gesch\u00e4ftsf\u00fchrer: Georg Hagedorn Umsatzsteuer ID-Nummer: DE335506353 Bankverbindung: Georg Hagedorn IBAN: DE60 3005 0110 0038 0161 50 BIC: DUSSDEDDXXX Kundenservice Schreiben Sie uns: info@cmv-duesseldorf.de Telefon: +49 (0) 211-429 98 56 (Werktags Mo-Fr: 9:00 \u2013 17:00 Uhr) Bestellservice [&hellip;]<\/p>\n","protected":false},"author":3,"featured_media":0,"parent":0,"menu_order":0,"comment_status":"closed","ping_status":"closed","template":"","meta":{"_acf_changed":false,"_glsr_average":0,"_glsr_ranking":0,"_glsr_reviews":0,"footnotes":""},"class_list":["post-1679","page","type-page","status-publish","hentry"],"acf":[],"_links":{"self":[{"href":"https:\/\/eu.goodseed.com\/fr\/wp-json\/wp\/v2\/pages\/1679","targetHints":{"allow":["GET"]}}],"collection":[{"href":"https:\/\/eu.goodseed.com\/fr\/wp-json\/wp\/v2\/pages"}],"about":[{"href":"https:\/\/eu.goodseed.com\/fr\/wp-json\/wp\/v2\/types\/page"}],"author":[{"embeddable":true,"href":"https:\/\/eu.goodseed.com\/fr\/wp-json\/wp\/v2\/users\/3"}],"replies":[{"embeddable":true,"href":"https:\/\/eu.goodseed.com\/fr\/wp-json\/wp\/v2\/comments?post=1679"}],"version-history":[{"count":3,"href":"https:\/\/eu.goodseed.com\/fr\/wp-json\/wp\/v2\/pages\/1679\/revisions"}],"predecessor-version":[{"id":2067,"href":"https:\/\/eu.goodseed.com\/fr\/wp-json\/wp\/v2\/pages\/1679\/revisions\/2067"}],"wp:attachment":[{"href":"https:\/\/eu.goodseed.com\/fr\/wp-json\/wp\/v2\/media?parent=1679"}],"curies":[{"name":"wp","href":"https:\/\/api.w.org\/{rel}","templated":true}]}}