{"id":1677,"date":"2025-06-11T20:33:25","date_gmt":"2025-06-11T20:33:25","guid":{"rendered":"https:\/\/eu.goodseed.com\/?page_id=1677"},"modified":"2025-08-07T21:37:26","modified_gmt":"2025-08-07T21:37:26","slug":"allgemeine-geschaftsbedingungen","status":"publish","type":"page","link":"https:\/\/eu.goodseed.com\/fr\/allgemeine-geschaftsbedingungen\/","title":{"rendered":"Conditions g\u00e9n\u00e9rales de vente"},"content":{"rendered":"<div class=\"entry-content\">\n<p>CMV Hagedorn<br \/>\nrepr\u00e9sent\u00e9 par Georg Hagedorn<br \/>\nDans le Huferfeld 10<br \/>\n40468 D\u00fcsseldorf<\/p>\n<p>Num\u00e9ro de TVA : DE335506353<\/p>\n<p>pour les contrats avec les consommateurs<\/p>\n<p>pour les commandes en ligne via la plateforme www.cmv-duesseldorf.de, ainsi que pour les commandes par t\u00e9l\u00e9phone ou sous forme de texte (lettre, fax, e-mail).<\/p>\n<p><strong>\u00a7 1 Champ d'application<\/strong><br \/>\nLes relations commerciales entre le CMV Hagedorn (ci-apr\u00e8s \"CMV\") et l'acheteur sont exclusivement r\u00e9gies par les conditions g\u00e9n\u00e9rales de vente suivantes (ci-apr\u00e8s \"CGV\") dans leur version en vigueur au moment de la commande.<\/p>\n<p>Les pr\u00e9sentes CGV ne s'appliquent qu'aux consommateurs. Les consommateurs sont des personnes physiques qui passent leur commande dans un but qui n'est pas imputable \u00e0 l'activit\u00e9 commerciale ou professionnelle ind\u00e9pendante de l'acheteur.<\/p>\n<p>Ces CGV ne s'appliquent pas aux tables de livres et aux revendeurs. Nous vous enverrons volontiers sur demande les conditions valables dans ce cas.<\/p>\n<p><strong>\u00a7 2 Conclusion du contrat<\/strong><br \/>\nCommandes en ligne : Les contrats ne peuvent \u00eatre conclus sur ce portail (www.cmv-duesseldorf.de) qu'en langue allemande. En envoyant votre commande au CMV, vous garantissez que vous disposez d'une capacit\u00e9 juridique illimit\u00e9e. Vous faites une offre ferme lorsque vous suivez le processus de commande en ligne en saisissant les informations qui y sont demand\u00e9es et en cliquant sur le bouton \"Acheter maintenant\" \u00e0 l'\u00e9tape 3.<br \/>\nSi vous avez pass\u00e9 votre commande via notre boutique en ligne www.cmv-duesseldorf.de, nous vous enverrons un e-mail confirmant la r\u00e9ception de votre commande et en pr\u00e9cisant les d\u00e9tails (accus\u00e9 de r\u00e9ception).<\/p>\n<p>Cet accus\u00e9 de r\u00e9ception ne constitue pas une acceptation de votre offre, mais vous informe uniquement que nous avons re\u00e7u votre commande.<\/p>\n<p>Le contrat de vente est conclu lorsque nous acceptons l'offre de contrat contenue dans votre commande. L'acceptation se fait soit par une d\u00e9claration \u00e9crite expresse, soit par la r\u00e9ception de la marchandise par le destinataire.<\/p>\n<p>Le contrat est conclu avec le CMV Hagedorn, sauf mention contraire explicite. Les donn\u00e9es de votre commande sont enregistr\u00e9es dans notre syst\u00e8me. Sur demande, nous vous les envoyons.<\/p>\n<p><strong>\u00a7 3 R\u00e9serve d'indisponibilit\u00e9<\/strong><br \/>\nNous nous r\u00e9servons le droit de ne pas ex\u00e9cuter une commande si nous n'avons pas la marchandise command\u00e9e en stock et si celle-ci n'est pas non plus disponible chez l'\u00e9diteur ou le fournisseur. Dans ce cas, nous vous informerons imm\u00e9diatement de l'indisponibilit\u00e9 et vous rembourserons sans d\u00e9lai le prix d'achat d\u00e9j\u00e0 vers\u00e9.<\/p>\n<p>Les nouveaut\u00e9s et les titres d'une commande qui ne sont pas encore disponibles et dont la date de parution est indiqu\u00e9e dans notre publicit\u00e9 sont r\u00e9serv\u00e9s et livr\u00e9s ult\u00e9rieurement si la livraison est possible. Cette livraison ult\u00e9rieure est effectu\u00e9e sans frais de port si cette livraison n\u00e9cessite un envoi suppl\u00e9mentaire par rapport \u00e0 la premi\u00e8re livraison de la commande.<\/p>\n<p><strong>\u00a7 4 R\u00e9vocation et cons\u00e9quences de la r\u00e9vocation<br \/>\n<\/strong>Les consommateurs disposent d'un droit de r\u00e9tractation dans les conditions suivantes :<\/p>\n<p>Information sur le droit de r\u00e9tractation<\/p>\n<p>Droit de r\u00e9tractation<br \/>\nVous avez le droit de vous r\u00e9tracter du pr\u00e9sent contrat sans donner de motif dans un d\u00e9lai de quatorze jours. Le d\u00e9lai de r\u00e9tractation est de quatorze jours \u00e0 compter de la date \u00e0 laquelle vous, ou un tiers autre que le transporteur et d\u00e9sign\u00e9 par vous, avez pris possession des marchandises.<\/p>\n<p>Pour exercer votre droit de r\u00e9tractation, vous devez nous informer (CMV Hagedorn, Georg Hagedorn, Im Huferfeld 10, 40468 D\u00fcsseldorf ; t\u00e9l\u00e9phone : +49 (0)211 \/ 429 98 56, fax : +49 (0) 211-429 98 53, e-mail : info@cmv-duesseldorf.de) de votre d\u00e9cision de r\u00e9voquer le pr\u00e9sent contrat au moyen d'une d\u00e9claration sans \u00e9quivoque (par ex. lettre envoy\u00e9e par la poste, fax ou e-mail). Pour ce faire, vous pouvez utiliser le mod\u00e8le de formulaire de r\u00e9tractation ci-joint, qui n'est toutefois pas obligatoire. Pour que le d\u00e9lai de r\u00e9tractation soit respect\u00e9, il suffit que vous envoyiez la communication relative \u00e0 l'exercice du droit de r\u00e9tractation avant l'expiration du d\u00e9lai de r\u00e9tractation.<\/p>\n<p><strong><br \/>\nCons\u00e9quences de la r\u00e9vocation<br \/>\n<\/strong>En cas de r\u00e9tractation du pr\u00e9sent contrat, nous vous rembourserons tous les paiements re\u00e7us de vous, y compris les frais de livraison (\u00e0 l'exception des frais suppl\u00e9mentaires d\u00e9coulant du fait que vous avez choisi un mode de livraison autre que le mode moins co\u00fbteux de livraison standard propos\u00e9 par nous), sans retard excessif et au plus tard quatorze jours \u00e0 compter de la date \u00e0 laquelle nous aurons \u00e9t\u00e9 inform\u00e9s de votre d\u00e9cision de r\u00e9tractation du pr\u00e9sent contrat. Pour ce remboursement, nous utilisons le m\u00eame moyen de paiement que celui que vous avez utilis\u00e9 pour la transaction initiale, \u00e0 moins qu'il n'en ait \u00e9t\u00e9 express\u00e9ment convenu autrement avec vous ; en aucun cas, des frais ne vous seront factur\u00e9s pour ce remboursement. Nous pouvons refuser le remboursement jusqu'\u00e0 ce que nous ayons re\u00e7u les marchandises ou jusqu'\u00e0 ce que vous ayez fourni la preuve que vous avez renvoy\u00e9 les marchandises, la date retenue \u00e9tant celle du premier de ces faits.<\/p>\n<p>Vous devrez renvoyer ou rendre la marchandise \u00e0 CMV Hagedorn, Georg Hagedorn, Im Huferfeld 10, 40468 D\u00fcsseldorf, sans retard excessif et, en tout \u00e9tat de cause, au plus tard quatorze jours apr\u00e8s que vous nous aurez communiqu\u00e9 votre d\u00e9cision de r\u00e9tractation du pr\u00e9sent contrat. Le d\u00e9lai est respect\u00e9 si vous renvoyez les marchandises avant l'expiration du d\u00e9lai de quatorze jours.Les frais directs de renvoi des marchandises sont \u00e0 votre charge.Vous ne devez prendre en charge une \u00e9ventuelle perte de valeur des marchandises que si cette perte de valeur est due \u00e0 une manipulation non n\u00e9cessaire pour v\u00e9rifier la nature, les propri\u00e9t\u00e9s et le fonctionnement des marchandises.<\/p>\n<p><strong>Le droit de r\u00e9tractation ne s'applique pas aux contrats suivants :<\/strong><\/p>\n<p><strong>1. les contrats de fourniture de biens qui ne sont pas pr\u00e9fabriqu\u00e9s et pour la production desquels le choix ou la d\u00e9termination individuels du consommateur sont d\u00e9terminants ou qui sont clairement adapt\u00e9s aux besoins personnels du consommateur<\/strong><br \/>\n<strong>2. aux contrats de fourniture de biens susceptibles de se d\u00e9t\u00e9riorer ou de se p\u00e9rimer rapidement,<\/strong><br \/>\n<strong>3. aux contrats de fourniture de biens scell\u00e9s qui ne peuvent \u00eatre renvoy\u00e9s pour des raisons de protection de la sant\u00e9 ou d'hygi\u00e8ne, si leur sceau a \u00e9t\u00e9 retir\u00e9 apr\u00e8s la livraison,<\/strong><br \/>\n<strong>4) aux contrats de fourniture d'enregistrements audio ou vid\u00e9o ou de logiciels informatiques dans un emballage scell\u00e9, si le sceau a \u00e9t\u00e9 retir\u00e9 apr\u00e8s la livraison,<\/strong><br \/>\n<strong>5) aux contrats de fourniture de journaux, de p\u00e9riodiques ou de magazines, \u00e0 l'exception des contrats d'abonnement.<\/strong><\/p>\n<p><strong>Formulaire de r\u00e9tractation<\/strong><br \/>\nSi vous souhaitez annuler le contrat, veuillez remplir ce formulaire et le renvoyer.<\/p>\n<p>\u00c0 l'adresse<br \/>\nCMV Hagedorn<br \/>\nGeorg Hagedorn<br \/>\nDans le Huferfeld 10<br \/>\n40468 D\u00fcsseldorf<\/p>\n<p>Fax : +49 (0) 211-429 98 53 ; e-mail : info@cmv-duesseldorf.de<\/p>\n<p>- Par la pr\u00e9sente, je\/nous (*) r\u00e9voque(ons) le contrat que j'ai\/nous avons (*) conclu pour l'achat des marchandises suivantes (*)\/la fourniture du service suivant (*)<\/p>\n<p>- Command\u00e9 le (*)\/re\u00e7u le (*)_____________________________________<br \/>\n- Nom du\/des consommateur(s) _____________________________________<br \/>\n- Adresse du\/des consommateur(s) ___________________________________<\/p>\n<p>____________________________<br \/>\nSignature du\/des consommateur(s) ____________________________<br \/>\nDate _______________<br \/>\n(*) Biffer la mention inutile.<\/p>\n<p><strong>\u00a7 5 Prix et frais d'envoi<\/strong><br \/>\nNos prix sont des prix finaux en euros. Ils incluent la TVA et ne comprennent pas les frais d'exp\u00e9dition. Le prix applicable est celui en vigueur au moment de la commande.<\/p>\n<p>Les frais d'exp\u00e9dition sont bas\u00e9s sur les tarifs actuels de DHL et sont \u00e9chelonn\u00e9s en fonction du poids. Dans certaines circonstances, les frais d'exp\u00e9dition peuvent changer entre le moment o\u00f9 la commande est pass\u00e9e et celui o\u00f9 la marchandise est exp\u00e9di\u00e9e. Les frais d'exp\u00e9dition indiqu\u00e9s sur la facture jointe \u00e0 la marchandise sont d\u00e9terminants.<\/p>\n<p>Si, pour des raisons techniques ou logistiques, l'envoi se fait en plusieurs \u00e9tapes, nous ne facturons bien s\u00fbr qu'une seule fois la participation aux frais d'envoi.<\/p>\n<p>Pour les envois \u00e0 l'\u00e9tranger, les frais d'exp\u00e9dition effectivement factur\u00e9s sont ceux qui sont visibles apr\u00e8s la saisie de l'adresse dans le panier d'achat. Les conditions sp\u00e9cifiques d'importation et de douane doivent \u00eatre observ\u00e9es et remplies par l'acheteur.<\/p>\n<p><strong>\u00a7 6 Conditions de livraison et de paiement<\/strong><br \/>\nLes paiements sont effectu\u00e9s par virement (sur facture).<\/p>\n<p>La livraison a lieu dans les 3 \u00e0 5 jours ouvrables suivant la conclusion du contrat.<\/p>\n<p>Par facture : nous livrons contre facture, payable dans les 10 jours. Le virement du montant de la facture est adress\u00e9 \u00e0 :<\/p>\n<p><strong>Georg Hagedorn<\/strong><br \/>\nIBAN : DE60 3005 0110 0038 0161 50<br \/>\nBIC : DUSSDEDDXXX<\/p>\n<p>Si vous \u00eates en retard dans vos paiements, nous nous r\u00e9servons le droit de vous facturer des frais de rappel.<\/p>\n<p><strong>\u00a7 7 Responsabilit\u00e9 pour les d\u00e9fauts<\/strong><br \/>\nEn cas de d\u00e9faut de la chose vendue, les dispositions l\u00e9gales de garantie des \u00a7\u00a7 434 et suivants s'appliquent. BGB (CODE CIVIL ALLEMAND).<\/p>\n<p><strong>\u00a7 8 R\u00e9serve de propri\u00e9t\u00e9<\/strong><br \/>\nConform\u00e9ment au \u00a7 449 du Code civil allemand, les marchandises restent notre propri\u00e9t\u00e9 jusqu'\u00e0 leur paiement int\u00e9gral. L'acheteur est tenu d'informer imm\u00e9diatement le vendeur de l'acc\u00e8s de tiers aux marchandises livr\u00e9es sous r\u00e9serve de propri\u00e9t\u00e9 et de lui faire parvenir les documents justifiant cet acc\u00e8s. L'acheteur s'engage \u00e0 envoyer imm\u00e9diatement au vendeur une copie du proc\u00e8s-verbal de saisie.<\/p>\n<p><strong>\u00a7 9 Conditions d'utilisation pour les t\u00e9l\u00e9chargements<\/strong><br \/>\nCMV Hagedorn n'accorde au client aucun droit de propri\u00e9t\u00e9 sur les e-books, les partitions (pdf) et les fichiers audio. Le client acquiert un droit simple, non transmissible et r\u00e9vocable avant le paiement int\u00e9gral des droits de licence, d'utiliser le titre propos\u00e9 pour son usage personnel.<\/p>\n<p>Le contenu d'un livre \u00e9lectronique et\/ou d'un fichier audio ne peut \u00eatre modifi\u00e9 par le client, ni au niveau du contenu ni au niveau r\u00e9dactionnel, sous r\u00e9serve de r\u00e8gles l\u00e9gales imp\u00e9ratives diff\u00e9rentes.<\/p>\n<p>La transmission de livres \u00e9lectroniques, de fichiers PDF ou de fichiers audio MP3 \u00e0 des tiers n'est pas autoris\u00e9e ; par ailleurs, toute transmission est interdite, de m\u00eame que leur mise \u00e0 disposition ou leur transmission au public, leur mise en ligne sur Internet ou dans d'autres m\u00e9dias en r\u00e9seau, \u00e0 titre gratuit ou on\u00e9reux, leur revente et\/ou toute autre forme d'utilisation \u00e0 des fins commerciales.<\/p>\n<p>Les e-books et les fichiers MP3 peuvent \u00eatre enregistr\u00e9s sur votre propre PC ou lecteur MP3 et grav\u00e9s sur CD pour votre usage priv\u00e9. La transmission \u00e0 des tiers, la mise \u00e0 disposition (p. ex. sur Internet), la location, la diffusion ainsi que l'ex\u00e9cution publique ne sont pas autoris\u00e9es.<\/p>\n<p>Les fichiers de notes ne donnent droit qu'\u00e0 des impressions ou des copies \u00e0 hauteur de la quantit\u00e9 command\u00e9e indiqu\u00e9e et mentionn\u00e9e sur l'impression. Les copies suppl\u00e9mentaires doivent faire l'objet d'une licence s\u00e9par\u00e9e.<\/p>\n<p>Le t\u00e9l\u00e9chargement d'un fichier de paroles \/ de partitions n'est pas li\u00e9 \u00e0 une licence de projection (communication publique au sens du \u00a7 52 UrhG). L'utilisation des textes \/ partitions au moyen d'un r\u00e9troprojecteur ou d'un vid\u00e9oprojecteur, par exemple dans la commune, n\u00e9cessite une licence s\u00e9par\u00e9e.<br \/>\nToute utilisation des fichiers t\u00e9l\u00e9charg\u00e9s d\u00e9passant le cadre de l'autorisation d'utilisation susmentionn\u00e9e constitue une violation des droits d'auteur et est punissable en vertu de la l\u00e9gislation en vigueur.<br \/>\nLe CMV ne garantit pas la compatibilit\u00e9 des fichiers musicaux t\u00e9l\u00e9charg\u00e9s avec les lecteurs MP3 mobiles ni leur gravure sur CD.<\/p>\n<p><strong>\u00a7 10 Clause de sauvegarde<\/strong><br \/>\nSi une disposition est ou devient nulle et non avenue, les autres dispositions restent valables.<\/p>\n<p>Mise \u00e0 jour : 04 juillet 2022<\/p>\n<\/div>","protected":false},"excerpt":{"rendered":"<p>CMV Hagedorn vertreten durch Georg Hagedorn Im Huferfeld 10 40468 D\u00fcsseldorf USt-IdNr.: DE335506353 f\u00fcr Vertr\u00e4ge mit Verbrauchern f\u00fcr Online Bestellung \u00fcber die Plattform www.cmv-duesseldorf.de, sowie f\u00fcr telefonische Bestellungen oder Bestellungen in Textform (als Brief, Fax, E-Mail). \u00a7 1 Geltungsbereich F\u00fcr die Gesch\u00e4ftsbeziehung zwischen dem\u00a0CMV Hagedorn\u00a0(nachfolgend \u201eCMV\u201c) und dem Besteller gelten ausschlie\u00dflich die nachfolgenden Allgemeinen Gesch\u00e4ftsbedingungen [&hellip;]<\/p>\n","protected":false},"author":3,"featured_media":0,"parent":0,"menu_order":0,"comment_status":"closed","ping_status":"closed","template":"","meta":{"_acf_changed":false,"_glsr_average":0,"_glsr_ranking":0,"_glsr_reviews":0,"footnotes":""},"class_list":["post-1677","page","type-page","status-publish","hentry"],"acf":[],"_links":{"self":[{"href":"https:\/\/eu.goodseed.com\/fr\/wp-json\/wp\/v2\/pages\/1677","targetHints":{"allow":["GET"]}}],"collection":[{"href":"https:\/\/eu.goodseed.com\/fr\/wp-json\/wp\/v2\/pages"}],"about":[{"href":"https:\/\/eu.goodseed.com\/fr\/wp-json\/wp\/v2\/types\/page"}],"author":[{"embeddable":true,"href":"https:\/\/eu.goodseed.com\/fr\/wp-json\/wp\/v2\/users\/3"}],"replies":[{"embeddable":true,"href":"https:\/\/eu.goodseed.com\/fr\/wp-json\/wp\/v2\/comments?post=1677"}],"version-history":[{"count":3,"href":"https:\/\/eu.goodseed.com\/fr\/wp-json\/wp\/v2\/pages\/1677\/revisions"}],"predecessor-version":[{"id":2069,"href":"https:\/\/eu.goodseed.com\/fr\/wp-json\/wp\/v2\/pages\/1677\/revisions\/2069"}],"wp:attachment":[{"href":"https:\/\/eu.goodseed.com\/fr\/wp-json\/wp\/v2\/media?parent=1677"}],"curies":[{"name":"wp","href":"https:\/\/api.w.org\/{rel}","templated":true}]}}