{"id":1646,"date":"2025-06-10T20:59:03","date_gmt":"2025-06-10T20:59:03","guid":{"rendered":"https:\/\/eu.goodseed.com\/?page_id=1646"},"modified":"2025-08-07T20:52:40","modified_gmt":"2025-08-07T20:52:40","slug":"uber-goodseed","status":"publish","type":"page","link":"https:\/\/eu.goodseed.com\/fr\/uber-goodseed\/","title":{"rendered":"\u00c0 propos de Goodseed"},"content":{"rendered":"<p><strong>Aider les gens \u00e0 comprendre l'\u00c9vangile. Aider les gens \u00e0 partager l'\u00c9vangile.<\/strong><\/p>\n<p>Le service de GoodSeed consiste \u00e0 fournir \u00e0 d'autres des m\u00e9dias utiles qui expliquent l'\u00c9vangile. Nous proposons \u00e9galement des formations sur la mani\u00e8re d'acqu\u00e9rir un style de vie d'ambassadeur de J\u00e9sus-Christ tout au long de la vie.<\/p>\n<p>GoodSeed fournit des outils d'\u00e9vang\u00e9lisation, de la cr\u00e9ation au Christ, qui aident les gens \u00e0 comprendre le message clair de l'\u00c9vangile et qui leur donnent les moyens de partager cette bonne nouvelle avec les autres en toute confiance. Ces outils sont \u00e9galement con\u00e7us pour diff\u00e9rents groupes d'\u00e2ge et diff\u00e9rentes visions du monde, afin que vous puissiez comprendre le message central de la Bible, quel que soit votre milieu.<\/p>\n<p>Chez GoodSeed, notre vision est que chaque personne, ind\u00e9pendamment de ses convictions et de son \u00e2ge, comprenne le message clair de l'\u00c9vangile et soit capable de le partager avec d'autres.<\/p>\n<p><a href=\"http:\/\/www.goodseed.com\">GoodSeed International<\/a> continue \u00e0 se concentrer sur la cr\u00e9ation de nouvelles ressources, de nouvelles traductions et sur la formation d'autres personnes \u00e0 la mani\u00e8re de les utiliser. En Europe, les ressources de GoodSeed sont distribu\u00e9es par CMV Hagedorn. Pour en savoir plus sur CMV, veuillez visiter : <a href=\"https:\/\/cmv-duesseldorf.de\/\">cmv-duesseldorf.de<\/a><\/p>\n<p><strong>Comment tout a commenc\u00e9<\/strong><\/p>\n<p>Vingt-cinq ann\u00e9es pass\u00e9es parmi des populations tribales isol\u00e9es ont permis \u00e0 John Cross et \u00e0 ses collaborateurs d'apprendre ceci : en expliquant la Bible aux gens de mani\u00e8re continue - en commen\u00e7ant par la cr\u00e9ation et en terminant par le Christ -, ils apprennent les bases n\u00e9cessaires pour comprendre qui est le Dieu cr\u00e9ateur et pourquoi J\u00e9sus-Christ devait mourir et ressusciter. Lorsque l'on explique l'\u00c9vangile de cette mani\u00e8re, il prend tout son sens. Beaucoup l'ont compris et ont cru.<\/p>\n<p>Au cours de ses voyages \u00e0 travers le monde, John s'est finalement rendu compte que de nombreuses personnes qu'il rencontrait avaient un point commun avec les gens des tribus. Ils ne savaient pas non plus ce qu'\u00e9tait Dieu et n'avaient aucune base pour comprendre qui \u00e9tait J\u00e9sus-Christ.<\/p>\n<p id=\"u2270-9\">C'est pourquoi il a \u00e9crit un livre, en utilisant la m\u00eame approche biblique qui avait d\u00e9j\u00e0 fait ses preuves aupr\u00e8s des peuples tribaux. Un livre que l'on pouvait facilement offrir ou utiliser pour expliquer l'\u00c9vangile aux gens par le biais d'un cours.<\/p>\n<p id=\"u2270-10\">Apr\u00e8s la publication du livre The Stranger on the Road to Emmaus en 1997 ( en anglais ), des questions sont venues du monde entier : \"Le livre est-il aussi disponible en allemand ? Ou en fran\u00e7ais ? Existe-t-il une version audio ?\" GoodSeed a \u00e9t\u00e9 fond\u00e9e au Canada pour r\u00e9pondre \u00e0 ces demandes.<\/p>\n<hr \/>\n<p>Nous croyons que chaque personne dans le monde entier devrait avoir un acc\u00e8s libre au message central de la Bible - l'\u00e9vangile de la gr\u00e2ce de Dieu - et que chaque personne devrait \u00eatre \u00e9galement libre de rejeter ou d'accepter ce message. Par \"libre\", nous entendons qu'une personne peut examiner les affirmations de la Bible et d\u00e9cider de faire confiance \u00e0 son message ou de le r\u00e9futer, sans se sentir contrainte ou craindre pour sa vie ou son int\u00e9grit\u00e9 physique.<\/p>","protected":false},"excerpt":{"rendered":"<p>Den Menschen helfen, das Evangelium zu verstehen. Den Menschen helfen, das Evangelium weiterzugeben. Der Dienst von GoodSeed besteht darin andere mit hilfreichen Medien zuzur\u00fcsten, welche das Evangelium erk\u00e4ren. Wir bieten ebenfalls Schulungen dar\u00fcber an, wie man sich einen lebenslangen Lebensstiel als Botschafter Jesu Christi aneignen kann. GoodSeed stellt Werkzeuge f\u00fcr die Evangelisation von der Sch\u00f6pfung [&hellip;]<\/p>\n","protected":false},"author":3,"featured_media":0,"parent":0,"menu_order":0,"comment_status":"closed","ping_status":"closed","template":"","meta":{"_acf_changed":false,"_glsr_average":0,"_glsr_ranking":0,"_glsr_reviews":0,"footnotes":""},"class_list":["post-1646","page","type-page","status-publish","hentry"],"acf":[],"_links":{"self":[{"href":"https:\/\/eu.goodseed.com\/fr\/wp-json\/wp\/v2\/pages\/1646","targetHints":{"allow":["GET"]}}],"collection":[{"href":"https:\/\/eu.goodseed.com\/fr\/wp-json\/wp\/v2\/pages"}],"about":[{"href":"https:\/\/eu.goodseed.com\/fr\/wp-json\/wp\/v2\/types\/page"}],"author":[{"embeddable":true,"href":"https:\/\/eu.goodseed.com\/fr\/wp-json\/wp\/v2\/users\/3"}],"replies":[{"embeddable":true,"href":"https:\/\/eu.goodseed.com\/fr\/wp-json\/wp\/v2\/comments?post=1646"}],"version-history":[{"count":8,"href":"https:\/\/eu.goodseed.com\/fr\/wp-json\/wp\/v2\/pages\/1646\/revisions"}],"predecessor-version":[{"id":2065,"href":"https:\/\/eu.goodseed.com\/fr\/wp-json\/wp\/v2\/pages\/1646\/revisions\/2065"}],"wp:attachment":[{"href":"https:\/\/eu.goodseed.com\/fr\/wp-json\/wp\/v2\/media?parent=1646"}],"curies":[{"name":"wp","href":"https:\/\/api.w.org\/{rel}","templated":true}]}}