{"id":997,"date":"2025-05-02T03:11:36","date_gmt":"2025-05-02T03:11:36","guid":{"rendered":"https:\/\/eu.goodseed.com\/?post_type=product&#038;p=997"},"modified":"2025-12-05T01:11:37","modified_gmt":"2025-12-05T01:11:37","slug":"fieldnotes-stories-of-the-gospel-transforming-lives-volume-2-fieldnotes-stories-of-the-gospel-transforming-lives-volume-2","status":"publish","type":"product","link":"https:\/\/eu.goodseed.com\/en\/product\/fieldnotes-stories-of-the-gospel-transforming-lives-volume-2-fieldnotes-stories-of-the-gospel-transforming-lives-volume-2\/","title":{"rendered":"Fieldnotes: Stories of the Gospel Transforming Lives (Volume 2)"},"content":{"rendered":"<p class=\"p1\">All around the world, ordinary believers are taking their roles as ambassadors for Christ seriously. In their everyday lives, they keep their eyes and ears open for opportunities to share the gospel message. Sometimes, the encounters are brief\u2014all they do is give away a book. Other times, believers are given the time to lead a friend through a study. In many instances, these opportunities result in people coming to faith in Jesus Christ. We are thankful that these testimonies involving GoodSeed resources have come to us and we rejoice in what God has done.<\/p>\n<p class=\"p2\">All around the world, ordinary believers are taking their roles as ambassadors for Christ seriously. In their everyday lives, they keep their eyes and ears open for opportunities to share the gospel message. Sometimes, the encounters are brief\u2014all they do is give away a book. Other times, believers are given the time to lead a friend through a study. In many instances, these opportunities result in people coming to faith in Jesus Christ. We are thankful that these testimonies involving GoodSeed resources have come to us and we rejoice in what God has done.<\/p>\n<p class=\"p2\">Also see <a href=\"https:\/\/ca.goodseed.com\/fieldnotes-stories-of-the-gospel-transforming-lives-volume-1\/\" target=\"_blank\" rel=\"noopener\">Fieldnotes Volume 1<\/a>.<\/p>\n<p class=\"p2\">","protected":false},"excerpt":{"rendered":"<p>\u00dcberall auf der Welt nehmen Gl\u00e4ubige ihre Rolle als Botschafter Christi ernst. Im Alltag halten sie Augen und Ohren offen f\u00fcr Gelegenheiten, die Botschaft des Evangeliums zu verbreiten. Manchmal sind die Begegnungen kurz \u2013 sie verschenken einfach ein Buch. Manchmal erhalten Gl\u00e4ubige die Zeit, einen Freund durch ein Bibelstudium zu f\u00fchren. Oft f\u00fchren diese Gelegenheiten [&hellip;]<\/p>\n","protected":false},"featured_media":998,"comment_status":"closed","ping_status":"closed","template":"","meta":{"_acf_changed":false,"_glsr_average":0,"_glsr_ranking":0,"_glsr_reviews":0},"product_brand":[],"product_cat":[23],"product_tag":[],"giftcard-category":[],"class_list":{"0":"post-997","1":"product","2":"type-product","3":"status-publish","4":"has-post-thumbnail","6":"product_cat-andere-materialien","8":"first","9":"instock","10":"taxable","11":"shipping-taxable","12":"purchasable","13":"product-type-simple"},"acf":[],"_links":{"self":[{"href":"https:\/\/eu.goodseed.com\/en\/wp-json\/wp\/v2\/product\/997","targetHints":{"allow":["GET"]}}],"collection":[{"href":"https:\/\/eu.goodseed.com\/en\/wp-json\/wp\/v2\/product"}],"about":[{"href":"https:\/\/eu.goodseed.com\/en\/wp-json\/wp\/v2\/types\/product"}],"replies":[{"embeddable":true,"href":"https:\/\/eu.goodseed.com\/en\/wp-json\/wp\/v2\/comments?post=997"}],"wp:featuredmedia":[{"embeddable":true,"href":"https:\/\/eu.goodseed.com\/en\/wp-json\/wp\/v2\/media\/998"}],"wp:attachment":[{"href":"https:\/\/eu.goodseed.com\/en\/wp-json\/wp\/v2\/media?parent=997"}],"wp:term":[{"taxonomy":"product_brand","embeddable":true,"href":"https:\/\/eu.goodseed.com\/en\/wp-json\/wp\/v2\/product_brand?post=997"},{"taxonomy":"product_cat","embeddable":true,"href":"https:\/\/eu.goodseed.com\/en\/wp-json\/wp\/v2\/product_cat?post=997"},{"taxonomy":"product_tag","embeddable":true,"href":"https:\/\/eu.goodseed.com\/en\/wp-json\/wp\/v2\/product_tag?post=997"},{"taxonomy":"giftcard-category","embeddable":true,"href":"https:\/\/eu.goodseed.com\/en\/wp-json\/wp\/v2\/giftcard-category?post=997"}],"curies":[{"name":"wp","href":"https:\/\/api.w.org\/{rel}","templated":true}]}}