{"id":860,"date":"2025-04-29T07:41:48","date_gmt":"2025-04-29T07:41:48","guid":{"rendered":"https:\/\/eu.goodseed.com\/?post_type=product&#038;p=860"},"modified":"2025-12-05T01:19:17","modified_gmt":"2025-12-05T01:19:17","slug":"by-this-name-english","status":"publish","type":"product","link":"https:\/\/eu.goodseed.com\/en\/product\/by-this-name-english\/","title":{"rendered":"Under this name (English)"},"content":{"rendered":"<blockquote>\n<ul>\n<li><strong>Kaufe 4 &#8211; 11 <\/strong>und erhalte <strong>20% Rabatt<\/strong><\/li>\n<li><strong>Kaufe 12 &#8211; 23 <\/strong>und erhalte <strong>30% Rabatt<\/strong><\/li>\n<li><strong>Kaufe 24 oder mehr <\/strong>und erhalte <strong>40% Rabatt<\/strong><\/li>\n<\/ul>\n<\/blockquote>\n<p>Vielleicht hat man dir gesagt, &#8222;Ich freue mich, dass du deinen Weg zu Gott gefunden hast, aber jeder findet ihn an anderen Orten und in anderen Religionen. &#8220; Wie k\u00f6nnen Sie also jemandem, der glaubt, dass Gott in der ganzen Natur gegenw\u00e4rtig ist, das Evangelium vermitteln? Was sagen Sie, wenn Ihr Freund sich \u201eGott\u201c eher als eine spirituelle Kraft oder Energie denn als eine Person vorstellt? Wie k\u00f6nnen Sie in einer Welt, in der \u201eSpiritualit\u00e4t\u201c popul\u00e4r geworden ist und das Wissen um Gott so gut wie verschwunden ist, die gute Nachricht von Jesus Christus weitergeben? Selbst die westliche Welt ist von Kulturen beeinflusst worden, die an viele G\u00f6tter glauben.<\/p>\n<p><em>By This Name<\/em> erkl\u00e4rt die Kernbotschaft der Bibel f\u00fcr Menschen, die keine Ahnung von der Bibel haben. Anhand des Aufbaus des Johannesevangeliums hebt das Buch den Gott der Bibel deutlich von allen anderen G\u00f6ttern ab. Es begr\u00fcndet die Autorit\u00e4t der Heiligen Schrift und vergleicht die biblische Weltanschauung behutsam mit \u00f6stlichen Weltanschauungen. Es verkn\u00fcpft Schl\u00fcsselgeschichten aus dem Alten und Neuen Testament, um die Identit\u00e4t Gottes und das Wesen der S\u00fcnde zu enth\u00fcllen, mit dem Ziel, zwei Fragen zu beantworten: \u201eWer ist Jesus?\u201c und \u201eWas hat es mit der Geschichte vom Kreuz und dem Grab auf sich?\u201c Das Buch hilft den Menschen zu verstehen, worum es in der Bibel \u00fcberhaupt geht.<\/p>","protected":false},"excerpt":{"rendered":"<div class=\"productView-info-bulkPricing\">\n<p>Bulk Pricing:Below are the available bulk discount rates for each individual item when you purchase a certain amount<\/p>\n<ul>\n<li>Buy 3 &#8211; 11 and get 20% off<\/li>\n<li>Buy 12 &#8211; 23 and get 30% off<\/li>\n<li>Buy 24 or above and get 40% off<\/li>\n<\/ul>\n<\/div>","protected":false},"featured_media":861,"comment_status":"closed","ping_status":"closed","template":"","meta":{"_acf_changed":false,"_glsr_average":0,"_glsr_ranking":0,"_glsr_reviews":0},"product_brand":[109],"product_cat":[76,18,50,17],"product_tag":[53],"giftcard-category":[],"class_list":{"0":"post-860","1":"product","2":"type-product","3":"status-publish","4":"has-post-thumbnail","6":"product_brand-der-versprochene-unter-diesem-namen","7":"product_cat-englisch","8":"product_cat-evangelisation_nachfolge","9":"product_cat-fernostliche-weltanschauung","10":"product_cat-new-release","11":"product_tag-english","13":"first","14":"instock","15":"taxable","16":"shipping-taxable","17":"purchasable","18":"product-type-simple"},"acf":[],"_links":{"self":[{"href":"https:\/\/eu.goodseed.com\/en\/wp-json\/wp\/v2\/product\/860","targetHints":{"allow":["GET"]}}],"collection":[{"href":"https:\/\/eu.goodseed.com\/en\/wp-json\/wp\/v2\/product"}],"about":[{"href":"https:\/\/eu.goodseed.com\/en\/wp-json\/wp\/v2\/types\/product"}],"replies":[{"embeddable":true,"href":"https:\/\/eu.goodseed.com\/en\/wp-json\/wp\/v2\/comments?post=860"}],"wp:featuredmedia":[{"embeddable":true,"href":"https:\/\/eu.goodseed.com\/en\/wp-json\/wp\/v2\/media\/861"}],"wp:attachment":[{"href":"https:\/\/eu.goodseed.com\/en\/wp-json\/wp\/v2\/media?parent=860"}],"wp:term":[{"taxonomy":"product_brand","embeddable":true,"href":"https:\/\/eu.goodseed.com\/en\/wp-json\/wp\/v2\/product_brand?post=860"},{"taxonomy":"product_cat","embeddable":true,"href":"https:\/\/eu.goodseed.com\/en\/wp-json\/wp\/v2\/product_cat?post=860"},{"taxonomy":"product_tag","embeddable":true,"href":"https:\/\/eu.goodseed.com\/en\/wp-json\/wp\/v2\/product_tag?post=860"},{"taxonomy":"giftcard-category","embeddable":true,"href":"https:\/\/eu.goodseed.com\/en\/wp-json\/wp\/v2\/giftcard-category?post=860"}],"curies":[{"name":"wp","href":"https:\/\/api.w.org\/{rel}","templated":true}]}}