{"id":858,"date":"2025-04-29T07:38:05","date_gmt":"2025-04-29T07:38:05","guid":{"rendered":"https:\/\/eu.goodseed.com\/?post_type=product&#038;p=858"},"modified":"2025-12-05T01:19:23","modified_gmt":"2025-12-05T01:19:23","slug":"all-that-the-prophets-have-spoken-english","status":"publish","type":"product","link":"https:\/\/eu.goodseed.com\/en\/product\/all-that-the-prophets-have-spoken-english\/","title":{"rendered":"All that the prophets have spoken (English)"},"content":{"rendered":"<blockquote>\n<ul>\n<li><strong>Kaufen Sie 4 &#8211; 11 <\/strong>and receive <strong>20% Rabatt<\/strong><\/li>\n<li><strong>Kaufen Sie 12 &#8211; 23 <\/strong>and receive <strong>30% Rabatt<\/strong><\/li>\n<li><strong>Kaufen Sie 24 oder mehr <\/strong>and receive <strong>40% Rabatt<\/strong><\/li>\n<\/ul>\n<\/blockquote>\n<p>Mit der zunehmenden Verbreitung des Islams treffen Sie mehr Muslime. Aber wie k\u00f6nnen Sie ihnen die zentrale Botschaft der Heiligen Schrift vermitteln? Wo soll man anfangen? Wie kann man \u00fcberhaupt anfangen?<\/p>\n<p>In ihrem heiligen Buch, dem Koran, wird den Muslimen gesagt, dass sie an die Thora des Mose, die Psalmen Davids und das Evangelium von Jesus glauben sollen. Und wenn Sie jemals mit ihnen \u00fcber die Heilige Schrift gesprochen haben, haben sie Ihnen vielleicht gesagt, dass sie &#8222;allen Propheten glauben&#8220;.<\/p>\n<p>Zwar werden viele Geschichten aus dem Alten Testament auch im Koran erw\u00e4hnt, und beide sprechen von denselben Propheten, doch gibt es erhebliche Unterschiede in der Auslegung und im Verst\u00e4ndnis. Aber wie \u00fcberbr\u00fcckt man diese Unterschiede, um die Botschaft der Bibel auf eine Weise zu vermitteln, die sie verstehen k\u00f6nnen?<\/p>\n<p><em>All that the Prophets have Spoken<\/em> takes a look at the Word of God from the perspective of a Muslim reader, all without referral to Islam or the Quran. With an awareness of what Muslims believe about key prophets, this book examines what the Scripture has to say about these men and connects them with the core message of the Bible. Keeping in mind the Islamic perspective, the book builds on this understanding and addresses questions Muslims might have, so that by the end, they will have a clear understanding of the God of the Bible.<\/p>\n<p><a title=\"Sample chapters of the book\" href=\"http:\/\/www.goodseed.com\/pdfs\/samples\/sample-atp-eng-039001.pdf\" target=\"_blank\" rel=\"noopener\"><strong>Read sample chapters<\/strong><\/a><\/p>\n<p>This edition includes 98 online video clips. You can watch these video clips on your mobile device or web browser. Use the QR codes and URLs to access them. (<a href=\"http:\/\/goodseed.com\/atp\" target=\"_blank\" rel=\"noopener\">See the videos online<\/a>.) An optional DVD with these clips is also available for separate purchase. To purchase, go to <a href=\"https:\/\/ca.goodseed.com\/add-on-dvd-for-all-that-the-prophets-have-spoken\/\" target=\"_blank\" rel=\"noopener\">Add-On DVD for All that the Prophets Have Spoken<\/a>.<\/p>\n<p>&nbsp;<\/p>\n<p><strong>Features<\/strong><\/p>\n<ul>\n<li><strong>Written for adults and young people:<\/strong> Verstanden von Kindern ab zehn Jahren, aber geschrieben f\u00fcr Jugendliche und Erwachsene.<\/li>\n<li><strong>Assumptions:<\/strong> Geht davon aus, dass die Leser, wenn sie an Gott denken, nur an einen Gott denken, und dass Gott eine Person ist, keine Kraft. Weitere Bibelkenntnisse werden nicht vorausgesetzt.<\/li>\n<li><strong>Muslimische Weltanschauung:<\/strong> Erkl\u00e4rt die Botschaft der Bibel auf eine Weise, die Menschen mit einem islamischen kulturellen Hintergrund (aber nicht unbedingt Muslime aus \u00dcberzeugung) verstehen k\u00f6nnen, ohne die islamische und die biblische Weltanschauung zu vermischen.<\/li>\n<li><strong>Chronological:<\/strong> Beginnt mit der Erschaffung des Universums und geht dann der Reihe nach durch die Schl\u00fcsselgeschichten des Alten Testaments zum Neuen Testament \u00fcber, um die Bedeutung des Kreuzes und des Grabes aufzuzeigen. Die Hauptgeschichte der Bibel wird zu einem universellen, allumfassenden Drama zusammengef\u00fcgt. Es folgt demselben Handlungsstrang wie \u201eDer Fremde auf dem Weg nach Emmaus\u201c, unterscheidet sich aber um 25 Prozent. Der Unterschied ist signifikant.<\/li>\n<li><strong>Based on the Gospel of John:<\/strong> Verwendet das Johannesevangelium als Vorlage; gleichzeitig liefert es die notwendigen Hintergrundgeschichten, um dem Evangelium einen Kontext zu geben. Es wird davon ausgegangen, dass der Leser, wenn \u00fcberhaupt, nur sehr wenig \u00fcber das Wort Gottes wei\u00df.<\/li>\n<li><strong>Objective:<\/strong> Die Heilige Schrift darf f\u00fcr sich selbst sprechen, wenn sie die gute Nachricht von Jesus Christus pr\u00e4sentiert. Es gibt kein Zureden zum Glauben. Die Botschaft wird objektiv dargelegt; die Entscheidung, ob man glaubt oder nicht, bleibt dem Leser \u00fcberlassen.<\/li>\n<li><strong>Freistellung der Schrift von religi\u00f6sen Traditionen:<\/strong> Der Leser wird in das Wort Gottes eingef\u00fchrt, ohne dass er mit religi\u00f6sen Fallen konfrontiert wird.<\/li>\n<li><strong>Bible verses:<\/strong> Als Geschichte erz\u00e4hlt, sind 1244 Bibelverse in den Text eingewoben. Der Leser setzt sich selbst mit dem Text der Bibel auseinander.<\/li>\n<li><strong>Illustrated:<\/strong> Over 100 drawings, maps and diagrams help to explain the story.<\/li>\n<li><strong>Designed as a gift:<\/strong> The book can be passed on like a gospel tract. In this way, readers can experience the message of the Bible for themselves.<\/li>\n<\/ul>\n<p>Seitenzahl: 288<br \/>\nISBN: 9781890082536<\/p>\n<p>Auch verf\u00fcgbar: <a href=\"https:\/\/ca.goodseed.com\/all-that-the-prophets-have-spoken-english-ebook\/\">eBook-Ausgabe<\/a><\/p>","protected":false},"excerpt":{"rendered":"<div class=\"productView-info-bulkPricing\">\n<p>Bulk Pricing: Below are the available bulk discount rates for each individual item when you purchase a certain amount<\/p>\n<ul>\n<li>Buy 3 &#8211; 11 and get 20% off<\/li>\n<li>Buy 12 &#8211; 23 and get 30% off<\/li>\n<li>Buy 24 or above and get 40% off<\/li>\n<\/ul>\n<\/div>\n<div class=\"productView-specs\">\n<div><\/div>\n<\/div>","protected":false},"featured_media":859,"comment_status":"closed","ping_status":"closed","template":"","meta":{"_acf_changed":false,"_glsr_average":0,"_glsr_ranking":0,"_glsr_reviews":0},"product_brand":[111],"product_cat":[76,18,49,17],"product_tag":[53],"giftcard-category":[],"class_list":{"0":"post-858","1":"product","2":"type-product","3":"status-publish","4":"has-post-thumbnail","6":"product_brand-alles-was-die-propheten-verheissen-haben","7":"product_cat-englisch","8":"product_cat-evangelisation_nachfolge","9":"product_cat-islamische-weltanschauung","10":"product_cat-new-release","11":"product_tag-english","13":"first","14":"instock","15":"taxable","16":"shipping-taxable","17":"purchasable","18":"product-type-simple"},"acf":[],"_links":{"self":[{"href":"https:\/\/eu.goodseed.com\/en\/wp-json\/wp\/v2\/product\/858","targetHints":{"allow":["GET"]}}],"collection":[{"href":"https:\/\/eu.goodseed.com\/en\/wp-json\/wp\/v2\/product"}],"about":[{"href":"https:\/\/eu.goodseed.com\/en\/wp-json\/wp\/v2\/types\/product"}],"replies":[{"embeddable":true,"href":"https:\/\/eu.goodseed.com\/en\/wp-json\/wp\/v2\/comments?post=858"}],"wp:featuredmedia":[{"embeddable":true,"href":"https:\/\/eu.goodseed.com\/en\/wp-json\/wp\/v2\/media\/859"}],"wp:attachment":[{"href":"https:\/\/eu.goodseed.com\/en\/wp-json\/wp\/v2\/media?parent=858"}],"wp:term":[{"taxonomy":"product_brand","embeddable":true,"href":"https:\/\/eu.goodseed.com\/en\/wp-json\/wp\/v2\/product_brand?post=858"},{"taxonomy":"product_cat","embeddable":true,"href":"https:\/\/eu.goodseed.com\/en\/wp-json\/wp\/v2\/product_cat?post=858"},{"taxonomy":"product_tag","embeddable":true,"href":"https:\/\/eu.goodseed.com\/en\/wp-json\/wp\/v2\/product_tag?post=858"},{"taxonomy":"giftcard-category","embeddable":true,"href":"https:\/\/eu.goodseed.com\/en\/wp-json\/wp\/v2\/giftcard-category?post=858"}],"curies":[{"name":"wp","href":"https:\/\/api.w.org\/{rel}","templated":true}]}}