{"id":832,"date":"2025-04-29T06:27:01","date_gmt":"2025-04-29T06:27:01","guid":{"rendered":"https:\/\/eu.goodseed.com\/?post_type=product&#038;p=832"},"modified":"2025-12-05T01:23:00","modified_gmt":"2025-12-05T01:23:00","slug":"all-that-the-prophets-have-spoken-french","status":"publish","type":"product","link":"https:\/\/eu.goodseed.com\/en\/product\/all-that-the-prophets-have-spoken-french\/","title":{"rendered":"All that the prophets have said (French)"},"content":{"rendered":"<blockquote>\n<ul>\n<li><strong>Kaufen Sie 4 &#8211; 11 <\/strong>and receive <strong>20% Rabatt<\/strong><\/li>\n<li><strong>Kaufen Sie 12 &#8211; 23 <\/strong>and receive <strong>30% Rabatt<\/strong><\/li>\n<li><strong>Kaufen Sie 24 oder mehr <\/strong>and receive <strong>40% Rabatt<\/strong><\/li>\n<\/ul>\n<\/blockquote>\n<p>Das ist <em>Tout ce qu&#8217;ont dit les proph\u00e8tes<\/em>, the French edition of <em><a title=\"Everything the prophets have said\" href=\"https:\/\/ca. goodseed.com\/all-that-the-prophets-have-spoken-english\/\">All that the Prophets have Spoken<\/a><\/em>.<\/p>\n<p>Die folgende Beschreibung stammt aus der englischen Ausgabe:<\/p>\n<p>In dem Ma\u00dfe, in dem sich der Einfluss des Islam ausbreitet, treffen Sie mehr Muslime. Aber wie kann man ihnen die zentrale Botschaft der Heiligen Schrift vermitteln? Wo soll man anfangen? Wie kann man \u00fcberhaupt anfangen?<\/p>\n<p>In ihrem heiligen Buch, dem Koran, wird den Muslimen gesagt, dass sie an die Thora von Mose, die Psalmen von David und das Evangelium von Jesus glauben sollen. Und wenn Sie jemals mit ihnen \u00fcber die Heilige Schrift gesprochen haben, haben sie Ihnen vielleicht gesagt, dass sie \u201eallen Propheten glauben\u201c.<\/p>\n<p>Zwar werden viele Geschichten aus dem Alten Testament auch im Koran erw\u00e4hnt, und beide sprechen von denselben Propheten, doch gibt es erhebliche Unterschiede in der Auslegung und im Verst\u00e4ndnis. Aber wie \u00fcberbr\u00fcckt man diese Unterschiede, um die Botschaft der Bibel auf eine Weise zu vermitteln, die sie verstehen k\u00f6nnen?<\/p>\n<p>\u201eAlles, was die Propheten gesagt haben\u201c betrachtet das Wort Gottes aus der Perspektive eines muslimischen Lesers, ohne sich dabei auf den Islam oder den Koran zu beziehen. Im Bewusstsein dessen, was Muslime \u00fcber die wichtigsten Propheten glauben, untersucht dieses Buch, was die Heilige Schrift \u00fcber diese M\u00e4nner zu sagen hat, und verbindet sie mit der Kernbotschaft der Bibel. Unter Ber\u00fccksichtigung der islamischen Perspektive baut das Buch auf diesem Verst\u00e4ndnis auf und geht auf Fragen ein, die Muslime haben k\u00f6nnten, so dass sie am Ende ein klares Verst\u00e4ndnis des Gottes der Bibel haben werden.<\/p>\n<p><a title=\"Read sample chapter\" href=\"http:\/\/www.goodseed.com\/pdfs\/samples\/sample-atp-french-039003.pdf\" target=\"_blank\" rel=\"noopener\"><strong>Lire un extrait\u00a0<span class=\"no-fr\">(Beispielkapitel lesen)<\/span><\/strong><\/a><\/p>\n<p>&nbsp;<\/p>\n<p><strong>Features<\/strong><\/p>\n<ul>\n<li><strong>Written for adults and young people:<\/strong> Verstanden von Kindern ab zehn Jahren, aber geschrieben f\u00fcr Jugendliche und Erwachsene.<\/li>\n<li><strong>Assumptions:<\/strong> Geht davon aus, dass die Leser, wenn sie an Gott denken, nur an einen Gott denken, und dass Gott eine Person ist, keine Kraft. Weitere Bibelkenntnisse werden nicht vorausgesetzt.<\/li>\n<li><strong>Muslimische Weltanschauung:<\/strong> Erkl\u00e4rt die Botschaft der Bibel auf eine Weise, die Menschen mit einem islamischen kulturellen Hintergrund (aber nicht unbedingt Muslime aus \u00dcberzeugung) verstehen k\u00f6nnen, ohne die islamische und die biblische Weltanschauung zu vermischen.<\/li>\n<li><strong>Chronological:<\/strong> Beginnt mit der Erschaffung des Universums und geht dann der Reihe nach durch die Schl\u00fcsselgeschichten des Alten Testaments zum Neuen Testament \u00fcber, um die Bedeutung des Kreuzes und des Grabes aufzuzeigen. Die Hauptgeschichte der Bibel wird zu einem universellen, allumfassenden Drama zusammengef\u00fcgt. Es folgt demselben Handlungsstrang wie \u201eDer Fremde auf dem Weg nach Emmaus\u201c, unterscheidet sich aber um 25 Prozent. Der Unterschied ist signifikant.<\/li>\n<li><strong>Basierend auf dem Johannes-Evangelium:<\/strong> Verwendet das Johannes-Evangelium als Vorlage, liefert aber gleichzeitig die notwendigen Hintergrundgeschichten, um dem Evangelium einen Kontext zu geben. Es wird davon ausgegangen, dass der Leser, wenn \u00fcberhaupt, nur sehr wenig \u00fcber das Wort Gottes wei\u00df.<\/li>\n<li><strong>Objective:<\/strong> Die Heilige Schrift darf f\u00fcr sich selbst sprechen, wenn sie die gute Nachricht vom Herrn Jesus Christus pr\u00e4sentiert. Es gibt keine \u00dcberredung zum Glauben. Die Botschaft wird objektiv pr\u00e4sentiert; die Entscheidung, ob man glaubt oder nicht, bleibt dem Leser \u00fcberlassen.<\/li>\n<li><strong>Freistellung der Schrift von religi\u00f6sen Traditionen:<\/strong> Die Leser werden in das Wort Gottes eingef\u00fchrt, ohne dass sie mit religi\u00f6sen Fallen konfrontiert werden.<\/li>\n<li><strong>Bible verses:<\/strong> Als Geschichte erz\u00e4hlt, sind 1244 Bibelverse in den Text eingewoben. Der Leser setzt sich selbst mit dem Text der Bibel auseinander.<\/li>\n<li><strong>Illustrated:<\/strong> Over 100 drawings, maps and diagrams help to explain the story.<\/li>\n<li><strong>Designed as a gift:<\/strong> The book can be passed on like a gospel tract. In this way, readers can experience the message of the Bible for themselves.<\/li>\n<\/ul>\n<p>&nbsp;<\/p>\n<p>Auch verf\u00fcgbar: <a href=\"https:\/\/ca.goodseed.com\/all-that-the-prophets-have-spoken-french-ebook\/\">eBook-Ausgabe<\/a><\/p>\n<p>Anzahl der Seiten: 287<br \/>\nISBN: 9781927429082<\/p>","protected":false},"excerpt":{"rendered":"<p>Bulk Pricing:<\/p>\n<p>Below are the available bulk discount rates for each individual item when you purchase a certain amount<\/p>\n<ul>\n<li>Buy 4 &#8211; 11 and get 20% off<\/li>\n<li>Buy 12 &#8211; 23 and get 30% off<\/li>\n<li>Buy 24 or above and get 40% off<\/li>\n<\/ul>","protected":false},"featured_media":833,"comment_status":"closed","ping_status":"closed","template":"","meta":{"_acf_changed":false,"_glsr_average":0,"_glsr_ranking":0,"_glsr_reviews":0},"product_brand":[111],"product_cat":[18,78,49],"product_tag":[52],"giftcard-category":[],"class_list":{"0":"post-832","1":"product","2":"type-product","3":"status-publish","4":"has-post-thumbnail","6":"product_brand-alles-was-die-propheten-verheissen-haben","7":"product_cat-evangelisation_nachfolge","8":"product_cat-franzoesisch","9":"product_cat-islamische-weltanschauung","10":"product_tag-french","12":"first","13":"instock","14":"taxable","15":"shipping-taxable","16":"purchasable","17":"product-type-simple"},"acf":[],"_links":{"self":[{"href":"https:\/\/eu.goodseed.com\/en\/wp-json\/wp\/v2\/product\/832","targetHints":{"allow":["GET"]}}],"collection":[{"href":"https:\/\/eu.goodseed.com\/en\/wp-json\/wp\/v2\/product"}],"about":[{"href":"https:\/\/eu.goodseed.com\/en\/wp-json\/wp\/v2\/types\/product"}],"replies":[{"embeddable":true,"href":"https:\/\/eu.goodseed.com\/en\/wp-json\/wp\/v2\/comments?post=832"}],"wp:featuredmedia":[{"embeddable":true,"href":"https:\/\/eu.goodseed.com\/en\/wp-json\/wp\/v2\/media\/833"}],"wp:attachment":[{"href":"https:\/\/eu.goodseed.com\/en\/wp-json\/wp\/v2\/media?parent=832"}],"wp:term":[{"taxonomy":"product_brand","embeddable":true,"href":"https:\/\/eu.goodseed.com\/en\/wp-json\/wp\/v2\/product_brand?post=832"},{"taxonomy":"product_cat","embeddable":true,"href":"https:\/\/eu.goodseed.com\/en\/wp-json\/wp\/v2\/product_cat?post=832"},{"taxonomy":"product_tag","embeddable":true,"href":"https:\/\/eu.goodseed.com\/en\/wp-json\/wp\/v2\/product_tag?post=832"},{"taxonomy":"giftcard-category","embeddable":true,"href":"https:\/\/eu.goodseed.com\/en\/wp-json\/wp\/v2\/giftcard-category?post=832"}],"curies":[{"name":"wp","href":"https:\/\/api.w.org\/{rel}","templated":true}]}}