{"id":801,"date":"2025-04-29T05:23:04","date_gmt":"2025-04-29T05:23:04","guid":{"rendered":"https:\/\/eu.goodseed.com\/?post_type=product&#038;p=801"},"modified":"2025-12-05T01:29:16","modified_gmt":"2025-12-05T01:29:16","slug":"by-this-name-thai","status":"publish","type":"product","link":"https:\/\/eu.goodseed.com\/en\/product\/by-this-name-thai\/","title":{"rendered":"Under this name (Thai)"},"content":{"rendered":"<div>\n<ul>\n<li><strong>Kaufen Sie 12 oder mehr <\/strong>and receive <strong>10% Rabatt<\/strong><\/li>\n<\/ul>\n<\/div>\n<p>Dies ist die thail\u00e4ndische Ausgabe von &#8222;<a title=\"By This Name\" href=\"https:\/\/ca.goodseed.com\/by-this-name-english\/\">By This Name<\/a>.&#8220; Es handelt sich um spiralgebundene B\u00fccher, die nicht genau wie abgebildet sind.<\/p>\n<p>Das Folgende ist die Beschreibung der englischen Ausgabe:<\/p>\n<p>Vielleicht hat man Ihnen gesagt: \u201eIch bin froh, dass Sie Ihren Weg zu Gott gefunden haben, aber jeder findet ihn an anderen Orten und in anderen Religionen\u201c. Wie teilen Sie also das Evangelium mit jemandem, der glaubt, dass Gott in der ganzen Natur gegenw\u00e4rtig ist? Was sagen Sie, wenn Ihr Freund sich \u201eGott\u201c eher als eine spirituelle Kraft oder Energie denn als eine Person vorstellt? Wie k\u00f6nnen Sie in einer Welt, in der \u201eSpiritualit\u00e4t\u201c popul\u00e4r geworden ist und das Wissen um Gott so gut wie verschwunden ist, die gute Nachricht von Jesus Christus weitergeben? Selbst die westliche Welt ist von Kulturen beeinflusst worden, die an viele G\u00f6tter glauben.<\/p>\n<p>\u201eBy This Name\u201c explains the core message of the Bible for people who have no idea about the Bible. Based on the structure of the Gospel of John, the book clearly sets the God of the Bible apart from all other gods. It establishes the authority of the Holy Scriptures and carefully compares the biblical worldview with Eastern worldviews. It links key stories from the Old and New Testaments to reveal the identity of God and the nature of sin, with the aim of answering two questions: \u201eWho is Jesus?\u201c and \u201eWhat's the story of the cross and the tomb all about?\u201c The book helps people to understand what the Bible is all about.<\/p>\n<p>\u201eBy This Name\u201c folgt einem \u00e4hnlichen chronologischen Aufbau wie \u201eThe Stranger on the Road to Emmaus\u201c, unterscheidet sich aber zu 60 Prozent vom Inhalt.<\/p>\n<h4><strong>Features<\/strong><\/h4>\n<ul>\n<li><strong>Written for adults and young people:<\/strong> The book is suitable for adults and young people.<\/li>\n<li><strong>Assumptions:<\/strong> Setzt voraus, dass die Leser wenig oder gar keine Kenntnisse \u00fcber die Bibel haben.<\/li>\n<li><strong>Eastern world view:<\/strong> Setzt sich mit einer postmodernen, postchristlichen, s\u00e4kularen Denkweise auseinander. Geht auch auf Fragen ein, die sich aus Polytheismus, Pantheismus, Animismus, Agnostizismus und Atheismus ergeben.<\/li>\n<li><strong>Chronological:<\/strong> Begins with the creation of the universe and then moves sequentially through the key stories of the Old Testament to the New Testament to reveal the significance of the cross and the tomb. The main story of the Bible is woven together into a universal, all-encompassing drama. Follows the same storyline as \u201eThe Stranger on the Road to Emmaus\u201c, but is 60 per cent different.<\/li>\n<li><strong>Based on the Gospel of John:<\/strong> Uses the Gospel of John as a template, but at the same time provides the necessary background stories to contextualise the Gospel. It assumes that the reader knows little or nothing about the Bible.<\/li>\n<li><strong>Emphasises the God of the Bible:<\/strong> Beantwortet die Frage: \u201eWas macht Ihr heiliges Buch besser als meines?\u201c \u201eBei diesem Namen\u201c spricht an, was den Gott der Bibel von allen anderen G\u00f6ttern oder Geistern unterscheidet.<\/li>\n<li><strong>Exemption of the Bible from religious traditions:<\/strong> Der Leser lernt die Bibel ohne religi\u00f6ses Drumherum kennen.<\/li>\n<li><strong>Objective:<\/strong> Die Bibel darf f\u00fcr sich selbst sprechen, indem sie die frohe Botschaft des Herrn Jesus Christus pr\u00e4sentiert. Es gibt kein Zureden zum Glauben. Die Botschaft wird objektiv pr\u00e4sentiert; die Entscheidung, ob man glaubt oder nicht, bleibt dem Leser \u00fcberlassen.<\/li>\n<li><strong>Bible verses:<\/strong> Told as a story, 1570 Bible verses are woven into the text. The reader engages with the text of the Bible themselves.<\/li>\n<li><strong>Illustrated:<\/strong> Over 100 drawings, maps and diagrams help to explain the story.<\/li>\n<li><strong>Designed as a gift:<\/strong> The book can be passed on like a gospel tract. In this way, readers can experience the message of the Bible for themselves.<\/li>\n<\/ul>\n<p>Seitenzahl: 443<br \/>\nISBN: 9781927429068<\/p>","protected":false},"excerpt":{"rendered":"<p>Bulk Pricing:<\/p>\n<p>Below are the available bulk discount rates for each individual item when you purchase a certain amount<\/p>\n<ul>\n<li>Buy 12 or above and get 10% off<\/li>\n<\/ul>","protected":false},"featured_media":802,"comment_status":"closed","ping_status":"closed","template":"","meta":{"_acf_changed":false,"_glsr_average":0,"_glsr_ranking":0,"_glsr_reviews":0},"product_brand":[109],"product_cat":[18,50,95],"product_tag":[],"giftcard-category":[],"class_list":{"0":"post-801","1":"product","2":"type-product","3":"status-publish","4":"has-post-thumbnail","6":"product_brand-der-versprochene-unter-diesem-namen","7":"product_cat-evangelisation_nachfolge","8":"product_cat-fernostliche-weltanschauung","9":"product_cat-thailaendisch","11":"first","12":"instock","13":"taxable","14":"shipping-taxable","15":"purchasable","16":"product-type-simple"},"acf":[],"_links":{"self":[{"href":"https:\/\/eu.goodseed.com\/en\/wp-json\/wp\/v2\/product\/801","targetHints":{"allow":["GET"]}}],"collection":[{"href":"https:\/\/eu.goodseed.com\/en\/wp-json\/wp\/v2\/product"}],"about":[{"href":"https:\/\/eu.goodseed.com\/en\/wp-json\/wp\/v2\/types\/product"}],"replies":[{"embeddable":true,"href":"https:\/\/eu.goodseed.com\/en\/wp-json\/wp\/v2\/comments?post=801"}],"wp:featuredmedia":[{"embeddable":true,"href":"https:\/\/eu.goodseed.com\/en\/wp-json\/wp\/v2\/media\/802"}],"wp:attachment":[{"href":"https:\/\/eu.goodseed.com\/en\/wp-json\/wp\/v2\/media?parent=801"}],"wp:term":[{"taxonomy":"product_brand","embeddable":true,"href":"https:\/\/eu.goodseed.com\/en\/wp-json\/wp\/v2\/product_brand?post=801"},{"taxonomy":"product_cat","embeddable":true,"href":"https:\/\/eu.goodseed.com\/en\/wp-json\/wp\/v2\/product_cat?post=801"},{"taxonomy":"product_tag","embeddable":true,"href":"https:\/\/eu.goodseed.com\/en\/wp-json\/wp\/v2\/product_tag?post=801"},{"taxonomy":"giftcard-category","embeddable":true,"href":"https:\/\/eu.goodseed.com\/en\/wp-json\/wp\/v2\/giftcard-category?post=801"}],"curies":[{"name":"wp","href":"https:\/\/api.w.org\/{rel}","templated":true}]}}