{"id":762,"date":"2025-03-29T03:22:20","date_gmt":"2025-03-29T03:22:20","guid":{"rendered":"https:\/\/eu.goodseed.com\/?post_type=product&#038;p=762"},"modified":"2025-12-05T01:55:11","modified_gmt":"2025-12-05T01:55:11","slug":"der-fremde-auf-dem-weg-nach-emmaus","status":"publish","type":"product","link":"https:\/\/eu.goodseed.com\/en\/product\/der-fremde-auf-dem-weg-nach-emmaus\/","title":{"rendered":"The Stranger on the Road to Emmaus (German)"},"content":{"rendered":"<p>It has been called the \"most misunderstood book of all time\". Wars have been waged, scandals caused and politics made in its name. Theologians and critics of all shades have both defended and contested this book. You may have wondered why the Bible causes such controversy. Nevertheless, the question remains: \"What does this book really say?\"<\/p>\n<p>The book \"The Stranger\" explains the fundamental theme of the Bible in a simple and understandable way. Instead of dealing with details and losing the big picture, the author combines the text into a large, comprehensive narrative. The events are viewed from the perspective of those who were present when history was written. The result is sometimes amusing and sometimes frightening, but always true to the original meaning of the text.<\/p>\n<p>Once you have read this book, you will perhaps pay more attention to the Bible than ever before. Or you may decide not to believe it. The author's objective approach leaves this choice entirely up to you.<\/p>\n<hr \/>\n<p>Il s'agit de l'\u00e9dition allemande de \" L'\u00e9tranger sur le chemin d'Emma\u00fcs \".<\/p>\n<p>Voici la description de l'\u00e9dition anglaise :<\/p>\n<p>\" L'\u00e9tranger sur le chemin d'Emma\u00fcs \" gives a solid overview of the main message of the Bible. It relieves the histoires cl\u00e9s de l'Ancien et du Nouveau Testament pour r\u00e9v\u00e9ler l'identit\u00e9 de Dieu et la nature du p\u00e9ch\u00e9, tout en r\u00e9pondant \u00e0 deux questions : \" Qui est J\u00e9sus ? \" et \" Que signifie l'histoire de la croix et du tombeau ? \" This helps a person to clearly understand what the main message of the Bible is.<\/p>\n<p>\"La Bible a tellement de sens maintenant !<\/p>\n<p>This book is ideal for people from a Christianised background, whether Catholic, Protestant or Orthodox. It is based on the principle that readers have only one God, who is a person and not a force.<\/p>\n<p><strong>Caract\u00e9ristiques<\/strong><\/p>\n<ul>\n<li><strong>\u00c9crit pour les adultes et les adolescents<\/strong> : Compris par des enfants d\u00e8s l'\u00e2ge de 10 ans, mais \u00e9crit pour des adultes et des adolescents.<\/li>\n<li><strong>Hypoth\u00e8ses<\/strong> Suppose that when the readers think of Dieu, they think of one single Dieu, and that Dieu is a person and not a force. Aucune autre connaissance de la Bible n'est suppos\u00e9e.<\/li>\n<li><strong>Vision du monde christianis\u00e9e<\/strong> : Id\u00e9al pour les lecteurs issus d'un milieu influenc\u00e9 par le christianisme, qu'il soit catholique, protestant ou orthodoxe.<\/li>\n<li><strong>Bas\u00e9 sur l'\u00e9vangile de Jean<\/strong> : utilises Jean's epistle as a model; at the same time, it provides the basic references necessary to give the epistle its context. He assumes that the reader knows only a little, or even not all, of the Bible.<\/li>\n<li><strong>Chronologique<\/strong> It begins with the creation of the universe, and then progresses steadily through the clues of the Old Testament, before moving on to the New Testament to reveal the significance of the cross and the tomb. The main story of the Bible is linked to a universal and global drama.<\/li>\n<li><strong>The Bible has been stripped of its religious traditions<\/strong> Les lecteurs d\u00e9couvrent la Bible sans les oripeaux de la religion.<\/li>\n<li><strong>Objectif<\/strong> The Bible is authorised to speak of itself by presenting the good news of the Lord Jesus Christ. Il n'est pas n\u00e9cessaire de faire pression sur le lecteur pour qu'il croie. The message is presented in an objective manner; the decision to believe or not to believe is left to the reader.<\/li>\n<li><strong>Versets bibliques<\/strong> : Racont\u00e9s comme une histoire, 1177 versets bibliques sont int\u00e9gr\u00e9s dans le texte. Le lecteur s'engage dans le texte de la Bible pour lui-m\u00eame.<\/li>\n<li><strong>Illustr\u00e9<\/strong> Plus de 100 dessins, cartes et diagrammes aident \u00e0 expliquer l'histoire.<\/li>\n<li><strong>Con\u00e7u pour \u00eatre offert<\/strong> : Le livre peut \u00eatre distribu\u00e9 comme un tract \u00e9vang\u00e9lique. Les lecteurs peuvent alors apprendre le message de la Bible par eux-m\u00eames.<\/li>\n<li><strong>Con\u00e7u pour \u00eatre utilis\u00e9 dans le cadre d'un cours<\/strong> : This resource can be used as a student's book in the context of a biblical study. (En savoir plus sur le cours \" Repenser la vision du monde \")<\/li>\n<\/ul>\n<p>No. of pages: 384<br \/>\nISBN: 1890082007<\/p>","protected":false},"excerpt":{"rendered":"<p>Prix de gros :<\/p>\n<p>Vous trouverez ci-dessous les taux de remise en gros disponibles pour chaque article lorsque vous achetez une certaine quantit\u00e9.<\/p>\n<ul>\n<li>Achetez 12 articles ou plus et obtenez 10 % de r\u00e9duction<\/li>\n<\/ul>","protected":false},"featured_media":764,"comment_status":"closed","ping_status":"closed","template":"","meta":{"_acf_changed":false,"_glsr_average":0,"_glsr_ranking":0,"_glsr_reviews":0},"product_brand":[],"product_cat":[105,48,77,18],"product_tag":[61],"giftcard-category":[],"class_list":{"0":"post-762","1":"product","2":"type-product","3":"status-publish","4":"has-post-thumbnail","6":"product_cat-bengali-bangla","7":"product_cat-christliche-weltanschauung","8":"product_cat-deutsch","9":"product_cat-evangelisation_nachfolge","10":"product_tag-deutsch","12":"first","13":"instock","14":"featured","15":"taxable","16":"shipping-taxable","17":"purchasable","18":"product-type-simple"},"acf":[],"_links":{"self":[{"href":"https:\/\/eu.goodseed.com\/en\/wp-json\/wp\/v2\/product\/762","targetHints":{"allow":["GET"]}}],"collection":[{"href":"https:\/\/eu.goodseed.com\/en\/wp-json\/wp\/v2\/product"}],"about":[{"href":"https:\/\/eu.goodseed.com\/en\/wp-json\/wp\/v2\/types\/product"}],"replies":[{"embeddable":true,"href":"https:\/\/eu.goodseed.com\/en\/wp-json\/wp\/v2\/comments?post=762"}],"wp:featuredmedia":[{"embeddable":true,"href":"https:\/\/eu.goodseed.com\/en\/wp-json\/wp\/v2\/media\/764"}],"wp:attachment":[{"href":"https:\/\/eu.goodseed.com\/en\/wp-json\/wp\/v2\/media?parent=762"}],"wp:term":[{"taxonomy":"product_brand","embeddable":true,"href":"https:\/\/eu.goodseed.com\/en\/wp-json\/wp\/v2\/product_brand?post=762"},{"taxonomy":"product_cat","embeddable":true,"href":"https:\/\/eu.goodseed.com\/en\/wp-json\/wp\/v2\/product_cat?post=762"},{"taxonomy":"product_tag","embeddable":true,"href":"https:\/\/eu.goodseed.com\/en\/wp-json\/wp\/v2\/product_tag?post=762"},{"taxonomy":"giftcard-category","embeddable":true,"href":"https:\/\/eu.goodseed.com\/en\/wp-json\/wp\/v2\/giftcard-category?post=762"}],"curies":[{"name":"wp","href":"https:\/\/api.w.org\/{rel}","templated":true}]}}