{"id":662,"date":"2025-04-28T09:37:59","date_gmt":"2025-04-28T09:37:59","guid":{"rendered":"https:\/\/eu.goodseed.com\/?post_type=product&#038;p=662"},"modified":"2025-07-07T07:10:42","modified_gmt":"2025-07-07T07:10:42","slug":"by-this-name-english-ebook-edition","status":"publish","type":"product","link":"https:\/\/eu.goodseed.com\/en\/product\/by-this-name-english-ebook-edition\/","title":{"rendered":"By This Name (English) eBook Edition"},"content":{"rendered":"<p>Dies ist die <strong>eBook<\/strong> Version von <em><a href=\"https:\/\/ca.goodseed.com\/by-this-name-english\/\">By This Name<\/a><\/em> englische Ausgabe. Wenn Sie dieses Produkt kaufen, k\u00f6nnen Sie die Mobi, ePub und PDF Versionen herunterladen.<\/p>\n<ul>\n<li>Mobi: for Kindle devices<\/li>\n<li>ePub: for iBooks, Google Books, Kobo and more<\/li>\n<li>PDF: erfordert einen PDF-Reader wie Adobe Acrobat Reader zur Ansicht<\/li>\n<\/ul>\n<p>&nbsp;<\/p>\n<p>Vielleicht hat man Ihnen gesagt: \u201eIch bin froh, dass Sie Ihren Weg zu Gott gefunden haben, aber jeder findet ihn an anderen Orten und in anderen Religionen\u201c. Wie teilen Sie also das Evangelium mit jemandem, der glaubt, dass Gott in der ganzen Natur gegenw\u00e4rtig ist? Was sagen Sie, wenn Ihr Freund sich \u201eGott\u201c eher als eine spirituelle Kraft oder Energie denn als eine Person vorstellt? Wie k\u00f6nnen Sie in einer Welt, in der \u201eSpiritualit\u00e4t\u201c popul\u00e4r geworden ist und das Wissen um Gott so gut wie verschwunden ist, die gute Nachricht von Jesus Christus weitergeben? Selbst die westliche Welt ist von Kulturen beeinflusst worden, die an viele G\u00f6tter glauben.<\/p>\n<p><em>By This Name<\/em> erkl\u00e4rt die Kernbotschaft der Bibel f\u00fcr Menschen, die keine Kenntnisse \u00fcber die Bibel haben. Anhand der Architektur des Johannes-Evangeliums hebt das Buch den Gott der Bibel deutlich von allen anderen G\u00f6ttern ab. Es begr\u00fcndet die Autorit\u00e4t der Heiligen Schrift und vergleicht die biblische Weltanschauung behutsam mit \u00f6stlichen Weltanschauungen. Es verkn\u00fcpft Schl\u00fcsselgeschichten aus dem Alten und Neuen Testament, um die Identit\u00e4t Gottes und das Wesen der S\u00fcnde zu enth\u00fcllen, mit dem Ziel, zwei Fragen zu beantworten: \u201eWer ist Jesus?\u201c und \u201eWas hat es mit der Geschichte vom Kreuz und dem Grab auf sich?\u201c Sie hilft den Menschen zu verstehen, worum es in der Bibel \u00fcberhaupt geht.<\/p>\n<p>\u201eBy This Name\u201c folgt einer \u00e4hnlichen chronologischen Struktur wie \u201eDer Fremde auf dem Weg nach Emmaus\u201c, unterscheidet sich aber inhaltlich um 60 Prozent.<\/p>","protected":false},"excerpt":{"rendered":"<p>Dies ist die eBook Version von By This Name englische Ausgabe. Wenn Sie dieses Produkt kaufen, k\u00f6nnen Sie die Mobi, ePub und PDF Versionen herunterladen. Mobi: f\u00fcr Kindle-Ger\u00e4te ePub: f\u00fcr iBooks, Google Books, Kobo und mehr PDF: erfordert einen PDF-Reader wie Adobe Acrobat Reader zur Ansicht &nbsp; Vielleicht hat man Ihnen gesagt: \u201eIch bin froh, [&hellip;]<\/p>\n","protected":false},"featured_media":664,"comment_status":"closed","ping_status":"closed","template":"","meta":{"_acf_changed":false,"_glsr_average":0,"_glsr_ranking":0,"_glsr_reviews":0},"product_brand":[],"product_cat":[24,76,18,50,17],"product_tag":[53],"giftcard-category":[],"class_list":{"0":"post-662","1":"product","2":"type-product","3":"status-publish","4":"has-post-thumbnail","6":"product_cat-ebooks","7":"product_cat-englisch","8":"product_cat-evangelisation_nachfolge","9":"product_cat-fernostliche-weltanschauung","10":"product_cat-new-release","11":"product_tag-english","13":"first","14":"instock","15":"taxable","16":"shipping-taxable","17":"purchasable","18":"product-type-simple"},"acf":[],"_links":{"self":[{"href":"https:\/\/eu.goodseed.com\/en\/wp-json\/wp\/v2\/product\/662","targetHints":{"allow":["GET"]}}],"collection":[{"href":"https:\/\/eu.goodseed.com\/en\/wp-json\/wp\/v2\/product"}],"about":[{"href":"https:\/\/eu.goodseed.com\/en\/wp-json\/wp\/v2\/types\/product"}],"replies":[{"embeddable":true,"href":"https:\/\/eu.goodseed.com\/en\/wp-json\/wp\/v2\/comments?post=662"}],"wp:featuredmedia":[{"embeddable":true,"href":"https:\/\/eu.goodseed.com\/en\/wp-json\/wp\/v2\/media\/664"}],"wp:attachment":[{"href":"https:\/\/eu.goodseed.com\/en\/wp-json\/wp\/v2\/media?parent=662"}],"wp:term":[{"taxonomy":"product_brand","embeddable":true,"href":"https:\/\/eu.goodseed.com\/en\/wp-json\/wp\/v2\/product_brand?post=662"},{"taxonomy":"product_cat","embeddable":true,"href":"https:\/\/eu.goodseed.com\/en\/wp-json\/wp\/v2\/product_cat?post=662"},{"taxonomy":"product_tag","embeddable":true,"href":"https:\/\/eu.goodseed.com\/en\/wp-json\/wp\/v2\/product_tag?post=662"},{"taxonomy":"giftcard-category","embeddable":true,"href":"https:\/\/eu.goodseed.com\/en\/wp-json\/wp\/v2\/giftcard-category?post=662"}],"curies":[{"name":"wp","href":"https:\/\/api.w.org\/{rel}","templated":true}]}}