{"id":611,"date":"2025-04-28T09:06:49","date_gmt":"2025-04-28T09:06:49","guid":{"rendered":"https:\/\/eu.goodseed.com\/?post_type=product&#038;p=611"},"modified":"2025-07-07T07:10:34","modified_gmt":"2025-07-07T07:10:34","slug":"by-this-name-german-ebook-edition","status":"publish","type":"product","link":"https:\/\/eu.goodseed.com\/en\/product\/by-this-name-german-ebook-edition\/","title":{"rendered":"The Promised One e-Book"},"content":{"rendered":"<div id=\"tab-description\" class=\"woocommerce-Tabs-panel woocommerce-Tabs-panel--description panel entry-content active\" role=\"tabpanel\" aria-labelledby=\"tab-title-description\">\n<p>Gibt es L\u00f6sungen f\u00fcr die Probleme, denen wir jeden Tag gegen\u00fcberstehen? Was ist der Sinn des Lebens? Kann man wissen, warum wir Menschen \u00fcberhaupt existieren und wohin wir gehen? Warum gibt es so viel Leid und Tod auf dieser Welt? Gibt es ein Leben nach dem Tod? K\u00f6nnen wir heute schon Erleuchtung erfahren? Bin ich dazu bestimmt, jegliche Existenz zu verlieren und Teil des gro\u00dfen Nichts zu werden? Stimmt es, dass es gar keine wirklichen Antworten gibt?<\/p>\n<p>Es gibt ein altes Buch, das sich mit den vielen Fragen des Lebens befasst: Die Bibel.<\/p>\n<p>\u201eDer Versprochene\u201c\u00a0\u00f6ffnet unseren Blick f\u00fcr eine Botschaft der Hoffnung.<\/p>\n<\/div>\n<p>&nbsp;<\/p>\n<p>Dies ist die E-Book-Version von<em>Der Versprochene<\/em>, die deutsche Ausgabe von<em><a href=\"https:\/\/ca.goodseed.com\/by-this-name-english\/\">By This Name<\/a><\/em>. Wenn Sie dieses Produkt kaufen, k\u00f6nnen Sie die Versionen Mobi, ePub und PDF herunterladen.<\/p>\n<ul>\n<li>Mobi: f\u00fcr Kindle-Ger\u00e4te<\/li>\n<li>ePub: f\u00fcr iBooks, Google Books, Kobo und mehr<\/li>\n<li>PDF: erfordert einen PDF-Reader wie Adobe Acrobat Reader zum Betrachten<\/li>\n<\/ul>\n<p>&nbsp;<\/p>\n<p><strong>FREE DOWNLOAD<\/strong><br \/>\nAls gemeinn\u00fctziger Dienst werden die Verkaufserl\u00f6se verwendet, um Menschen auf der ganzen Welt, die keinen Zugang dazu haben, mit Ressourcen zu versorgen. Auch wenn Sie sich dieses Buch nicht leisten k\u00f6nnen, m\u00f6chten wir, dass Sie es trotzdem lesen. Verwenden Sie diesen Gutscheincode, um das Ebook kostenlos zu erhalten: <strong>GOODSEEDFREE<\/strong><\/p>\n<p>(Kopieren Sie den Gutscheincode und f\u00fcgen Sie ihn in das Gutscheinfeld auf der Zahlungsseite ein).<\/p>\n<p><a href=\"https:\/\/ca.goodseed.com\/coupon-codes-and-ebook-downloads\/\">[Klicken Sie hier, um Hilfe bei der Verwendung der Coupons oder beim Herunterladen der Ebooks zu erhalten.]<\/a><\/p>\n","protected":false},"excerpt":{"rendered":"<p>Life is full of secrets. Could it be that there is a foothold in the midst of chaos?<\/p>","protected":false},"featured_media":614,"comment_status":"closed","ping_status":"closed","template":"","meta":{"_acf_changed":false,"_glsr_average":0,"_glsr_ranking":0,"_glsr_reviews":0},"product_brand":[],"product_cat":[24,18,50],"product_tag":[],"giftcard-category":[],"class_list":{"0":"post-611","1":"product","2":"type-product","3":"status-publish","4":"has-post-thumbnail","6":"product_cat-ebooks","7":"product_cat-evangelisation_nachfolge","8":"product_cat-fernostliche-weltanschauung","10":"first","11":"instock","12":"featured","13":"downloadable","14":"taxable","15":"shipping-taxable","16":"purchasable","17":"product-type-simple"},"acf":[],"_links":{"self":[{"href":"https:\/\/eu.goodseed.com\/en\/wp-json\/wp\/v2\/product\/611","targetHints":{"allow":["GET"]}}],"collection":[{"href":"https:\/\/eu.goodseed.com\/en\/wp-json\/wp\/v2\/product"}],"about":[{"href":"https:\/\/eu.goodseed.com\/en\/wp-json\/wp\/v2\/types\/product"}],"replies":[{"embeddable":true,"href":"https:\/\/eu.goodseed.com\/en\/wp-json\/wp\/v2\/comments?post=611"}],"wp:featuredmedia":[{"embeddable":true,"href":"https:\/\/eu.goodseed.com\/en\/wp-json\/wp\/v2\/media\/614"}],"wp:attachment":[{"href":"https:\/\/eu.goodseed.com\/en\/wp-json\/wp\/v2\/media?parent=611"}],"wp:term":[{"taxonomy":"product_brand","embeddable":true,"href":"https:\/\/eu.goodseed.com\/en\/wp-json\/wp\/v2\/product_brand?post=611"},{"taxonomy":"product_cat","embeddable":true,"href":"https:\/\/eu.goodseed.com\/en\/wp-json\/wp\/v2\/product_cat?post=611"},{"taxonomy":"product_tag","embeddable":true,"href":"https:\/\/eu.goodseed.com\/en\/wp-json\/wp\/v2\/product_tag?post=611"},{"taxonomy":"giftcard-category","embeddable":true,"href":"https:\/\/eu.goodseed.com\/en\/wp-json\/wp\/v2\/giftcard-category?post=611"}],"curies":[{"name":"wp","href":"https:\/\/api.w.org\/{rel}","templated":true}]}}