{"id":605,"date":"2025-04-28T09:03:27","date_gmt":"2025-04-28T09:03:27","guid":{"rendered":"https:\/\/eu.goodseed.com\/?post_type=product&#038;p=605"},"modified":"2025-12-05T01:35:13","modified_gmt":"2025-12-05T01:35:13","slug":"all-that-the-prophets-have-spoken-arabic","status":"publish","type":"product","link":"https:\/\/eu.goodseed.com\/en\/product\/all-that-the-prophets-have-spoken-arabic\/","title":{"rendered":"All that the prophets have spoken (Arabic)"},"content":{"rendered":"<div>\n<ul>\n<li><strong>Buy 12 oder mehr <\/strong>and receive <strong>10% Rabatt<\/strong><\/li>\n<\/ul>\n<\/div>\n<p>Dies ist die arabische Ausgabe von \u201e<a title=\"Everything the prophets have said\" href=\"https:\/\/ca.goodseed.com\/all-that-the-prophets-have-spoken-english\/\">Everything the prophets have said<\/a>.\u201c<\/p>\n<p>&nbsp;<\/p>\n<p>Die folgende Beschreibung stammt aus der englischen Ausgabe:<\/p>\n<p>In dem Ma\u00dfe, in dem sich der Einfluss des Islam ausbreitet, treffen Sie mehr Muslime. Aber wie kann man ihnen die zentrale Botschaft der Heiligen Schrift vermitteln? Wo soll man anfangen? Wie kann man \u00fcberhaupt anfangen?<\/p>\n<p>In ihrem heiligen Buch, dem Koran, wird den Muslimen gesagt, dass sie an die Thora von Mose, die Psalmen von David und das Evangelium von Jesus glauben sollen. Und wenn Sie jemals mit ihnen \u00fcber die Heilige Schrift gesprochen haben, haben sie Ihnen vielleicht gesagt, dass sie \u201eallen Propheten glauben\u201c.<\/p>\n<p>Zwar werden viele Geschichten aus dem Alten Testament auch im Koran erw\u00e4hnt, und beide sprechen von denselben Propheten, doch gibt es erhebliche Unterschiede in der Auslegung und im Verst\u00e4ndnis. Aber wie \u00fcberbr\u00fcckt man diese Unterschiede, um die Botschaft der Bibel auf eine Weise zu vermitteln, die sie verstehen k\u00f6nnen?<\/p>\n<p>\u201cAlles, was die Propheten gesagt haben&#8220; betrachtet das Wort Gottes aus der Perspektive eines muslimischen Lesers, ohne sich auf den Islam oder den Koran zu beziehen. Im Bewusstsein dessen, was Muslime \u00fcber die wichtigsten Propheten glauben, untersucht dieses Buch, was die Heilige Schrift \u00fcber diese M\u00e4nner zu sagen hat, und verbindet sie mit der Kernbotschaft der Bibel. Unter Ber\u00fccksichtigung der islamischen Perspektive baut das Buch auf diesem Verst\u00e4ndnis auf und geht auf Fragen ein, die Muslime haben k\u00f6nnten, so dass sie am Ende ein klares Verst\u00e4ndnis des Gottes der Bibel haben werden.<\/p>\n<p><strong><a title=\"ATP arabic sample chapters\" href=\"http:\/\/www.goodseed.com\/pdfs\/samples\/sample-atp-arabic-030002.pdf\" target=\"_blank\" rel=\"noopener\">Read sample chapter<\/a><\/strong><\/p>\n<p>&nbsp;<\/p>\n<p>&nbsp;<\/p>\n<p><strong>Features<\/strong><\/p>\n<ul>\n<li><strong>Written for adults and young people:<\/strong> Verstanden von Kindern ab zehn Jahren, aber geschrieben f\u00fcr Jugendliche und Erwachsene.<\/li>\n<li><strong>Assumptions:<\/strong> Geht davon aus, dass die Leser, wenn sie an Gott denken, nur an einen Gott denken, und dass Gott eine Person ist, keine Kraft. Weitere Bibelkenntnisse werden nicht vorausgesetzt.<\/li>\n<li><strong>Muslimische Weltanschauung:<\/strong> Erkl\u00e4rt die Botschaft der Bibel auf eine Weise, die Menschen mit einem islamischen kulturellen Hintergrund (aber nicht unbedingt Muslime aus \u00dcberzeugung) verstehen k\u00f6nnen, ohne die islamische und die biblische Weltanschauung zu vermischen.<\/li>\n<li><strong>Chronological:<\/strong> Beginnend mit der Erschaffung des Universums und dann fortlaufend durch die Schl\u00fcsselgeschichten des Alten Testaments, geht es ins Neue Testament, um die Bedeutung des Kreuzes und des Grabes zu enth\u00fcllen. Die Hauptgeschichte der Bibel wird zu einem universellen, allumfassenden Drama zusammengef\u00fcgt. Es folgt demselben Handlungsstrang wie \u201eDer Fremde auf dem Weg nach Emmaus\u201c, unterscheidet sich aber um 25 Prozent. Der Unterschied ist signifikant.<\/li>\n<li><strong>Based on the Gospel of John:<\/strong> Verwendet das Johannesevangelium als Vorlage; gleichzeitig liefert es die notwendigen Hintergrundgeschichten, um dem Evangelium einen Kontext zu geben. Es wird davon ausgegangen, dass der Leser wenig oder gar nichts \u00fcber das Wort Gottes wei\u00df.<\/li>\n<li><strong>Objective:<\/strong> Die Heilige Schrift darf f\u00fcr sich selbst sprechen, wenn es darum geht, die gute Nachricht vom Herrn Jesus Christus zu pr\u00e4sentieren. Es gibt keine \u00dcberredung zum Glauben. Die Botschaft wird objektiv dargeboten; die Entscheidung, ob man glaubt oder nicht, bleibt dem Leser \u00fcberlassen.<\/li>\n<li><strong>Freistellung der Schrift von religi\u00f6sen Traditionen:<\/strong> Die Leser werden in das Wort Gottes eingef\u00fchrt, ohne das Drumherum der Religion.<\/li>\n<li><strong>Bible verses:<\/strong> Als Geschichte erz\u00e4hlt, sind 1244 Bibelverse in den Text eingewoben. Der Leser setzt sich selbst mit dem Text der Bibel auseinander.<\/li>\n<li><strong>Illustrated:<\/strong> Over 100 drawings, maps and diagrams help to explain the story.<\/li>\n<li><strong>Designed as a gift:<\/strong> The book can be passed on like a gospel tract. In this way, readers can experience the message of the Bible for themselves.<\/li>\n<\/ul>\n<p>Anzahl der Seiten: 258<br \/>\nISBN: 9781890082550<\/p>","protected":false},"excerpt":{"rendered":"<p>Buy 12 oder mehr und erhalten 10% Rabatt Dies ist die arabische Ausgabe von \u201eAlles, was die Propheten gesagt haben.\u201c &nbsp; Die folgende Beschreibung stammt aus der englischen Ausgabe: In dem Ma\u00dfe, in dem sich der Einfluss des Islam ausbreitet, treffen Sie mehr Muslime. Aber wie kann man ihnen die zentrale Botschaft der Heiligen Schrift [&hellip;]<\/p>\n","protected":false},"featured_media":606,"comment_status":"closed","ping_status":"closed","template":"","meta":{"_acf_changed":false,"_glsr_average":0,"_glsr_ranking":0,"_glsr_reviews":0},"product_brand":[],"product_cat":[79,18,49],"product_tag":[59],"giftcard-category":[],"class_list":{"0":"post-605","1":"product","2":"type-product","3":"status-publish","4":"has-post-thumbnail","6":"product_cat-arabisch","7":"product_cat-evangelisation_nachfolge","8":"product_cat-islamische-weltanschauung","9":"product_tag-arabic","11":"first","12":"instock","13":"taxable","14":"shipping-taxable","15":"purchasable","16":"product-type-simple"},"acf":[],"_links":{"self":[{"href":"https:\/\/eu.goodseed.com\/en\/wp-json\/wp\/v2\/product\/605","targetHints":{"allow":["GET"]}}],"collection":[{"href":"https:\/\/eu.goodseed.com\/en\/wp-json\/wp\/v2\/product"}],"about":[{"href":"https:\/\/eu.goodseed.com\/en\/wp-json\/wp\/v2\/types\/product"}],"replies":[{"embeddable":true,"href":"https:\/\/eu.goodseed.com\/en\/wp-json\/wp\/v2\/comments?post=605"}],"wp:featuredmedia":[{"embeddable":true,"href":"https:\/\/eu.goodseed.com\/en\/wp-json\/wp\/v2\/media\/606"}],"wp:attachment":[{"href":"https:\/\/eu.goodseed.com\/en\/wp-json\/wp\/v2\/media?parent=605"}],"wp:term":[{"taxonomy":"product_brand","embeddable":true,"href":"https:\/\/eu.goodseed.com\/en\/wp-json\/wp\/v2\/product_brand?post=605"},{"taxonomy":"product_cat","embeddable":true,"href":"https:\/\/eu.goodseed.com\/en\/wp-json\/wp\/v2\/product_cat?post=605"},{"taxonomy":"product_tag","embeddable":true,"href":"https:\/\/eu.goodseed.com\/en\/wp-json\/wp\/v2\/product_tag?post=605"},{"taxonomy":"giftcard-category","embeddable":true,"href":"https:\/\/eu.goodseed.com\/en\/wp-json\/wp\/v2\/giftcard-category?post=605"}],"curies":[{"name":"wp","href":"https:\/\/api.w.org\/{rel}","templated":true}]}}