{"id":603,"date":"2025-04-28T09:03:35","date_gmt":"2025-04-28T09:03:35","guid":{"rendered":"https:\/\/eu.goodseed.com\/?post_type=product&#038;p=603"},"modified":"2025-07-07T07:10:34","modified_gmt":"2025-07-07T07:10:34","slug":"by-this-name-hebrew-ebook-edition","status":"publish","type":"product","link":"https:\/\/eu.goodseed.com\/en\/product\/by-this-name-hebrew-ebook-edition\/","title":{"rendered":"By This Name (Hebrew) eBook Edition"},"content":{"rendered":"<p>Dies ist die hebr\u00e4ische eBook-Version von <em><a href=\"https:\/\/ca.goodseed.com\/by-this-name-english\/\">By This Name<\/a><\/em>. Wenn Sie dieses Produkt kaufen, k\u00f6nnen Sie die ePub- und PDF-Version herunterladen.<\/p>\n<ul>\n<li>ePub: gedacht f\u00fcr iBooks, Google Books, Kobo und mehr<\/li>\n<li>PDF: erfordert einen PDF-Reader wie Adobe Acrobat Reader zum Betrachten<\/li>\n<\/ul>\n<p>&nbsp;<\/p>\n<p><strong>FREE DOWNLOAD<\/strong><br \/>\nAls gemeinn\u00fctziger Dienst werden die Verkaufserl\u00f6se dazu verwendet, Menschen auf der ganzen Welt, die keinen Zugang dazu haben, mit Ressourcen zu versorgen. Auch wenn Sie sich dieses Ebook nicht leisten k\u00f6nnen, m\u00f6chten wir, dass Sie es trotzdem lesen. Verwenden Sie diesen Gutscheincode, um das Ebook kostenlos zu erhalten: <strong>GOODSEEDFREE<\/strong><\/p>\n<p>(Kopieren Sie den Gutscheincode und f\u00fcgen Sie ihn in das Gutscheinfeld auf der Zahlungsseite ein).<\/p>\n<p>&nbsp;<\/p>\n<p><a href=\"https:\/\/ca.goodseed.com\/coupon-codes-and-ebook-downloads\/\">[Klicken Sie hier, um Hilfe bei der Verwendung der Coupons oder beim Herunterladen der Ebooks zu erhalten.]<\/a><\/p>\n","protected":false},"excerpt":{"rendered":"<p>Dies ist die hebr\u00e4ische eBook-Version von By This Name. Wenn Sie dieses Produkt kaufen, k\u00f6nnen Sie die ePub- und PDF-Version herunterladen. ePub: gedacht f\u00fcr iBooks, Google Books, Kobo und mehr PDF: erfordert einen PDF-Reader wie Adobe Acrobat Reader zum Betrachten &nbsp; FREE DOWNLOAD Als gemeinn\u00fctziger Dienst werden die Verkaufserl\u00f6se dazu verwendet, Menschen auf der ganzen [&hellip;]<\/p>\n","protected":false},"featured_media":607,"comment_status":"closed","ping_status":"closed","template":"","meta":{"_acf_changed":false,"_glsr_average":0,"_glsr_ranking":0,"_glsr_reviews":0},"product_brand":[],"product_cat":[24,18,50,94],"product_tag":[],"giftcard-category":[],"class_list":{"0":"post-603","1":"product","2":"type-product","3":"status-publish","4":"has-post-thumbnail","6":"product_cat-ebooks","7":"product_cat-evangelisation_nachfolge","8":"product_cat-fernostliche-weltanschauung","9":"product_cat-hebraeisch","11":"first","12":"instock","13":"taxable","14":"shipping-taxable","15":"product-type-simple"},"acf":[],"_links":{"self":[{"href":"https:\/\/eu.goodseed.com\/en\/wp-json\/wp\/v2\/product\/603","targetHints":{"allow":["GET"]}}],"collection":[{"href":"https:\/\/eu.goodseed.com\/en\/wp-json\/wp\/v2\/product"}],"about":[{"href":"https:\/\/eu.goodseed.com\/en\/wp-json\/wp\/v2\/types\/product"}],"replies":[{"embeddable":true,"href":"https:\/\/eu.goodseed.com\/en\/wp-json\/wp\/v2\/comments?post=603"}],"wp:featuredmedia":[{"embeddable":true,"href":"https:\/\/eu.goodseed.com\/en\/wp-json\/wp\/v2\/media\/607"}],"wp:attachment":[{"href":"https:\/\/eu.goodseed.com\/en\/wp-json\/wp\/v2\/media?parent=603"}],"wp:term":[{"taxonomy":"product_brand","embeddable":true,"href":"https:\/\/eu.goodseed.com\/en\/wp-json\/wp\/v2\/product_brand?post=603"},{"taxonomy":"product_cat","embeddable":true,"href":"https:\/\/eu.goodseed.com\/en\/wp-json\/wp\/v2\/product_cat?post=603"},{"taxonomy":"product_tag","embeddable":true,"href":"https:\/\/eu.goodseed.com\/en\/wp-json\/wp\/v2\/product_tag?post=603"},{"taxonomy":"giftcard-category","embeddable":true,"href":"https:\/\/eu.goodseed.com\/en\/wp-json\/wp\/v2\/giftcard-category?post=603"}],"curies":[{"name":"wp","href":"https:\/\/api.w.org\/{rel}","templated":true}]}}