{"id":499,"date":"2025-04-28T07:38:03","date_gmt":"2025-04-28T07:38:03","guid":{"rendered":"https:\/\/eu.goodseed.com\/?post_type=product&#038;p=499"},"modified":"2025-08-07T22:27:27","modified_gmt":"2025-08-07T22:27:27","slug":"the-lamb-powerpoint-and-jpgs-download","status":"publish","type":"product","link":"https:\/\/eu.goodseed.com\/en\/product\/the-lamb-powerpoint-and-jpgs-download\/","title":{"rendered":"Das Lamm &#8211; PowerPoint und JPGs &#8211; Herunterladen"},"content":{"rendered":"<p>This PowerPoint set transforms \u201eThe Lamb\u201c into a teaching and presentation tool. It contains the complete text and images of \u201eThe Lamb\u201c.<\/p>\n<p>Included in this set are:<\/p>\n<p>PowerPoint files for download (10 lessons, 5 lesson formats)<br \/>\nPDF handouts - questions for the children, questions and answers for the teachers<br \/>\n3 script booklets<br \/>\nThese serve as a script for two presenters and as a guide for the PowerPoint operator.<br \/>\nInstructions on how to perform the material.<br \/>\nAlso includes questions for each lesson.<br \/>\nFormats 10 lessons and 5 lessons.<\/p>\n<p>This curriculum can be used for, among other things<br \/>\nHoliday Bible School<br \/>\nSunday school<br \/>\nChildren's church<br \/>\nOutreach events<br \/>\nChildren's camp<br \/>\n\u201eStory time for children\u201c by the pastor before the sermon<br \/>\nSpecial presentations<br \/>\nDevotions at home<br \/>\nAfter-school clubs<br \/>\nChildren's programmes for family camps<\/p>\n<p>System requirements<\/p>\n<p>Windows XP or higher, Mac with PowerPoint 2011 or higher.<\/p>\n<p>Translated with DeepL.com (free version)<\/p>","protected":false},"excerpt":{"rendered":"<p>Dieses PowerPoint-Set verwandelt &#8222;Das Lamm&#8220; in ein Lehr- und Pr\u00e4sentationsmittel. Es enth\u00e4lt den vollst\u00e4ndigen Text und die Bilder von &#8222;The Lamb&#8220;. In diesem Set enthalten sind: PowerPoint-Dateien zum Herunterladen (10 Lektionen, 5 Lektionsformate) PDF-Handouts &#8211; Fragen f\u00fcr die Kinder, Fragen und Antworten f\u00fcr die Lehrer 3 Skripthefte Diese dienen als Skript f\u00fcr zwei Vorleser und [&hellip;]<\/p>\n","protected":false},"featured_media":1020,"comment_status":"closed","ping_status":"closed","template":"","meta":{"_acf_changed":false,"_glsr_average":0,"_glsr_ranking":0,"_glsr_reviews":0},"product_brand":[110],"product_cat":[18,17],"product_tag":[],"giftcard-category":[],"class_list":{"0":"post-499","1":"product","2":"type-product","3":"status-publish","4":"has-post-thumbnail","6":"product_brand-das-lamm","7":"product_cat-evangelisation_nachfolge","8":"product_cat-new-release","10":"first","11":"instock","12":"downloadable","13":"taxable","14":"shipping-taxable","15":"purchasable","16":"product-type-simple"},"acf":[],"_links":{"self":[{"href":"https:\/\/eu.goodseed.com\/en\/wp-json\/wp\/v2\/product\/499","targetHints":{"allow":["GET"]}}],"collection":[{"href":"https:\/\/eu.goodseed.com\/en\/wp-json\/wp\/v2\/product"}],"about":[{"href":"https:\/\/eu.goodseed.com\/en\/wp-json\/wp\/v2\/types\/product"}],"replies":[{"embeddable":true,"href":"https:\/\/eu.goodseed.com\/en\/wp-json\/wp\/v2\/comments?post=499"}],"wp:featuredmedia":[{"embeddable":true,"href":"https:\/\/eu.goodseed.com\/en\/wp-json\/wp\/v2\/media\/1020"}],"wp:attachment":[{"href":"https:\/\/eu.goodseed.com\/en\/wp-json\/wp\/v2\/media?parent=499"}],"wp:term":[{"taxonomy":"product_brand","embeddable":true,"href":"https:\/\/eu.goodseed.com\/en\/wp-json\/wp\/v2\/product_brand?post=499"},{"taxonomy":"product_cat","embeddable":true,"href":"https:\/\/eu.goodseed.com\/en\/wp-json\/wp\/v2\/product_cat?post=499"},{"taxonomy":"product_tag","embeddable":true,"href":"https:\/\/eu.goodseed.com\/en\/wp-json\/wp\/v2\/product_tag?post=499"},{"taxonomy":"giftcard-category","embeddable":true,"href":"https:\/\/eu.goodseed.com\/en\/wp-json\/wp\/v2\/giftcard-category?post=499"}],"curies":[{"name":"wp","href":"https:\/\/api.w.org\/{rel}","templated":true}]}}