{"id":485,"date":"2025-04-28T07:25:13","date_gmt":"2025-04-28T07:25:13","guid":{"rendered":"https:\/\/eu.goodseed.com\/?post_type=product&#038;p=485"},"modified":"2025-11-28T19:53:44","modified_gmt":"2025-11-28T19:53:44","slug":"the-lamb-posters","status":"publish","type":"product","link":"https:\/\/eu.goodseed.com\/en\/product\/the-lamb-posters\/","title":{"rendered":"The Lamb - Posters"},"content":{"rendered":"<p><a href=\"https:\/\/ca.goodseed.com\/the-lamb-picture-book-english\/\">The lamb<\/a> ist ein wunderbares Buch, um Kindern das Evangelium zu erkl\u00e4ren, und die Lamm-Poster helfen dabei, diese Botschaft in Gruppen wie einem VBS-Programm oder der Sonntagsschule zu vermitteln. Die auf gro\u00dfen Karton gedruckte Vorlage f\u00fcr das Lamm ist ideal, um sie einer Gruppe zu zeigen, und jedes Set enth\u00e4lt 49 Bilder aus dem Kinderbuch <a href=\"https:\/\/ca.goodseed.com\/the-lamb-picture-book-english\/\">The lamb<\/a>.<\/p>\n<p>Features:<\/p>\n<ul>\n<li>Stabiler Karton<\/li>\n<li>Jedes Poster hat die Nummer auf der R\u00fcckseite aufgedruckt<\/li>\n<li>Gro\u00dfes Format (45,5 cm x 29,5 cm, oder 17,5&#8243; x 11,5&#8243;)<\/li>\n<li>Matte Oberfl\u00e4che, um die Blendung zu reduzieren und die Lebensdauer zu verl\u00e4ngern.<\/li>\n<\/ul>\n<p>Wenn Sie etwas noch Gr\u00f6\u00dferes suchen, sehen Sie bitte <a href=\"https:\/\/ca.goodseed.com\/the-lamb-powerpoint-and-jpgs-download\/\">Das Lamm Powerpoint<\/a>.<\/p>\n<p>&nbsp;<\/p>","protected":false},"excerpt":{"rendered":"<p>Das Lamm ist ein wunderbares Buch, um Kindern das Evangelium zu erkl\u00e4ren, und die Lamm-Poster helfen dabei, diese Botschaft in Gruppen wie einem VBS-Programm oder der Sonntagsschule zu vermitteln. Die auf gro\u00dfen Karton gedruckte Vorlage f\u00fcr das Lamm ist ideal, um sie einer Gruppe zu zeigen, und jedes Set enth\u00e4lt 49 Bilder aus dem Kinderbuch [&hellip;]<\/p>\n","protected":false},"featured_media":486,"comment_status":"closed","ping_status":"closed","template":"","meta":{"_acf_changed":false,"_glsr_average":0,"_glsr_ranking":0,"_glsr_reviews":0},"product_brand":[],"product_cat":[18,21],"product_tag":[],"giftcard-category":[],"class_list":{"0":"post-485","1":"product","2":"type-product","3":"status-publish","4":"has-post-thumbnail","6":"product_cat-evangelisation_nachfolge","7":"product_cat-kinder","9":"first","10":"instock","11":"taxable","12":"shipping-taxable","13":"purchasable","14":"product-type-simple"},"acf":[],"_links":{"self":[{"href":"https:\/\/eu.goodseed.com\/en\/wp-json\/wp\/v2\/product\/485","targetHints":{"allow":["GET"]}}],"collection":[{"href":"https:\/\/eu.goodseed.com\/en\/wp-json\/wp\/v2\/product"}],"about":[{"href":"https:\/\/eu.goodseed.com\/en\/wp-json\/wp\/v2\/types\/product"}],"replies":[{"embeddable":true,"href":"https:\/\/eu.goodseed.com\/en\/wp-json\/wp\/v2\/comments?post=485"}],"wp:featuredmedia":[{"embeddable":true,"href":"https:\/\/eu.goodseed.com\/en\/wp-json\/wp\/v2\/media\/486"}],"wp:attachment":[{"href":"https:\/\/eu.goodseed.com\/en\/wp-json\/wp\/v2\/media?parent=485"}],"wp:term":[{"taxonomy":"product_brand","embeddable":true,"href":"https:\/\/eu.goodseed.com\/en\/wp-json\/wp\/v2\/product_brand?post=485"},{"taxonomy":"product_cat","embeddable":true,"href":"https:\/\/eu.goodseed.com\/en\/wp-json\/wp\/v2\/product_cat?post=485"},{"taxonomy":"product_tag","embeddable":true,"href":"https:\/\/eu.goodseed.com\/en\/wp-json\/wp\/v2\/product_tag?post=485"},{"taxonomy":"giftcard-category","embeddable":true,"href":"https:\/\/eu.goodseed.com\/en\/wp-json\/wp\/v2\/giftcard-category?post=485"}],"curies":[{"name":"wp","href":"https:\/\/api.w.org\/{rel}","templated":true}]}}