{"id":459,"date":"2025-04-28T07:07:49","date_gmt":"2025-04-28T07:07:49","guid":{"rendered":"https:\/\/eu.goodseed.com\/?post_type=product&#038;p=459"},"modified":"2025-11-28T19:55:42","modified_gmt":"2025-11-28T19:55:42","slug":"the-lamb-picture-book-with-cd-simplified-chinese","status":"publish","type":"product","link":"https:\/\/eu.goodseed.com\/en\/product\/the-lamb-picture-book-with-cd-simplified-chinese\/","title":{"rendered":"The Lamb - Picture book with CD (Simplified Chinese)"},"content":{"rendered":"<p>Dies ist die vereinfachte chinesische (Mandarin) Ausgabe von \u201e<a title=\"The lamb\" href=\"https:\/\/ca.goodseed.com\/the-lamb-picture-book-with-cd-english\/\">Das Lamm.<\/a>\u201c<\/p>\n<p>Es folgt die Beschreibung aus der englischen Ausgabe.<\/p>\n<p>Wie erkl\u00e4ren wir Kindern das Evangelium auf eine Weise, die sie verstehen k\u00f6nnen? Wie k\u00f6nnen wir ihnen erkl\u00e4ren, dass sie einen Erl\u00f6ser brauchen, ohne die Details zu verw\u00e4ssern? Wie k\u00f6nnen wir ihre Aufmerksamkeit lange genug aufrechterhalten, um ihnen zu erkl\u00e4ren, worum es in der Bibel \u00fcberhaupt geht? Wie k\u00f6nnen wir akkurat sein, aber dennoch ber\u00fccksichtigen, dass sie einfachere Erkl\u00e4rungen brauchen?<\/p>\n<p>\u201eThe Lamb\u201c is a book for children aged five to ten. This picture book captivates children with its colourful illustrations and takes them on a journey through the heart of the biblical message. The book begins with the creation of the universe and explains the most important biblical concepts: Who is God? What is God like? What is sin? Where does evil come from? Why do we need a Saviour? The book concludes with a clear explanation of Jesus' identity and his amazing achievement as our Saviour.<\/p>\n<p>The book establishes a clear connection between Jesus and the Old Testament sacrificial lamb. Topics such as death are dealt with in an honest, straightforward manner. The vivid details surrounding the story of redemption are treated sensitively, but not watered down. At the end, the children are told who God is and what he did for humanity on the cross. It is a message of hope that every child should hear.<\/p>\n<h4>Features<\/h4>\n<ul>\n<li><strong>Written for children:<\/strong> Suitable for all ages, but written for children aged five and over.<\/li>\n<li><strong>Fully illustrated:<\/strong> 50 Farbbilder des begnadeten K\u00fcnstlers Ian Mastin erwecken die Geschichte des Evangeliums zum Leben. (Siehe <a title=\"Ianmastin.com\" href=\"http:\/\/ianmastin.com\/\">ianmastin.com<\/a>)<\/li>\n<li><strong>Prerequisites:<\/strong> Setzt keine Vorkenntnisse der Bibel voraus.<\/li>\n<li><strong>Chronological:<\/strong> Beginnt mit der Erschaffung des Universums und geht dann der Reihe nach durch die Schl\u00fcsselgeschichten des Alten Testaments zum Neuen Testament \u00fcber, um die Bedeutung des Kreuzes und des Grabes zu enth\u00fcllen. Die Hauptgeschichte der Bibel wird zu einem universellen, allumfassenden Drama verkn\u00fcpft.<\/li>\n<li><strong>Lay a foundation:<\/strong> Der Ansatz von der Sch\u00f6pfung bis zum Kreuz hilft, die gesamte Bibel in einen Kontext zu stellen. Hilft Kindern, die Gesamtbotschaft der Bibel ohne Verwirrung zu verstehen.<\/li>\n<li><strong>Accurate presentation of the gospel:<\/strong> Komplexe Themen wie Tod, S\u00fcnde, das B\u00f6se und Gottes Versorgung werden einf\u00fchlsam und f\u00fcr Kinder verst\u00e4ndlich dargestellt.<\/li>\n<li><strong>Built-in repetition:<\/strong> Jedes Kapitel beginnt mit einer Wiederholung und endet mit Fragen, die sicherstellen sollen, dass Kinder die Botschaft klar verstehen.<\/li>\n<li><strong>Audiobook:<\/strong> Inklusive CD. Die Geschichte wird von der Autorin und Heather Holdsworth, einer begabten Kinderp\u00e4dagogin, erz\u00e4hlt. Die Kinder k\u00f6nnen sich auf die Geschichte einlassen, indem sie dem Buch folgen, w\u00e4hrend sie zuh\u00f6ren. Enth\u00e4lt &#8222;The Lamb Song&#8220;, vorgetragen von Carla Newsham und ihren Kindern: Toni-Marie, Joyelle, &#038; Brooklyn.<\/li>\n<li><strong>Designed as a gift:<\/strong> Dieses Hardcover-Buch ist ein sch\u00f6nes und elegantes Geschenk, entweder f\u00fcr ein Kind oder eine Familie mit Kindern.<\/li>\n<li><strong>Gestaltet f\u00fcr Andachten:<\/strong> Can be read for family devotions or Bible stories.<\/li>\n<\/ul>\n<div>\n<p>\u00a0<iframe src=\"https:\/\/www.youtube.com\/embed\/IojxLpPNdE4?fs=1\" width=\"440\" height=\"330\" frameborder=\"0\" allowfullscreen=\"allowfullscreen\"><\/iframe><\/p>\n<p>Anzahl der Seiten: 183<br \/>\nISBN: 9781890082680<br \/>\nFormat des H\u00f6rbuchs: Audio-CD<br \/>\nDauer des H\u00f6rbuchs: Ungef\u00e4hr 60 Minuten<\/p>\n<\/div>","protected":false},"excerpt":{"rendered":"<p>Bulk Pricing:<\/p>\n<p>Below are the available bulk discount rates for each individual item when you purchase a certain amount<\/p>\n<ul>\n<li>Buy 5 or above and pay only $20.00 each<\/li>\n<\/ul>","protected":false},"featured_media":463,"comment_status":"closed","ping_status":"closed","template":"","meta":{"_acf_changed":false,"_glsr_average":0,"_glsr_ranking":0,"_glsr_reviews":0},"product_brand":[],"product_cat":[80,18,21],"product_tag":[55],"giftcard-category":[],"class_list":{"0":"post-459","1":"product","2":"type-product","3":"status-publish","4":"has-post-thumbnail","6":"product_cat-chinesisch","7":"product_cat-evangelisation_nachfolge","8":"product_cat-kinder","9":"product_tag-chinese","11":"first","12":"instock","13":"taxable","14":"shipping-taxable","15":"purchasable","16":"product-type-simple"},"acf":[],"_links":{"self":[{"href":"https:\/\/eu.goodseed.com\/en\/wp-json\/wp\/v2\/product\/459","targetHints":{"allow":["GET"]}}],"collection":[{"href":"https:\/\/eu.goodseed.com\/en\/wp-json\/wp\/v2\/product"}],"about":[{"href":"https:\/\/eu.goodseed.com\/en\/wp-json\/wp\/v2\/types\/product"}],"replies":[{"embeddable":true,"href":"https:\/\/eu.goodseed.com\/en\/wp-json\/wp\/v2\/comments?post=459"}],"wp:featuredmedia":[{"embeddable":true,"href":"https:\/\/eu.goodseed.com\/en\/wp-json\/wp\/v2\/media\/463"}],"wp:attachment":[{"href":"https:\/\/eu.goodseed.com\/en\/wp-json\/wp\/v2\/media?parent=459"}],"wp:term":[{"taxonomy":"product_brand","embeddable":true,"href":"https:\/\/eu.goodseed.com\/en\/wp-json\/wp\/v2\/product_brand?post=459"},{"taxonomy":"product_cat","embeddable":true,"href":"https:\/\/eu.goodseed.com\/en\/wp-json\/wp\/v2\/product_cat?post=459"},{"taxonomy":"product_tag","embeddable":true,"href":"https:\/\/eu.goodseed.com\/en\/wp-json\/wp\/v2\/product_tag?post=459"},{"taxonomy":"giftcard-category","embeddable":true,"href":"https:\/\/eu.goodseed.com\/en\/wp-json\/wp\/v2\/giftcard-category?post=459"}],"curies":[{"name":"wp","href":"https:\/\/api.w.org\/{rel}","templated":true}]}}