{"id":428,"date":"2025-04-28T06:40:31","date_gmt":"2025-04-28T06:40:31","guid":{"rendered":"https:\/\/eu.goodseed.com\/?post_type=product&#038;p=428"},"modified":"2025-12-05T01:48:55","modified_gmt":"2025-12-05T01:48:55","slug":"what-are-christmas-and-easter-all-about-english","status":"publish","type":"product","link":"https:\/\/eu.goodseed.com\/en\/product\/what-are-christmas-and-easter-all-about-english\/","title":{"rendered":"What is Christmas and Easter all about? (English)"},"content":{"rendered":"<blockquote>\n<ul>\n<li><strong>Kaufen Sie 10 &#8211; 49 <\/strong>and receive <strong>15% Rabatt<\/strong><\/li>\n<li><strong>Kaufen Sie 50 &#8211; 99 <\/strong>and receive <strong>25% Rabatt<\/strong><\/li>\n<li><strong>Kaufen Sie 100 oder mehr <\/strong>and receive <strong>35% Rabatt<\/strong><\/li>\n<\/ul>\n<\/blockquote>\n<p>Wie andere GoodSeed-Hilfsmittel erkl\u00e4rt dieses Buch das Evangelium in chronologischer Reihenfolge von der Sch\u00f6pfung bis zum Kreuz. Dieses 80-seitige B\u00fcchlein ist preislich so gestaltet, dass es in gro\u00dfer St\u00fcckzahl verschenkt werden kann. Kirchen k\u00f6nnen diese Brosch\u00fcren an Besucher verschenken oder sie bei Konzerten oder kirchlichen Programmen &#8211; insbesondere bei Oster- oder Weihnachtsveranstaltungen &#8211; verteilen. Auch Einzelpersonen k\u00f6nnen das Heft wie ein Evangeliumstraktat an Familie, Freunde und Nachbarn weitergeben.<\/p>\n<p>Mit farbigen Illustrationen und sorgf\u00e4ltig kontrolliertem Text wird die Kernbotschaft der Bibel in einfach zu verstehendem Englisch erkl\u00e4rt, so dass auch jemand, der Englisch als Zweitsprache spricht, ein klares Verst\u00e4ndnis der Botschaft gewinnen kann.<\/p>\n<p><a title=\"CnE Beispielkapitel\" href=\"http:\/\/www.goodseed.com\/pdfs\/samples\/sample-cne-english-070001.pdf\" target=\"_blank\" rel=\"noopener\"><strong>Lesen Sie Beispielkapitel<\/strong><\/a><\/p>\n<h4><\/h4>\n<h4>Features<\/h4>\n<ul>\n<li><strong>Geschrieben f\u00fcr Menschen mit eingeschr\u00e4nkten Sprachkenntnissen:<\/strong> Durch die Verwendung von EasyEnglish ist es f\u00fcr Kinder, Jugendliche, ESL und Menschen, die nicht viel lesen, geeignet.<\/li>\n<li><strong>Preisg\u00fcnstig f\u00fcr Massengeschenke: <\/strong>Dieses Heft ist sehr erschwinglich. Wenn man es in gro\u00dfen Mengen kauft, kostet es weniger als eine Tasse Kaffee &#8211; billiger als eine Weihnachts- oder Osterkarte. Es ist ideal, um es in gro\u00dfen Mengen zu verschenken. Eine Kirche kann es an jede T\u00fcr in der Nachbarschaft h\u00e4ngen, ohne das Budget zu sprengen!<\/li>\n<li><strong>Prerequisites:<\/strong> Es wird davon ausgegangen, dass der Leser keine oder nur geringe Vorkenntnisse \u00fcber die Bibel hat<\/li>\n<li><strong>Chronological:<\/strong> Es beginnt mit der Erschaffung des Universums, geht dann der Reihe nach durch die Schl\u00fcsselgeschichten des Alten Testaments und bewegt sich ins Neue Testament, um die Bedeutung des Kreuzes und des Grabes zu enth\u00fcllen. Die Hauptgeschichte der Bibel wird zu einem universellen, allumfassenden Drama zusammengef\u00fcgt. Der Inhalt ist kurz gehalten, so dass ein Leser das Buch in etwa 45 Minuten durchlesen kann.<\/li>\n<li><strong>Fully illustrated:<\/strong> Farbige Bilder des begnadeten K\u00fcnstlers Ian Mastin erwecken die Geschichte des Evangeliums zum Leben. (Siehe <a title=\"iammastin.com\" href=\"http:\/\/ianmastin.com\/\">ianmastin.com<\/a>)<\/li>\n<\/ul>\n<p>Anzahl der Seiten: 80<br \/>\nISBN: 9781890082570<\/p>\n<p>&nbsp;<\/p>\n<p>Hinweis: Eine Variante dieser Brosch\u00fcre ist <em><a href=\"https:\/\/ca.goodseed.com\/the-story-that-matters-english\/\">Die Geschichte, auf die es ankommt<\/a><\/em>. Es handelt sich um ein 64-seitiges Heft mit identischem Text, aber mit ausdrucksstarker Strichgrafik. Es ist auch f\u00fcr den Gebrauch au\u00dferhalb der Weihnachts- und Osterzeit gedacht.<\/p>","protected":false},"excerpt":{"rendered":"<p>Bulk Pricing:<\/p>\n<p>Below are the available bulk discount rates for each individual item when you purchase a certain amount<\/p>\n<ul>\n<li>Buy 10 &#8211; 49 and get 15% off<\/li>\n<li>Buy 50 &#8211; 99 and get 25% off<\/li>\n<li>Buy 100 or above and get 35% off<\/li>\n<\/ul>","protected":false},"featured_media":429,"comment_status":"closed","ping_status":"closed","template":"","meta":{"_acf_changed":false,"_glsr_average":0,"_glsr_ranking":0,"_glsr_reviews":0},"product_brand":[],"product_cat":[19,76],"product_tag":[53],"giftcard-category":[],"class_list":{"0":"post-428","1":"product","2":"type-product","3":"status-publish","4":"has-post-thumbnail","6":"product_cat-broschuren-zur-evangelisation","7":"product_cat-englisch","8":"product_tag-english","10":"first","11":"instock","12":"taxable","13":"shipping-taxable","14":"purchasable","15":"product-type-simple"},"acf":[],"_links":{"self":[{"href":"https:\/\/eu.goodseed.com\/en\/wp-json\/wp\/v2\/product\/428","targetHints":{"allow":["GET"]}}],"collection":[{"href":"https:\/\/eu.goodseed.com\/en\/wp-json\/wp\/v2\/product"}],"about":[{"href":"https:\/\/eu.goodseed.com\/en\/wp-json\/wp\/v2\/types\/product"}],"replies":[{"embeddable":true,"href":"https:\/\/eu.goodseed.com\/en\/wp-json\/wp\/v2\/comments?post=428"}],"wp:featuredmedia":[{"embeddable":true,"href":"https:\/\/eu.goodseed.com\/en\/wp-json\/wp\/v2\/media\/429"}],"wp:attachment":[{"href":"https:\/\/eu.goodseed.com\/en\/wp-json\/wp\/v2\/media?parent=428"}],"wp:term":[{"taxonomy":"product_brand","embeddable":true,"href":"https:\/\/eu.goodseed.com\/en\/wp-json\/wp\/v2\/product_brand?post=428"},{"taxonomy":"product_cat","embeddable":true,"href":"https:\/\/eu.goodseed.com\/en\/wp-json\/wp\/v2\/product_cat?post=428"},{"taxonomy":"product_tag","embeddable":true,"href":"https:\/\/eu.goodseed.com\/en\/wp-json\/wp\/v2\/product_tag?post=428"},{"taxonomy":"giftcard-category","embeddable":true,"href":"https:\/\/eu.goodseed.com\/en\/wp-json\/wp\/v2\/giftcard-category?post=428"}],"curies":[{"name":"wp","href":"https:\/\/api.w.org\/{rel}","templated":true}]}}