{"id":393,"date":"2025-04-28T06:03:48","date_gmt":"2025-04-28T06:03:48","guid":{"rendered":"https:\/\/eu.goodseed.com\/?post_type=product&#038;p=393"},"modified":"2025-12-05T01:49:59","modified_gmt":"2025-12-05T01:49:59","slug":"the-lamb-picture-book-with-cd-luxembourgish","status":"publish","type":"product","link":"https:\/\/eu.goodseed.com\/en\/product\/the-lamb-picture-book-with-cd-luxembourgish\/","title":{"rendered":"The Lamb - Picture book with CD (Luxembourgish)"},"content":{"rendered":"<div class=\"accordion-navigation toggleLink is-open\" role=\"button\" data-collapsible=\"#accordion--description\" aria-label=\"Description\" aria-controls=\"accordion--description\" aria-expanded=\"true\">\n<h5 class=\"accordion-title\"><span style=\"font-size: 16px\">&#8222;D&#8217;Lammchen&#8220; is the Luxembourgish edition of &#8222;<\/span><a style=\"font-size: 16px\" title=\"The Lamb\" href=\"https:\/\/ca.goodseed.com\/the-lamb-picture-book-with-cd-english\/\">The Lamb.<\/a><span style=\"font-size: 16px\">&#8222;<\/span><\/h5>\n<\/div>\n<div id=\"accordion--description\" class=\"accordion-content is-open\" aria-hidden=\"false\">\n<p>The following description is taken from the English edition.<\/p>\n<p>How do we explain the gospel to children in an understandable way? How do we explain to them that they need a Saviour without watering down the details? How can we hold their attention long enough to explain the content of the Bible? How can we be precise while recognising that they need simpler explanations?<\/p>\n<p>\u201eThe Lamb\u201c is a book for children aged five to ten. With its colourful illustrations, this picture book takes children on a journey through the heart of the biblical message. Starting with the creation of the universe, the book explains key biblical concepts: Who is God? What is God like? What is sin? Where does evil come from? Why do we need a Saviour? The book concludes with a clear explanation of Jesus' identity and his marvellous gift as our Saviour.<\/p>\n<p>The book establishes a clear connection between Jesus and the sacrificial lamb of the Old Testament. Topics such as death are dealt with honestly and directly. The vivid details of salvation history are treated sensitively, but not watered down. At the end, the children learn who God is and what he did for humanity on the cross. It is a message of hope that every child should hear.<\/p>\n<h4>Features<\/h4>\n<ul>\n<li><strong>Written for children:<\/strong>\u00a0Suitable for all ages, but written for children aged five and over.<\/li>\n<li><strong>Fully illustrated:<\/strong>\u00a050 colour paintings by the talented artist Ian Mastin bring the story of the Gospel to life. (See <a title=\"Ianmastin.com\" href=\"http:\/\/ianmastin.com\/\">ianmastin.com<\/a>)<\/li>\n<li><strong>Assumptions:<\/strong>\u00a0Does not require any knowledge of the Bible.<\/li>\n<li><strong>Chronological:<\/strong>\u00a0Begins with the creation of the universe and then progresses sequentially through the major stories of the Old Testament before moving into the New Testament and revealing the significance of the cross and the tomb. The main story of the Bible is woven into a universal, all-encompassing drama.<\/li>\n<li><strong>Basis:<\/strong> The approach from creation to the cross helps to contextualise the whole Bible. Helps children to understand the overall message of the Bible without confusion.<\/li>\n<li><strong>Precise presentation of the gospel:<\/strong> Complex topics such as death, sin, evil and God's provision are presented in a sensitive and child-friendly way.<\/li>\n<li><strong>Integrated repetition:<\/strong> Each chapter begins with a review and ends with questions to ensure that children clearly understand the message.<\/li>\n<li><strong>Audiobook:<\/strong> Inklusive CD. Die Geschichte wird vom Autor und Heather Holdsworth, einer begabten Kinderg\u00e4rtnerin, erz\u00e4hlt. Kinder k\u00f6nnen sich in die Geschichte einbringen, indem sie beim Zuh\u00f6ren dem Buch folgen. Enth\u00e4lt \u201eThe Lamb Song\u201c, vorgetragen von Carla Newsham und ihren Kindern Toni-Marie, Joyelle und Brooklyn.<\/li>\n<li><strong>To give away:<\/strong>\u00a0This hardback book is a beautiful and elegant gift for a child or a family with children.<\/li>\n<li><strong>For devotions:<\/strong>\u00a0Can be read as a family devotional or for reading Bible stories.<\/li>\n<\/ul>\n<div>\n<p>\u00a0<iframe src=\"https:\/\/www.youtube.com\/embed\/IojxLpPNdE4?fs=1\" width=\"440\" height=\"330\" frameborder=\"0\" allowfullscreen=\"allowfullscreen\"><\/iframe><\/p>\n<p>Seitenzahl: 183<br \/>\nISBN: 9781890082185<br \/>\nH\u00f6rbuchformat: Audio-CD<br \/>\nH\u00f6rbuchdauer: ca. 60 Minuten<\/p>\n<\/div>\n<\/div>","protected":false},"excerpt":{"rendered":"<p>Bulk Pricing:<\/p>\n<p>Below are the available bulk discount rates for each individual item when you purchase a certain amount<\/p>\n<ul>\n<li>Buy 4 &#8211; 15 and get 20% off<\/li>\n<li>Buy 16 or above and get 35% off<\/li>\n<\/ul>","protected":false},"featured_media":394,"comment_status":"closed","ping_status":"closed","template":"","meta":{"_acf_changed":false,"_glsr_average":0,"_glsr_ranking":0,"_glsr_reviews":0},"product_brand":[],"product_cat":[18,21,91,17],"product_tag":[67],"giftcard-category":[],"class_list":{"0":"post-393","1":"product","2":"type-product","3":"status-publish","4":"has-post-thumbnail","6":"product_cat-evangelisation_nachfolge","7":"product_cat-kinder","8":"product_cat-luxemburgisch","9":"product_cat-new-release","10":"product_tag-luxembourgish","12":"first","13":"instock","14":"taxable","15":"shipping-taxable","16":"purchasable","17":"product-type-simple"},"acf":[],"_links":{"self":[{"href":"https:\/\/eu.goodseed.com\/en\/wp-json\/wp\/v2\/product\/393","targetHints":{"allow":["GET"]}}],"collection":[{"href":"https:\/\/eu.goodseed.com\/en\/wp-json\/wp\/v2\/product"}],"about":[{"href":"https:\/\/eu.goodseed.com\/en\/wp-json\/wp\/v2\/types\/product"}],"replies":[{"embeddable":true,"href":"https:\/\/eu.goodseed.com\/en\/wp-json\/wp\/v2\/comments?post=393"}],"wp:featuredmedia":[{"embeddable":true,"href":"https:\/\/eu.goodseed.com\/en\/wp-json\/wp\/v2\/media\/394"}],"wp:attachment":[{"href":"https:\/\/eu.goodseed.com\/en\/wp-json\/wp\/v2\/media?parent=393"}],"wp:term":[{"taxonomy":"product_brand","embeddable":true,"href":"https:\/\/eu.goodseed.com\/en\/wp-json\/wp\/v2\/product_brand?post=393"},{"taxonomy":"product_cat","embeddable":true,"href":"https:\/\/eu.goodseed.com\/en\/wp-json\/wp\/v2\/product_cat?post=393"},{"taxonomy":"product_tag","embeddable":true,"href":"https:\/\/eu.goodseed.com\/en\/wp-json\/wp\/v2\/product_tag?post=393"},{"taxonomy":"giftcard-category","embeddable":true,"href":"https:\/\/eu.goodseed.com\/en\/wp-json\/wp\/v2\/giftcard-category?post=393"}],"curies":[{"name":"wp","href":"https:\/\/api.w.org\/{rel}","templated":true}]}}