{"id":384,"date":"2025-04-28T05:41:56","date_gmt":"2025-04-28T05:41:56","guid":{"rendered":"https:\/\/eu.goodseed.com\/?post_type=product&#038;p=384"},"modified":"2025-12-05T01:50:21","modified_gmt":"2025-12-05T01:50:21","slug":"the-lamb-russian","status":"publish","type":"product","link":"https:\/\/eu.goodseed.com\/en\/product\/the-lamb-russian\/","title":{"rendered":"The Lamb (Russian)"},"content":{"rendered":"<p class=\"no-fr\">This is the Russian edition of\u00a0<a href=\"https:\/\/ca.goodseed.com\/the-lamb-picture-book-with-cd-english\/\" data-link-type=\"tree\" data-type=\"linkpicker\">The Lamb<\/a>\u00a0in paperback format.<\/p>\n<p>The following description is taken from the English edition.<\/p>\n<p>How do we explain the gospel to children in an understandable way? How do we explain to them that they need a Saviour without watering down the details? How can we hold their attention long enough to explain the content of the Bible? How can we be precise while recognising that they need simpler explanations?<\/p>\n<p>\u201eThe Lamb\u201c is a book for children aged five to ten. With its colourful illustrations, this picture book takes children on a journey through the heart of the biblical message. Starting with the creation of the universe, the book explains key biblical concepts: Who is God? What is God like? What is sin? Where does evil come from? Why do we need a Saviour? The book concludes with a clear explanation of Jesus' identity and his marvellous gift as our Saviour.<\/p>\n<p>The book establishes a clear connection between Jesus and the sacrificial lamb of the Old Testament. Topics such as death are dealt with honestly and directly. The vivid details of salvation history are treated sensitively, but not watered down. At the end, the children learn who God is and what he did for humanity on the cross. It is a message of hope that every child should hear.<\/p>\n<p>&nbsp;<\/p>\n<h4>Features<\/h4>\n<ul>\n<li><strong>Written for children:<\/strong>\u00a0Suitable for all ages, but written for children aged five and over.<\/li>\n<li><strong>Fully illustrated:<\/strong>\u00a050 colour paintings by the talented artist Ian Mastin bring the story of the Gospel to life. (See <a title=\"Ianmastin.com\" href=\"http:\/\/ianmastin.com\/\">ianmastin.com<\/a>)<\/li>\n<li><strong>Assumptions:<\/strong>\u00a0Does not require any knowledge of the Bible.<\/li>\n<li><strong>Chronological:<\/strong>\u00a0Begins with the creation of the universe and then progresses sequentially through the major stories of the Old Testament before moving into the New Testament and revealing the significance of the cross and the tomb. The main story of the Bible is woven into a universal, all-encompassing drama.<\/li>\n<li><strong>Basis:<\/strong> The approach from creation to the cross helps to contextualise the whole Bible. Helps children to understand the overall message of the Bible without confusion.<\/li>\n<li><strong>Precise presentation of the gospel:<\/strong> Complex topics such as death, sin, evil and God's provision are presented in a sensitive and child-friendly way.<\/li>\n<li><strong>Integrated repetition:<\/strong> Each chapter begins with a review and ends with questions to ensure that children clearly understand the message.<\/li>\n<li><strong>To give away:<\/strong> This book is a lovely gift for a child or a family with children.<\/li>\n<li><strong>For devotions:<\/strong> Can be read during family devotions or while reading Bible stories.<\/li>\n<\/ul>\n<p>Number of pages: 182<br \/>\nISBN: 9781927429853<br \/>\nFormat: paperback, picture book<\/p>","protected":false},"excerpt":{"rendered":"<p>This is the Russian edition of\u00a0The Lamb\u00a0in paperback format. Die folgende Beschreibung stammt aus der englischen Ausgabe. Wie erkl\u00e4ren wir Kindern das Evangelium verst\u00e4ndlich? Wie erkl\u00e4ren wir ihnen, dass sie einen Erl\u00f6ser brauchen, ohne die Details zu verw\u00e4ssern? Wie k\u00f6nnen wir ihre Aufmerksamkeit lange genug fesseln, um ihnen den Inhalt der Bibel zu erkl\u00e4ren? Wie [&hellip;]<\/p>\n","protected":false},"featured_media":385,"comment_status":"closed","ping_status":"closed","template":"","meta":{"_acf_changed":false,"_glsr_average":0,"_glsr_ranking":0,"_glsr_reviews":0},"product_brand":[],"product_cat":[18,21,96],"product_tag":[64],"giftcard-category":[],"class_list":{"0":"post-384","1":"product","2":"type-product","3":"status-publish","4":"has-post-thumbnail","6":"product_cat-evangelisation_nachfolge","7":"product_cat-kinder","8":"product_cat-russisch","9":"product_tag-russian","11":"first","12":"instock","13":"taxable","14":"shipping-taxable","15":"purchasable","16":"product-type-simple"},"acf":[],"_links":{"self":[{"href":"https:\/\/eu.goodseed.com\/en\/wp-json\/wp\/v2\/product\/384","targetHints":{"allow":["GET"]}}],"collection":[{"href":"https:\/\/eu.goodseed.com\/en\/wp-json\/wp\/v2\/product"}],"about":[{"href":"https:\/\/eu.goodseed.com\/en\/wp-json\/wp\/v2\/types\/product"}],"replies":[{"embeddable":true,"href":"https:\/\/eu.goodseed.com\/en\/wp-json\/wp\/v2\/comments?post=384"}],"wp:featuredmedia":[{"embeddable":true,"href":"https:\/\/eu.goodseed.com\/en\/wp-json\/wp\/v2\/media\/385"}],"wp:attachment":[{"href":"https:\/\/eu.goodseed.com\/en\/wp-json\/wp\/v2\/media?parent=384"}],"wp:term":[{"taxonomy":"product_brand","embeddable":true,"href":"https:\/\/eu.goodseed.com\/en\/wp-json\/wp\/v2\/product_brand?post=384"},{"taxonomy":"product_cat","embeddable":true,"href":"https:\/\/eu.goodseed.com\/en\/wp-json\/wp\/v2\/product_cat?post=384"},{"taxonomy":"product_tag","embeddable":true,"href":"https:\/\/eu.goodseed.com\/en\/wp-json\/wp\/v2\/product_tag?post=384"},{"taxonomy":"giftcard-category","embeddable":true,"href":"https:\/\/eu.goodseed.com\/en\/wp-json\/wp\/v2\/giftcard-category?post=384"}],"curies":[{"name":"wp","href":"https:\/\/api.w.org\/{rel}","templated":true}]}}