{"id":328,"date":"2025-04-25T05:16:59","date_gmt":"2025-04-25T05:16:59","guid":{"rendered":"https:\/\/eu.goodseed.com\/?post_type=product&#038;p=328"},"modified":"2025-12-05T01:52:15","modified_gmt":"2025-12-05T01:52:15","slug":"no-ordinary-story-series-companion-workbook-english","status":"publish","type":"product","link":"https:\/\/eu.goodseed.com\/en\/product\/no-ordinary-story-series-companion-workbook-english\/","title":{"rendered":"Accompanying workbook for the No Ordinary Story series (English)"},"content":{"rendered":"<blockquote>\n<ul>\n<li><strong>Kaufen Sie 4\u201311 B\u00fccher<\/strong> and receive <strong>15 % Rabatt<\/strong><\/li>\n<li><strong>Kaufen Sie 12\u201323 B\u00fccher<\/strong> and receive <strong>25 % Rabatt<\/strong><\/li>\n<li><strong>Kaufen Sie 24 B\u00fccher oder mehr<\/strong> and receive <strong>35 % discount<\/strong><\/li>\n<\/ul>\n<\/blockquote>\n<p><strong>Arbeitsbuch zur Reihe \u201eKeine gew\u00f6hnlichen Geschichten\u201c f\u00fcr die B\u00fccher 1 bis 8<\/strong><\/p>\n<p>Beim Studium eines so bedeutenden Buches wie der Bibel ist es wichtig, die Fakten genau zu verstehen. Die Reihe \u201eKeine gew\u00f6hnlichen Geschichten\u201c wurde geschrieben, um die Bibel einfach und klar darzustellen. Dieses begleitende Arbeitsbuch geht noch einen Schritt weiter und wurde speziell daf\u00fcr entwickelt, Sie anhand der Reihe \u201eKeine gew\u00f6hnlichen Geschichten\u201c durch die Kernbotschaft der Bibel zu f\u00fchren.<\/p>\n<p>Das Arbeitsbuch verfolgt einen Lernansatz, der Sie selbst entdecken l\u00e4sst. Jedes Kapitel enth\u00e4lt Denkanst\u00f6\u00dfe, die Ihnen helfen, sich in der Bibel zurechtzufinden. Die Verwendung des Arbeitsbuchs in Kombination mit der Reihe bietet Ihnen zwei hervorragende Werkzeuge, um Einblicke in die Bibel zu gewinnen.<\/p>\n<p>Seitenzahl pro Heft: 48<br \/>\nISBN: 9781773040912<\/p>","protected":false},"excerpt":{"rendered":"<p>Prices for bulk quantities:<\/p>\n<p>Nachfolgend finden Sie die verf\u00fcgbaren Mengenrabatte f\u00fcr jeden einzelnen Artikel, wenn Sie eine bestimmte Menge kaufen<\/p>\n<ul>\n<li>Buy 4 - 11 and get 15% discount<\/li>\n<li>Buy 12 - 23 and get 25% discount<\/li>\n<li>Buy 24 or more and get 35% discount<\/li>\n<\/ul>","protected":false},"featured_media":329,"comment_status":"closed","ping_status":"closed","template":"","meta":{"_acf_changed":false,"_glsr_average":0,"_glsr_ranking":0,"_glsr_reviews":0},"product_brand":[],"product_cat":[76,18,17,51],"product_tag":[53],"giftcard-category":[],"class_list":{"0":"post-328","1":"product","2":"type-product","3":"status-publish","4":"has-post-thumbnail","6":"product_cat-englisch","7":"product_cat-evangelisation_nachfolge","8":"product_cat-new-release","9":"product_cat-sekulare-weltanschauung","10":"product_tag-english","12":"first","13":"instock","14":"taxable","15":"shipping-taxable","16":"purchasable","17":"product-type-simple"},"acf":[],"_links":{"self":[{"href":"https:\/\/eu.goodseed.com\/en\/wp-json\/wp\/v2\/product\/328","targetHints":{"allow":["GET"]}}],"collection":[{"href":"https:\/\/eu.goodseed.com\/en\/wp-json\/wp\/v2\/product"}],"about":[{"href":"https:\/\/eu.goodseed.com\/en\/wp-json\/wp\/v2\/types\/product"}],"replies":[{"embeddable":true,"href":"https:\/\/eu.goodseed.com\/en\/wp-json\/wp\/v2\/comments?post=328"}],"wp:featuredmedia":[{"embeddable":true,"href":"https:\/\/eu.goodseed.com\/en\/wp-json\/wp\/v2\/media\/329"}],"wp:attachment":[{"href":"https:\/\/eu.goodseed.com\/en\/wp-json\/wp\/v2\/media?parent=328"}],"wp:term":[{"taxonomy":"product_brand","embeddable":true,"href":"https:\/\/eu.goodseed.com\/en\/wp-json\/wp\/v2\/product_brand?post=328"},{"taxonomy":"product_cat","embeddable":true,"href":"https:\/\/eu.goodseed.com\/en\/wp-json\/wp\/v2\/product_cat?post=328"},{"taxonomy":"product_tag","embeddable":true,"href":"https:\/\/eu.goodseed.com\/en\/wp-json\/wp\/v2\/product_tag?post=328"},{"taxonomy":"giftcard-category","embeddable":true,"href":"https:\/\/eu.goodseed.com\/en\/wp-json\/wp\/v2\/giftcard-category?post=328"}],"curies":[{"name":"wp","href":"https:\/\/api.w.org\/{rel}","templated":true}]}}