{"id":314,"date":"2025-04-25T03:47:24","date_gmt":"2025-04-25T03:47:24","guid":{"rendered":"https:\/\/eu.goodseed.com\/?post_type=product&#038;p=314"},"modified":"2025-12-05T01:54:12","modified_gmt":"2025-12-05T01:54:12","slug":"no-ordinary-verdict-english","status":"publish","type":"product","link":"https:\/\/eu.goodseed.com\/en\/product\/no-ordinary-verdict-english\/","title":{"rendered":"Kein gew\u00f6hnliches Urteil (Englisch)"},"content":{"rendered":"<ul>\n<li><strong>Buy 4 - 11 and get 15% discount<\/strong><\/li>\n<li><strong>Buy 12 - 23 and get 25% discount<\/strong><\/li>\n<li><strong>Buy 24 or more and get 35% discount<\/strong><\/li>\n<\/ul>\n<p><strong>Kein gew\u00f6hnliches Urteil<\/strong><\/p>\n<p>Was ist mit Schuldgef\u00fchlen? Gibt es Befreiung von Scham?<\/p>\n<p>Was sagt die Bibel \u00fcber Gerechtigkeit? Gott in seiner Vollkommenheit ist wegen unserer S\u00fcnde von der Menschheit getrennt. Eine Freundschaft mit uns verunreinigt seine Heiligkeit.<\/p>\n<p>Doch Jesus kam und starb am Kreuz, damit unsere S\u00fcnden vergeben werden k\u00f6nnen. Aber selbst als Gl\u00e4ubige s\u00fcndigen wir noch. Wir sind nicht perfekt. Wenn wir zu Gott beten, wie kann er uns dann erh\u00f6ren? Wie kann ein vollkommener Gott mit uns s\u00fcndigen Menschen umgehen?<\/p>\n<p>Diese Brosch\u00fcre befasst sich mit einem Konzept, das Rechtfertigung genannt wird. Von allen Themen, die in der Bibel vorkommen, ist dies wohl eines der ermutigendsten.<\/p>\n<p>Dieses B\u00fcchlein ist Teil unserer Buchreihe Keine gew\u00f6hnliche Geschichte.<\/p>\n<p>Written by John R. Cross<br \/>\nIllustrated by Matt Almy<\/p>\n<p>Number of pages: 48<br \/>\nISBN: 9781773040936<\/p>","protected":false},"excerpt":{"rendered":"<p>Prices for bulk quantities:<\/p>\n<p>Below you will find the quantity discounts available for each individual item when you buy a certain quantity<\/p>\n<ul>\n<li>Buy 4 - 11 and get 15% discount<\/li>\n<li>Buy 12 - 23 and get 25% discount<\/li>\n<li>Buy 24 or more and get 35% discount<\/li>\n<\/ul>","protected":false},"featured_media":315,"comment_status":"closed","ping_status":"closed","template":"","meta":{"_acf_changed":false,"_glsr_average":0,"_glsr_ranking":0,"_glsr_reviews":0},"product_brand":[],"product_cat":[76,18,17,51],"product_tag":[53],"giftcard-category":[],"class_list":{"0":"post-314","1":"product","2":"type-product","3":"status-publish","4":"has-post-thumbnail","6":"product_cat-englisch","7":"product_cat-evangelisation_nachfolge","8":"product_cat-new-release","9":"product_cat-sekulare-weltanschauung","10":"product_tag-english","12":"first","13":"instock","14":"taxable","15":"shipping-taxable","16":"purchasable","17":"product-type-simple"},"acf":[],"_links":{"self":[{"href":"https:\/\/eu.goodseed.com\/en\/wp-json\/wp\/v2\/product\/314","targetHints":{"allow":["GET"]}}],"collection":[{"href":"https:\/\/eu.goodseed.com\/en\/wp-json\/wp\/v2\/product"}],"about":[{"href":"https:\/\/eu.goodseed.com\/en\/wp-json\/wp\/v2\/types\/product"}],"replies":[{"embeddable":true,"href":"https:\/\/eu.goodseed.com\/en\/wp-json\/wp\/v2\/comments?post=314"}],"wp:featuredmedia":[{"embeddable":true,"href":"https:\/\/eu.goodseed.com\/en\/wp-json\/wp\/v2\/media\/315"}],"wp:attachment":[{"href":"https:\/\/eu.goodseed.com\/en\/wp-json\/wp\/v2\/media?parent=314"}],"wp:term":[{"taxonomy":"product_brand","embeddable":true,"href":"https:\/\/eu.goodseed.com\/en\/wp-json\/wp\/v2\/product_brand?post=314"},{"taxonomy":"product_cat","embeddable":true,"href":"https:\/\/eu.goodseed.com\/en\/wp-json\/wp\/v2\/product_cat?post=314"},{"taxonomy":"product_tag","embeddable":true,"href":"https:\/\/eu.goodseed.com\/en\/wp-json\/wp\/v2\/product_tag?post=314"},{"taxonomy":"giftcard-category","embeddable":true,"href":"https:\/\/eu.goodseed.com\/en\/wp-json\/wp\/v2\/giftcard-category?post=314"}],"curies":[{"name":"wp","href":"https:\/\/api.w.org\/{rel}","templated":true}]}}