{"id":232,"date":"2025-04-23T09:22:00","date_gmt":"2025-04-23T09:22:00","guid":{"rendered":"https:\/\/eu.goodseed.com\/?post_type=product&#038;p=232"},"modified":"2025-11-28T20:31:02","modified_gmt":"2025-11-28T20:31:02","slug":"the-stranger-on-the-road-to-emmaus-mp3-audiobook-download-spanish","status":"publish","type":"product","link":"https:\/\/eu.goodseed.com\/en\/product\/the-stranger-on-the-road-to-emmaus-mp3-audiobook-download-spanish\/","title":{"rendered":"The Stranger on the Road to Emmaus MP3 AudioBook Download (Spanish)"},"content":{"rendered":"<p>Ce livre audio en espagnol donne vie au texte int\u00e9gral de l&#8217;\u00e9dition espagnole de \u00ab <a href=\"https:\/\/eu.goodseed.com\/en\/the-stranger-on-the-road-to-emmaus-spanish\/\">L&#8217;\u00c9tranger sur le chemin d&#8217;Emma\u00fcs<\/a> \u00bb. Lu directement \u00e0 partir de \u00ab L&#8217;\u00c9tranger \u00bb, ce format audio MP3 est un excellent compl\u00e9ment au livre. Il est \u00e9galement utile \u00e0 ceux qui pr\u00e9f\u00e8rent apprendre en \u00e9coutant et convient aux malvoyants, aux voyageurs, aux conducteurs ou aux personnes ayant de faibles capacit\u00e9s de lecture.<\/p>\n<p>Ce livre audio est \u00e9galement disponible en t\u00e9l\u00e9chargement num\u00e9rique : <a href=\"https:\/\/eu.goodseed.com\/en\/the-stranger-on-the-road-to-emmaus-mp3-audiobook-download-spanish\/\">L&#8217;\u00e9tranger sur le chemin d&#8217;Emma\u00fcs MP3 Audiobook Download (Espagnol)<\/a><\/p>\n<p>&nbsp;<\/p>\n<p>Format: MP3<br \/>\nNo. of discs: 1<br \/>\nDuration: 10 hours<br \/>\nISBN: 9781927429570<\/p>","protected":false},"excerpt":{"rendered":"<p>Prix de gros :<\/p>\n<p>Vous trouverez ci-dessous les taux de remise en gros disponibles pour chaque article lorsque vous achetez une certaine quantit\u00e9.<\/p>\n<ul>\n<li>Achetez de 4 \u00e0 15 et obtenez 15 % de r\u00e9duction<\/li>\n<li>Achetez 16 ou plus et obtenez 25 % de r\u00e9duction<\/li>\n<\/ul>","protected":false},"featured_media":303,"comment_status":"closed","ping_status":"closed","template":"","meta":{"_acf_changed":false,"_glsr_average":0,"_glsr_ranking":0,"_glsr_reviews":0},"product_brand":[],"product_cat":[18,17,97],"product_tag":[56],"giftcard-category":[],"class_list":{"0":"post-232","1":"product","2":"type-product","3":"status-publish","4":"has-post-thumbnail","6":"product_cat-evangelisation_nachfolge","7":"product_cat-new-release","8":"product_cat-spanisch","9":"product_tag-spanish","11":"first","12":"instock","13":"taxable","14":"shipping-taxable","15":"purchasable","16":"product-type-simple"},"acf":[],"_links":{"self":[{"href":"https:\/\/eu.goodseed.com\/en\/wp-json\/wp\/v2\/product\/232","targetHints":{"allow":["GET"]}}],"collection":[{"href":"https:\/\/eu.goodseed.com\/en\/wp-json\/wp\/v2\/product"}],"about":[{"href":"https:\/\/eu.goodseed.com\/en\/wp-json\/wp\/v2\/types\/product"}],"replies":[{"embeddable":true,"href":"https:\/\/eu.goodseed.com\/en\/wp-json\/wp\/v2\/comments?post=232"}],"wp:featuredmedia":[{"embeddable":true,"href":"https:\/\/eu.goodseed.com\/en\/wp-json\/wp\/v2\/media\/303"}],"wp:attachment":[{"href":"https:\/\/eu.goodseed.com\/en\/wp-json\/wp\/v2\/media?parent=232"}],"wp:term":[{"taxonomy":"product_brand","embeddable":true,"href":"https:\/\/eu.goodseed.com\/en\/wp-json\/wp\/v2\/product_brand?post=232"},{"taxonomy":"product_cat","embeddable":true,"href":"https:\/\/eu.goodseed.com\/en\/wp-json\/wp\/v2\/product_cat?post=232"},{"taxonomy":"product_tag","embeddable":true,"href":"https:\/\/eu.goodseed.com\/en\/wp-json\/wp\/v2\/product_tag?post=232"},{"taxonomy":"giftcard-category","embeddable":true,"href":"https:\/\/eu.goodseed.com\/en\/wp-json\/wp\/v2\/giftcard-category?post=232"}],"curies":[{"name":"wp","href":"https:\/\/api.w.org\/{rel}","templated":true}]}}