{"id":1186,"date":"2025-05-07T02:45:57","date_gmt":"2025-05-07T02:45:57","guid":{"rendered":"https:\/\/eu.goodseed.com\/?post_type=product&#038;p=1186"},"modified":"2025-07-30T22:20:27","modified_gmt":"2025-07-30T22:20:27","slug":"rose-guide-tempel","status":"publish","type":"product","link":"https:\/\/eu.goodseed.com\/en\/product\/rose-guide-tempel\/","title":{"rendered":"Rose Guide to the Temple"},"content":{"rendered":"<p>By: Benjamin Galan<\/p>\n<div class=\"CBD-TextContent CBD-PD-SubSection CBD-PD-Description CBD-TextContent-SingleColumn -ResponsiveModule CBD-TextContent-2Column hide-section\" data-cbd-responsivebehavior=\"text\" data-cbd-textcontent-status=\"active\">\n<div class=\"CBD-TextContent-Text\">\n<div class=\"CBD-TextContent-Columns\">\n<div>\n<p>The Tabernacle was the place where the Israelites worshiped God after the Exodus. Learn how the sacrifices, utensils, and even the structure of the tabernacle were designed to show us something about God. See the parallels between the Old Testament sacrifices and priests' duties, and Jesus' service as the perfect sacrifice and perfect high priest in this useful resource.See how: the Tabernacle was built, the sacrifices pointed towards Jesus Christ, the design of the tent revealed God's holiness and humanity's need for God, and the Ark of the Covenant was at the center of worship. This book contains illustrations, charts, and diagrams not available elsewhere.<\/p>\n<p>Features:<\/p>\n<ul>\n<li>Clear plastic overlays to reveal internal details<\/li>\n<li>Beautiful illustrations of each section of the tabernacle: the Courtyard, Holy Place, and The Most Holy Place<\/li>\n<li>Includes explanations of the furnishings: the bronze altar, the laver, the golden lampstand, the altar of incense, the table of showbread, the ark of the covenant, and the mercy seat<\/li>\n<li>The sacrifices and the calendar of feasts and holy days<\/li>\n<li>The garments of the high priest, and much more<\/li>\n<li>Dozens of reproducible charts and time lines <strong>Rose Publishing Product Code: 673X<\/strong><\/li>\n<\/ul>\n<\/div>\n<p>&nbsp;<\/p>\n<\/div>\n<\/div>\n<\/div>\n<div class=\"CBD-SectionHeading CBD-SectionHeading-Level1 inactive\">\n<h2 class=\"CBD-SectionHeadingContent\">Product Information<\/h2>\n<p><strong>Publication Date:<\/strong>\u00a02008<br \/>\n<strong>ISBN:<\/strong>1596362766<br \/>\n<strong>ISBN-13:<\/strong>9781596362765<\/p>\n<p><strong>By:<\/strong>Benjamin Galan<br \/>\n<strong>Format:<\/strong>Spiral Bound<br \/>\n<strong>Number of Pages:<\/strong>128<br \/>\n<strong>Vendor:<\/strong>Rose Publishing<\/p>\n<\/div>","protected":false},"excerpt":{"rendered":"<p>By: Benjamin Galan Die Stiftsh\u00fctte war der Ort, an dem die Israeliten nach dem Exodus Gott anbeteten. Erfahren Sie, wie die Opfergaben, Ger\u00e4te und sogar die Struktur der Stiftsh\u00fctte uns etwas \u00fcber Gott verraten sollten. Entdecken Sie in diesem n\u00fctzlichen Werk die Parallelen zwischen den alttestamentlichen Opfern und den Pflichten der Priester und Jesu Dienst [&hellip;]<\/p>\n","protected":false},"featured_media":1187,"comment_status":"closed","ping_status":"closed","template":"","meta":{"_acf_changed":false,"_glsr_average":0,"_glsr_ranking":0,"_glsr_reviews":0},"product_brand":[113],"product_cat":[22],"product_tag":[],"giftcard-category":[],"class_list":{"0":"post-1186","1":"product","2":"type-product","3":"status-publish","4":"has-post-thumbnail","6":"product_brand-anschauungsmaterial","7":"product_cat-veranschaulichung","9":"first","10":"instock","11":"taxable","12":"shipping-taxable","13":"purchasable","14":"product-type-simple"},"acf":[],"_links":{"self":[{"href":"https:\/\/eu.goodseed.com\/en\/wp-json\/wp\/v2\/product\/1186","targetHints":{"allow":["GET"]}}],"collection":[{"href":"https:\/\/eu.goodseed.com\/en\/wp-json\/wp\/v2\/product"}],"about":[{"href":"https:\/\/eu.goodseed.com\/en\/wp-json\/wp\/v2\/types\/product"}],"replies":[{"embeddable":true,"href":"https:\/\/eu.goodseed.com\/en\/wp-json\/wp\/v2\/comments?post=1186"}],"wp:featuredmedia":[{"embeddable":true,"href":"https:\/\/eu.goodseed.com\/en\/wp-json\/wp\/v2\/media\/1187"}],"wp:attachment":[{"href":"https:\/\/eu.goodseed.com\/en\/wp-json\/wp\/v2\/media?parent=1186"}],"wp:term":[{"taxonomy":"product_brand","embeddable":true,"href":"https:\/\/eu.goodseed.com\/en\/wp-json\/wp\/v2\/product_brand?post=1186"},{"taxonomy":"product_cat","embeddable":true,"href":"https:\/\/eu.goodseed.com\/en\/wp-json\/wp\/v2\/product_cat?post=1186"},{"taxonomy":"product_tag","embeddable":true,"href":"https:\/\/eu.goodseed.com\/en\/wp-json\/wp\/v2\/product_tag?post=1186"},{"taxonomy":"giftcard-category","embeddable":true,"href":"https:\/\/eu.goodseed.com\/en\/wp-json\/wp\/v2\/giftcard-category?post=1186"}],"curies":[{"name":"wp","href":"https:\/\/api.w.org\/{rel}","templated":true}]}}