{"id":1679,"date":"2025-06-11T20:38:57","date_gmt":"2025-06-11T20:38:57","guid":{"rendered":"https:\/\/eu.goodseed.com\/?page_id=1679"},"modified":"2025-08-07T20:56:24","modified_gmt":"2025-08-07T20:56:24","slug":"impressum","status":"publish","type":"page","link":"https:\/\/eu.goodseed.com\/en\/impressum\/","title":{"rendered":"Imprint"},"content":{"rendered":"<div class=\"entry-content\">\n<p><b>CMV Hagedorn<\/b><br \/>\nrepresented by Georg Hagedorn<br \/>\nIm Huferfeld 10<br \/>\n40468 D\u00fcsseldorf<br \/>\nPhone: +49 (0) 211-429 98 56<\/p>\n<p><strong>E-Mail:<\/strong> info@cmv-duesseldorf.de<\/p>\n<p><strong>Managing Director:<\/strong> Georg Hagedorn<\/p>\n<p>Value added tax ID number: DE335506353<\/p>\n<p><strong>Bank details:<\/strong><\/p>\n<p>Georg Hagedorn<br \/>\nIBAN: DE60 3005 0110 0038 0161 50<br \/>\nBIC: DUSSDEDDXXX<\/p>\n<h3>Customer service<\/h3>\n<p>Write to us: info@cmv-duesseldorf.de<br \/>\nTelephone: +49 (0) 211-429 98 56 (working days Mon-Fri: 9:00 - 17:00)<\/p>\n<h3>Order service<\/h3>\n<p>For your written order: bestellung@cmv-duesseldorf.de<br \/>\nPhone: +49 (0) 211-429 98 56<\/p>\n<div class=\"woocommerce woocommerce-gzd woocommerce-gzd-complaints-shortcode\">\n<h3>Alternative dispute resolution in accordance with Art. 14 para. 1 ODR-VO and \u00a7 36 VSBG:<\/h3>\n<p>The European Commission provides a platform for online dispute resolution (OS), which you can access at <a href=\"https:\/\/ec.europa.eu\/consumers\/odr\" target=\"_blank\" rel=\"noopener\">https:\/\/ec.europa.eu\/consumers\/odr<\/a> find. We are not obliged or willing to participate in dispute resolution proceedings before a consumer arbitration board.<\/p>\n<\/div>\n<h3>Miscellaneous<\/h3>\n<p><b>The legal notice also applies to the following social media profiles<\/b><\/p>\n<ul>\n<li>Facebook<\/li>\n<li>Instagram<\/li>\n<li>YouTube<\/li>\n<\/ul>\n<p><b>Copyright:<\/b> GoodSeed International. All rights reserved.<br \/>\nReprints, inclusion in online services and the Internet and reproduction on data carriers are only permitted with the prior written consent of the publisher. GoodSeed is not liable for unsolicited manuscripts and photos.<\/p>\n<p>&nbsp;<\/p>\n<\/div>","protected":false},"excerpt":{"rendered":"<p>CMV Hagedorn vertreten durch Georg Hagedorn Im Huferfeld 10 40468 D\u00fcsseldorf Telefon: +49 (0) 211-429 98 56 E-Mail: info@cmv-duesseldorf.de Gesch\u00e4ftsf\u00fchrer: Georg Hagedorn Umsatzsteuer ID-Nummer: DE335506353 Bankverbindung: Georg Hagedorn IBAN: DE60 3005 0110 0038 0161 50 BIC: DUSSDEDDXXX Kundenservice Schreiben Sie uns: info@cmv-duesseldorf.de Telefon: +49 (0) 211-429 98 56 (Werktags Mo-Fr: 9:00 \u2013 17:00 Uhr) Bestellservice [&hellip;]<\/p>\n","protected":false},"author":3,"featured_media":0,"parent":0,"menu_order":0,"comment_status":"closed","ping_status":"closed","template":"","meta":{"_acf_changed":false,"_glsr_average":0,"_glsr_ranking":0,"_glsr_reviews":0,"footnotes":""},"class_list":["post-1679","page","type-page","status-publish","hentry"],"acf":[],"_links":{"self":[{"href":"https:\/\/eu.goodseed.com\/en\/wp-json\/wp\/v2\/pages\/1679","targetHints":{"allow":["GET"]}}],"collection":[{"href":"https:\/\/eu.goodseed.com\/en\/wp-json\/wp\/v2\/pages"}],"about":[{"href":"https:\/\/eu.goodseed.com\/en\/wp-json\/wp\/v2\/types\/page"}],"author":[{"embeddable":true,"href":"https:\/\/eu.goodseed.com\/en\/wp-json\/wp\/v2\/users\/3"}],"replies":[{"embeddable":true,"href":"https:\/\/eu.goodseed.com\/en\/wp-json\/wp\/v2\/comments?post=1679"}],"version-history":[{"count":3,"href":"https:\/\/eu.goodseed.com\/en\/wp-json\/wp\/v2\/pages\/1679\/revisions"}],"predecessor-version":[{"id":2067,"href":"https:\/\/eu.goodseed.com\/en\/wp-json\/wp\/v2\/pages\/1679\/revisions\/2067"}],"wp:attachment":[{"href":"https:\/\/eu.goodseed.com\/en\/wp-json\/wp\/v2\/media?parent=1679"}],"curies":[{"name":"wp","href":"https:\/\/api.w.org\/{rel}","templated":true}]}}